{"id":5809,"date":"2023-07-04T16:39:13","date_gmt":"2023-07-04T14:39:13","guid":{"rendered":"https:\/\/api-mobility.com\/unsere-partner\/gm-coachwork\/"},"modified":"2023-07-04T16:39:14","modified_gmt":"2023-07-04T14:39:14","slug":"gm-coachwork","status":"publish","type":"page","link":"https:\/\/api-mobility.com\/de\/unsere-partner\/gm-coachwork\/","title":{"rendered":"GM Coachwork"},"content":{"rendered":"\t\t<div data-elementor-type=\"wp-page\" data-elementor-id=\"5809\" class=\"elementor elementor-5809 elementor-5676\">\n\t\t\t\t\t\t\t<div class=\"elementor-element elementor-element-0764238 e-flex e-con-boxed e-con e-parent\" data-id=\"0764238\" data-element_type=\"container\" data-settings=\"{&quot;container_type&quot;:&quot;flex&quot;,&quot;content_width&quot;:&quot;boxed&quot;}\" data-core-v316-plus=\"true\">\n\t\t\t\t\t<div class=\"e-con-inner\">\n\t\t\t\t<div class=\"elementor-element elementor-element-69194ec elementor-widget elementor-widget-heading\" data-id=\"69194ec\" data-element_type=\"widget\" data-widget_type=\"heading.default\">\n\t\t\t\t<div class=\"elementor-widget-container\">\n\t\t\t<style>\/*! elementor - v3.18.0 - 08-12-2023 *\/\n.elementor-heading-title{padding:0;margin:0;line-height:1}.elementor-widget-heading .elementor-heading-title[class*=elementor-size-]>a{color:inherit;font-size:inherit;line-height:inherit}.elementor-widget-heading .elementor-heading-title.elementor-size-small{font-size:15px}.elementor-widget-heading .elementor-heading-title.elementor-size-medium{font-size:19px}.elementor-widget-heading .elementor-heading-title.elementor-size-large{font-size:29px}.elementor-widget-heading .elementor-heading-title.elementor-size-xl{font-size:39px}.elementor-widget-heading .elementor-heading-title.elementor-size-xxl{font-size:59px}<\/style><h1 class=\"elementor-heading-title elementor-size-default\">GM Coachwork<\/h1>\t\t<\/div>\n\t\t\t\t<\/div>\n\t\t\t\t<div class=\"elementor-element elementor-element-9c3c53e elementor-widget elementor-widget-heading\" data-id=\"9c3c53e\" data-element_type=\"widget\" data-widget_type=\"heading.default\">\n\t\t\t\t<div class=\"elementor-widget-container\">\n\t\t\t<h2 class=\"elementor-heading-title elementor-size-default\">Qualit\u00e4t aus Gro\u00dfbritannien<\/h2>\t\t<\/div>\n\t\t\t\t<\/div>\n\t\t\t\t<div class=\"elementor-element elementor-element-acca74b elementor-widget elementor-widget-text-editor\" data-id=\"acca74b\" data-element_type=\"widget\" data-widget_type=\"text-editor.default\">\n\t\t\t\t<div class=\"elementor-widget-container\">\n\t\t\t<style>\/*! elementor - v3.18.0 - 08-12-2023 *\/\n.elementor-widget-text-editor.elementor-drop-cap-view-stacked .elementor-drop-cap{background-color:#69727d;color:#fff}.elementor-widget-text-editor.elementor-drop-cap-view-framed .elementor-drop-cap{color:#69727d;border:3px solid;background-color:transparent}.elementor-widget-text-editor:not(.elementor-drop-cap-view-default) .elementor-drop-cap{margin-top:8px}.elementor-widget-text-editor:not(.elementor-drop-cap-view-default) .elementor-drop-cap-letter{width:1em;height:1em}.elementor-widget-text-editor .elementor-drop-cap{float:left;text-align:center;line-height:1;font-size:50px}.elementor-widget-text-editor .elementor-drop-cap-letter{display:inline-block}<\/style>\t\t\t\t<p>GM Coachwork kam bereits seit 1988 und das britische Unternehmen konzentrierte sich zun\u00e4chst auf den Umbau von Kleinbussen. Ab 1993 kamen die ersten Vans hinzu, begonnen mit dem Fiat Fiorino. 20 Jahre nach der Firmengr\u00fcndung wurde der erste Niederflur-Umbau designt und in einem VW Caravelle realisiert. Diese Niederflur-Umbauten wurden im Laufe der Jahre auf viele weitere Fahrzeugtypen erweitert. Heute z\u00e4hlt GM Coachwork zu einem der f\u00fchrenden Fahrzeug-Umr\u00fcster in Gro\u00dfbritannien.    <\/p>\n<p>Profitieren Sie von unserer Erfahrung und dem breiten Know-how, das wir uns als zertifizierte Vertragsh\u00e4ndler mit den Produkten von GM Coachwork angeeignet haben. Gern beraten wir Sie. <\/p>\n<p>Besonders gute Erfahrungen haben wir mit den von GM umgebauten Fahrzeugen VW Caravelle SE Colorado und dem Ford Custom Colorado gemacht. Daher stellen wir diesen beiden Produkte etwas n\u00e4her vor. <\/p>\n\t\t\t\t\t\t<\/div>\n\t\t\t\t<\/div>\n\t\t\t\t\t<\/div>\n\t\t\t\t<\/div>\n\t\t<div class=\"elementor-element elementor-element-fc0c291 e-grid e-con-boxed e-con e-parent\" data-id=\"fc0c291\" data-element_type=\"container\" data-settings=\"{&quot;container_type&quot;:&quot;grid&quot;,&quot;grid_columns_grid&quot;:{&quot;unit&quot;:&quot;fr&quot;,&quot;size&quot;:2,&quot;sizes&quot;:[]},&quot;grid_rows_grid&quot;:{&quot;unit&quot;:&quot;fr&quot;,&quot;size&quot;:1,&quot;sizes&quot;:[]},&quot;content_width&quot;:&quot;boxed&quot;,&quot;grid_outline&quot;:&quot;yes&quot;,&quot;grid_columns_grid_tablet&quot;:{&quot;unit&quot;:&quot;fr&quot;,&quot;size&quot;:&quot;&quot;,&quot;sizes&quot;:[]},&quot;grid_columns_grid_mobile&quot;:{&quot;unit&quot;:&quot;fr&quot;,&quot;size&quot;:1,&quot;sizes&quot;:[]},&quot;grid_rows_grid_tablet&quot;:{&quot;unit&quot;:&quot;fr&quot;,&quot;size&quot;:&quot;&quot;,&quot;sizes&quot;:[]},&quot;grid_rows_grid_mobile&quot;:{&quot;unit&quot;:&quot;fr&quot;,&quot;size&quot;:&quot;&quot;,&quot;sizes&quot;:[]},&quot;grid_auto_flow&quot;:&quot;row&quot;,&quot;grid_auto_flow_tablet&quot;:&quot;row&quot;,&quot;grid_auto_flow_mobile&quot;:&quot;row&quot;}\" data-core-v316-plus=\"true\">\n\t\t\t\t\t<div class=\"e-con-inner\">\n\t\t\t\t<div class=\"elementor-element elementor-element-a2433cd elementor-widget elementor-widget-uael-infobox\" data-id=\"a2433cd\" data-element_type=\"widget\" data-widget_type=\"uael-infobox.default\">\n\t\t\t\t<div class=\"elementor-widget-container\">\n\t\t\t\n<div class=\"uael-module-content uael-infobox uael-imgicon-style-normal  uael-infobox-center  infobox-has-photo uael-infobox-photo-above-title  uael-infobox-link-type-module\">\n\t<div class=\"uael-infobox-left-right-wrap\">\n\t\t\t\t\t<a href=\"https:\/\/www.gmmobility.co.uk\/private-purchase\/vw-caravelle-se-colorado-wheelchair-access-vehicle\" target=\"_blank\" class=\"uael-infobox-module-link\"><\/a>  \n\t\t\t\t\t\t\t<div class=\"uael-infobox-content\">\n\t\t\t\t\t\t\t<div class=\"uael-module-content uael-imgicon-wrap \">\t\t\t\t\t\t\t\t\t\t\t\n\t\t\t\t\t\t\t\t\t\t\t\t\t\t\t\t<div class=\"uael-image\" itemscope itemtype=\"http:\/\/schema.org\/ImageObject\">\n\t\t\t\t\t\t\t<div class=\"uael-image-content elementor-animation- \">\n\t\t\t\t\t\t\t\t<img fetchpriority=\"high\" decoding=\"async\" width=\"1200\" height=\"760\" src=\"https:\/\/api-mobility.com\/wp-content\/uploads\/gm_vw.jpg\" class=\"attachment-full size-full wp-image-3265\" alt=\"\" srcset=\"https:\/\/api-mobility.com\/wp-content\/uploads\/gm_vw.jpg 1200w, https:\/\/api-mobility.com\/wp-content\/uploads\/gm_vw-300x190.jpg 300w, https:\/\/api-mobility.com\/wp-content\/uploads\/gm_vw-1024x649.jpg 1024w, https:\/\/api-mobility.com\/wp-content\/uploads\/gm_vw-768x486.jpg 768w\" sizes=\"(max-width: 1200px) 100vw, 1200px\" \/>\t\t\t\t\t\t\t<\/div>\n\t\t\t\t\t\t<\/div>\n\n\t\t\t\t\t\t\t\t\t<\/div>\n\t\t\t\t\t\t\t<div class='uael-infobox-title-wrap'><h3 class=\"uael-infobox-title elementor-inline-editing\" data-elementor-setting-key=\"infobox_title\" data-elementor-inline-editing-toolbar=\"basic\" >VW CARAVELLE SE COLORADO<\/h3><\/div>\t\t\t\t\t\t\t\t\t<div class=\"uael-infobox-text-wrap\">\n\t\t\t\t<div class=\"uael-infobox-text elementor-inline-editing\" data-elementor-setting-key=\"infobox_description\" data-elementor-inline-editing-toolbar=\"advanced\">\n\t\t\t\t\ter Colorado besticht vor allem durch seine gro\u00dfz\u00fcgige Kopffreiheit sowohl beim Einstieg als auch w\u00e4hrend der Fahrt. Das Fahrzeug ist geeignet f\u00fcr Selbstfahrer im Rollstuhl und f\u00fcr Beifahrer im Rollstuhl. Durch die flexiblen Umbaum\u00f6glichkeiten im Innenraum ist ein Fahrerwechsel jederzeit problemlos m\u00f6glich. Selbst zwei Rollstuhlfahrer k\u00f6nnen mitfahren.   \t\t\t\t<\/div>\n\t\t\t\t\t\n\t\t\t\t\t\t\t<\/div>\n\t\t<\/div>\n\t\t\t<\/div>\n<\/div>\n\t\t<\/div>\n\t\t\t\t<\/div>\n\t\t\t\t<div class=\"elementor-element elementor-element-818f27b elementor-widget elementor-widget-uael-infobox\" data-id=\"818f27b\" data-element_type=\"widget\" data-widget_type=\"uael-infobox.default\">\n\t\t\t\t<div class=\"elementor-widget-container\">\n\t\t\t\n<div class=\"uael-module-content uael-infobox uael-imgicon-style-normal  uael-infobox-center  infobox-has-photo uael-infobox-photo-above-title  uael-infobox-link-type-module\">\n\t<div class=\"uael-infobox-left-right-wrap\">\n\t\t\t\t\t<a href=\"https:\/\/www.gmmobility.co.uk\/motability\/ford-custom-colorado\" target=\"_blank\" class=\"uael-infobox-module-link\"><\/a>  \n\t\t\t\t\t\t\t<div class=\"uael-infobox-content\">\n\t\t\t\t\t\t\t<div class=\"uael-module-content uael-imgicon-wrap \">\t\t\t\t\t\t\t\t\t\t\t\n\t\t\t\t\t\t\t\t\t\t\t\t\t\t\t\t<div class=\"uael-image\" itemscope itemtype=\"http:\/\/schema.org\/ImageObject\">\n\t\t\t\t\t\t\t<div class=\"uael-image-content elementor-animation- \">\n\t\t\t\t\t\t\t\t<img decoding=\"async\" width=\"1200\" height=\"760\" src=\"https:\/\/api-mobility.com\/wp-content\/uploads\/gm_ford.jpg\" class=\"attachment-full size-full wp-image-3261\" alt=\"\" srcset=\"https:\/\/api-mobility.com\/wp-content\/uploads\/gm_ford.jpg 1200w, https:\/\/api-mobility.com\/wp-content\/uploads\/gm_ford-300x190.jpg 300w, https:\/\/api-mobility.com\/wp-content\/uploads\/gm_ford-1024x649.jpg 1024w, https:\/\/api-mobility.com\/wp-content\/uploads\/gm_ford-768x486.jpg 768w\" sizes=\"(max-width: 1200px) 100vw, 1200px\" \/>\t\t\t\t\t\t\t<\/div>\n\t\t\t\t\t\t<\/div>\n\n\t\t\t\t\t\t\t\t\t<\/div>\n\t\t\t\t\t\t\t<div class='uael-infobox-title-wrap'><h3 class=\"uael-infobox-title elementor-inline-editing\" data-elementor-setting-key=\"infobox_title\" data-elementor-inline-editing-toolbar=\"basic\" >Ford CUSTOM COLORADO<\/h3><\/div>\t\t\t\t\t\t\t\t\t<div class=\"uael-infobox-text-wrap\">\n\t\t\t\t<div class=\"uael-infobox-text elementor-inline-editing\" data-elementor-setting-key=\"infobox_description\" data-elementor-inline-editing-toolbar=\"advanced\">\n\t\t\t\t\tDer Umbau in diesem Van bietet einen \u00fcber die gesamte Breite ebenen Boden und einen Unterflur-Lift, der speziell auf die Bed\u00fcrfnisse von Rollstuhlfahrern zugeschnitten ist. Basis ist der Ford Tourneo Custom Titanium. Das Fahrzeug verf\u00fcgt \u00fcber eine umfangreiche Ausstattung, zu der beispielsweise Klimaanlage vorn und hinten, Tempomat und ein 8-Zoll-Touchscreen-System geh\u00f6ren. \t\t\t\t<\/div>\n\t\t\t\t\t\n\t\t\t\t\t\t\t<\/div>\n\t\t<\/div>\n\t\t\t<\/div>\n<\/div>\n\t\t<\/div>\n\t\t\t\t<\/div>\n\t\t\t\t\t<\/div>\n\t\t\t\t<\/div>\n\t\t<div class=\"elementor-element elementor-element-173ee98 e-flex e-con-boxed elementor-invisible e-con e-parent\" data-id=\"173ee98\" data-element_type=\"container\" data-settings=\"{&quot;background_background&quot;:&quot;classic&quot;,&quot;animation&quot;:&quot;zoomIn&quot;,&quot;container_type&quot;:&quot;flex&quot;,&quot;content_width&quot;:&quot;boxed&quot;}\" data-core-v316-plus=\"true\">\n\t\t\t\t\t<div class=\"e-con-inner\">\n\t\t\t\t<div class=\"elementor-element elementor-element-d380410 elementor-widget elementor-widget-heading\" data-id=\"d380410\" data-element_type=\"widget\" data-widget_type=\"heading.default\">\n\t\t\t\t<div class=\"elementor-widget-container\">\n\t\t\t<h2 class=\"elementor-heading-title elementor-size-default\">Lernen Sie alle unsere Partnerunternehmen kennen!<\/h2>\t\t<\/div>\n\t\t\t\t<\/div>\n\t\t\t\t<div class=\"elementor-element elementor-element-8036fa8 elementor-align-center elementor-widget elementor-widget-button\" data-id=\"8036fa8\" data-element_type=\"widget\" data-widget_type=\"button.default\">\n\t\t\t\t<div class=\"elementor-widget-container\">\n\t\t\t\t\t<div class=\"elementor-button-wrapper\">\n\t\t\t<a class=\"elementor-button elementor-button-link elementor-size-sm\" href=\"https:\/\/api-mobility.com\/de\/unsere-partner\/\">\n\t\t\t\t\t\t<span class=\"elementor-button-content-wrapper\">\n\t\t\t\t\t\t<span class=\"elementor-button-text\">UNSERE PARTNER<\/span>\n\t\t<\/span>\n\t\t\t\t\t<\/a>\n\t\t<\/div>\n\t\t\t\t<\/div>\n\t\t\t\t<\/div>\n\t\t\t\t\t<\/div>\n\t\t\t\t<\/div>\n\t\t\t\t\t\t\t<\/div>\n\t\t","protected":false},"excerpt":{"rendered":"<p>GM Coachwork Qualit\u00e4t aus Gro\u00dfbritannien GM Coachwork kam bereits seit 1988 und das britische Unternehmen konzentrierte sich zun\u00e4chst auf den Umbau von Kleinbussen. Ab 1993 kamen die ersten Vans hinzu, begonnen mit dem Fiat Fiorino. 20 Jahre nach der Firmengr\u00fcndung wurde der erste Niederflur-Umbau designt und in einem VW Caravelle realisiert. Diese Niederflur-Umbauten wurden im &hellip;<\/p>\n<p class=\"read-more\"> <a class=\"\" href=\"https:\/\/api-mobility.com\/de\/unsere-partner\/gm-coachwork\/\"> <span class=\"screen-reader-text\">GM Coachwork<\/span> Read More \u00bb<\/a><\/p>\n","protected":false},"author":1,"featured_media":0,"parent":5803,"menu_order":0,"comment_status":"closed","ping_status":"closed","template":"","meta":{"inline_featured_image":false,"site-sidebar-layout":"no-sidebar","site-content-layout":"page-builder","ast-site-content-layout":"","site-content-style":"default","site-sidebar-style":"default","ast-global-header-display":"","ast-banner-title-visibility":"","ast-main-header-display":"","ast-hfb-above-header-display":"","ast-hfb-below-header-display":"","ast-hfb-mobile-header-display":"","site-post-title":"disabled","ast-breadcrumbs-content":"","ast-featured-img":"disabled","footer-sml-layout":"","theme-transparent-header-meta":"","adv-header-id-meta":"","stick-header-meta":"","header-above-stick-meta":"","header-main-stick-meta":"","header-below-stick-meta":"","astra-migrate-meta-layouts":"default","ast-page-background-enabled":"default","ast-page-background-meta":{"desktop":{"background-color":"var(--ast-global-color-4)","background-image":"","background-repeat":"repeat","background-position":"center center","background-size":"auto","background-attachment":"scroll","background-type":"","background-media":"","overlay-type":"","overlay-color":"","overlay-gradient":""},"tablet":{"background-color":"","background-image":"","background-repeat":"repeat","background-position":"center center","background-size":"auto","background-attachment":"scroll","background-type":"","background-media":"","overlay-type":"","overlay-color":"","overlay-gradient":""},"mobile":{"background-color":"","background-image":"","background-repeat":"repeat","background-position":"center center","background-size":"auto","background-attachment":"scroll","background-type":"","background-media":"","overlay-type":"","overlay-color":"","overlay-gradient":""}},"ast-content-background-meta":{"desktop":{"background-color":"var(--ast-global-color-5)","background-image":"","background-repeat":"repeat","background-position":"center center","background-size":"auto","background-attachment":"scroll","background-type":"","background-media":"","overlay-type":"","overlay-color":"","overlay-gradient":""},"tablet":{"background-color":"var(--ast-global-color-5)","background-image":"","background-repeat":"repeat","background-position":"center center","background-size":"auto","background-attachment":"scroll","background-type":"","background-media":"","overlay-type":"","overlay-color":"","overlay-gradient":""},"mobile":{"background-color":"var(--ast-global-color-5)","background-image":"","background-repeat":"repeat","background-position":"center center","background-size":"auto","background-attachment":"scroll","background-type":"","background-media":"","overlay-type":"","overlay-color":"","overlay-gradient":""}},"footnotes":""},"yoast_head":"<!-- This site is optimized with the Yoast SEO plugin v21.7 - https:\/\/yoast.com\/wordpress\/plugins\/seo\/ -->\n<title>GM Coachwork |<\/title>\n<meta name=\"robots\" content=\"index, follow, max-snippet:-1, max-image-preview:large, max-video-preview:-1\" \/>\n<link rel=\"canonical\" href=\"https:\/\/api-mobility.com\/our-partners\/gm-coachwork\/\" \/>\n<meta property=\"og:locale\" content=\"de_DE\" \/>\n<meta property=\"og:type\" content=\"article\" \/>\n<meta property=\"og:title\" content=\"GM Coachwork |\" \/>\n<meta property=\"og:description\" content=\"GM Coachwork Qualit\u00e4t aus Gro\u00dfbritannien GM Coachwork kam bereits seit 1988 und das britische Unternehmen konzentrierte sich zun\u00e4chst auf den Umbau von Kleinbussen. Ab 1993 kamen die ersten Vans hinzu, begonnen mit dem Fiat Fiorino. 20 Jahre nach der Firmengr\u00fcndung wurde der erste Niederflur-Umbau designt und in einem VW Caravelle realisiert. Diese Niederflur-Umbauten wurden im &hellip; GM Coachwork Read More \u00bb\" \/>\n<meta property=\"og:url\" content=\"https:\/\/api-mobility.com\/our-partners\/gm-coachwork\/\" \/>\n<meta property=\"article:modified_time\" content=\"2023-07-04T14:39:14+00:00\" \/>\n<meta property=\"og:image\" content=\"https:\/\/api-mobility.com\/wp-content\/uploads\/gm_vw.jpg\" \/>\n<meta name=\"twitter:card\" content=\"summary_large_image\" \/>\n<meta name=\"twitter:label1\" content=\"Gesch\u00e4tzte Lesezeit\" \/>\n\t<meta name=\"twitter:data1\" content=\"1\u00a0Minute\" \/>\n<script type=\"application\/ld+json\" class=\"yoast-schema-graph\">{\"@context\":\"https:\/\/schema.org\",\"@graph\":[{\"@type\":\"WebPage\",\"@id\":\"https:\/\/api-mobility.com\/our-partners\/gm-coachwork\/\",\"url\":\"https:\/\/api-mobility.com\/our-partners\/gm-coachwork\/\",\"name\":\"GM Coachwork |\",\"isPartOf\":{\"@id\":\"https:\/\/api-mobility.com\/#website\"},\"datePublished\":\"2023-07-04T14:39:13+00:00\",\"dateModified\":\"2023-07-04T14:39:14+00:00\",\"breadcrumb\":{\"@id\":\"https:\/\/api-mobility.com\/our-partners\/gm-coachwork\/#breadcrumb\"},\"inLanguage\":\"de\",\"potentialAction\":[{\"@type\":\"ReadAction\",\"target\":[\"https:\/\/api-mobility.com\/our-partners\/gm-coachwork\/\"]}]},{\"@type\":\"BreadcrumbList\",\"@id\":\"https:\/\/api-mobility.com\/our-partners\/gm-coachwork\/#breadcrumb\",\"itemListElement\":[{\"@type\":\"ListItem\",\"position\":1,\"name\":\"Startseite\",\"item\":\"https:\/\/api-mobility.com\/de\/\"},{\"@type\":\"ListItem\",\"position\":2,\"name\":\"Unsere Partner\",\"item\":\"https:\/\/api-mobility.com\/our-partners\/\"},{\"@type\":\"ListItem\",\"position\":3,\"name\":\"GM Coachwork\"}]},{\"@type\":\"WebSite\",\"@id\":\"https:\/\/api-mobility.com\/#website\",\"url\":\"https:\/\/api-mobility.com\/\",\"name\":\"API Mobility\",\"description\":\"Conversions Without Limits\",\"publisher\":{\"@id\":\"https:\/\/api-mobility.com\/#organization\"},\"alternateName\":\"API Mobility\",\"potentialAction\":[{\"@type\":\"SearchAction\",\"target\":{\"@type\":\"EntryPoint\",\"urlTemplate\":\"https:\/\/api-mobility.com\/?s={search_term_string}\"},\"query-input\":\"required name=search_term_string\"}],\"inLanguage\":\"de\"},{\"@type\":\"Organization\",\"@id\":\"https:\/\/api-mobility.com\/#organization\",\"name\":\"API\",\"url\":\"https:\/\/api-mobility.com\/\",\"logo\":{\"@type\":\"ImageObject\",\"inLanguage\":\"de\",\"@id\":\"https:\/\/api-mobility.com\/#\/schema\/logo\/image\/\",\"url\":\"https:\/\/api-mobility.com\/wp-content\/uploads\/2020\/10\/api-logo.png\",\"contentUrl\":\"https:\/\/api-mobility.com\/wp-content\/uploads\/2020\/10\/api-logo.png\",\"width\":418,\"height\":610,\"caption\":\"API\"},\"image\":{\"@id\":\"https:\/\/api-mobility.com\/#\/schema\/logo\/image\/\"}}]}<\/script>\n<!-- \/ Yoast SEO plugin. -->","yoast_head_json":{"title":"GM Coachwork |","robots":{"index":"index","follow":"follow","max-snippet":"max-snippet:-1","max-image-preview":"max-image-preview:large","max-video-preview":"max-video-preview:-1"},"canonical":"https:\/\/api-mobility.com\/our-partners\/gm-coachwork\/","og_locale":"de_DE","og_type":"article","og_title":"GM Coachwork |","og_description":"GM Coachwork Qualit\u00e4t aus Gro\u00dfbritannien GM Coachwork kam bereits seit 1988 und das britische Unternehmen konzentrierte sich zun\u00e4chst auf den Umbau von Kleinbussen. Ab 1993 kamen die ersten Vans hinzu, begonnen mit dem Fiat Fiorino. 20 Jahre nach der Firmengr\u00fcndung wurde der erste Niederflur-Umbau designt und in einem VW Caravelle realisiert. Diese Niederflur-Umbauten wurden im &hellip; GM Coachwork Read More \u00bb","og_url":"https:\/\/api-mobility.com\/our-partners\/gm-coachwork\/","article_modified_time":"2023-07-04T14:39:14+00:00","og_image":[{"url":"https:\/\/api-mobility.com\/wp-content\/uploads\/gm_vw.jpg"}],"twitter_card":"summary_large_image","twitter_misc":{"Gesch\u00e4tzte Lesezeit":"1\u00a0Minute"},"schema":{"@context":"https:\/\/schema.org","@graph":[{"@type":"WebPage","@id":"https:\/\/api-mobility.com\/our-partners\/gm-coachwork\/","url":"https:\/\/api-mobility.com\/our-partners\/gm-coachwork\/","name":"GM Coachwork |","isPartOf":{"@id":"https:\/\/api-mobility.com\/#website"},"datePublished":"2023-07-04T14:39:13+00:00","dateModified":"2023-07-04T14:39:14+00:00","breadcrumb":{"@id":"https:\/\/api-mobility.com\/our-partners\/gm-coachwork\/#breadcrumb"},"inLanguage":"de","potentialAction":[{"@type":"ReadAction","target":["https:\/\/api-mobility.com\/our-partners\/gm-coachwork\/"]}]},{"@type":"BreadcrumbList","@id":"https:\/\/api-mobility.com\/our-partners\/gm-coachwork\/#breadcrumb","itemListElement":[{"@type":"ListItem","position":1,"name":"Startseite","item":"https:\/\/api-mobility.com\/de\/"},{"@type":"ListItem","position":2,"name":"Unsere Partner","item":"https:\/\/api-mobility.com\/our-partners\/"},{"@type":"ListItem","position":3,"name":"GM Coachwork"}]},{"@type":"WebSite","@id":"https:\/\/api-mobility.com\/#website","url":"https:\/\/api-mobility.com\/","name":"API Mobility","description":"Conversions Without Limits","publisher":{"@id":"https:\/\/api-mobility.com\/#organization"},"alternateName":"API Mobility","potentialAction":[{"@type":"SearchAction","target":{"@type":"EntryPoint","urlTemplate":"https:\/\/api-mobility.com\/?s={search_term_string}"},"query-input":"required name=search_term_string"}],"inLanguage":"de"},{"@type":"Organization","@id":"https:\/\/api-mobility.com\/#organization","name":"API","url":"https:\/\/api-mobility.com\/","logo":{"@type":"ImageObject","inLanguage":"de","@id":"https:\/\/api-mobility.com\/#\/schema\/logo\/image\/","url":"https:\/\/api-mobility.com\/wp-content\/uploads\/2020\/10\/api-logo.png","contentUrl":"https:\/\/api-mobility.com\/wp-content\/uploads\/2020\/10\/api-logo.png","width":418,"height":610,"caption":"API"},"image":{"@id":"https:\/\/api-mobility.com\/#\/schema\/logo\/image\/"}}]}},"_links":{"self":[{"href":"https:\/\/api-mobility.com\/de\/wp-json\/wp\/v2\/pages\/5809"}],"collection":[{"href":"https:\/\/api-mobility.com\/de\/wp-json\/wp\/v2\/pages"}],"about":[{"href":"https:\/\/api-mobility.com\/de\/wp-json\/wp\/v2\/types\/page"}],"author":[{"embeddable":true,"href":"https:\/\/api-mobility.com\/de\/wp-json\/wp\/v2\/users\/1"}],"replies":[{"embeddable":true,"href":"https:\/\/api-mobility.com\/de\/wp-json\/wp\/v2\/comments?post=5809"}],"version-history":[{"count":1,"href":"https:\/\/api-mobility.com\/de\/wp-json\/wp\/v2\/pages\/5809\/revisions"}],"predecessor-version":[{"id":5810,"href":"https:\/\/api-mobility.com\/de\/wp-json\/wp\/v2\/pages\/5809\/revisions\/5810"}],"up":[{"embeddable":true,"href":"https:\/\/api-mobility.com\/de\/wp-json\/wp\/v2\/pages\/5803"}],"wp:attachment":[{"href":"https:\/\/api-mobility.com\/de\/wp-json\/wp\/v2\/media?parent=5809"}],"curies":[{"name":"wp","href":"https:\/\/api.w.org\/{rel}","templated":true}]}}