{"id":5801,"date":"2023-07-04T16:31:05","date_gmt":"2023-07-04T14:31:05","guid":{"rendered":"https:\/\/api-mobility.com\/impressum\/"},"modified":"2023-07-04T16:31:06","modified_gmt":"2023-07-04T14:31:06","slug":"impressum","status":"publish","type":"page","link":"https:\/\/api-mobility.com\/de\/impressum\/","title":{"rendered":"IMPRESSUM"},"content":{"rendered":"\t\t<div data-elementor-type=\"wp-page\" data-elementor-id=\"5801\" class=\"elementor elementor-5801 elementor-5740\">\n\t\t\t\t\t\t\t<div class=\"elementor-element elementor-element-714ec3e e-flex e-con-boxed e-con e-parent\" data-id=\"714ec3e\" data-element_type=\"container\" data-settings=\"{&quot;container_type&quot;:&quot;flex&quot;,&quot;content_width&quot;:&quot;boxed&quot;}\" data-core-v316-plus=\"true\">\n\t\t\t\t\t<div class=\"e-con-inner\">\n\t\t\t\t<div class=\"elementor-element elementor-element-b36767e elementor-widget elementor-widget-heading\" data-id=\"b36767e\" data-element_type=\"widget\" data-widget_type=\"heading.default\">\n\t\t\t\t<div class=\"elementor-widget-container\">\n\t\t\t<style>\/*! elementor - v3.18.0 - 08-12-2023 *\/\n.elementor-heading-title{padding:0;margin:0;line-height:1}.elementor-widget-heading .elementor-heading-title[class*=elementor-size-]>a{color:inherit;font-size:inherit;line-height:inherit}.elementor-widget-heading .elementor-heading-title.elementor-size-small{font-size:15px}.elementor-widget-heading .elementor-heading-title.elementor-size-medium{font-size:19px}.elementor-widget-heading .elementor-heading-title.elementor-size-large{font-size:29px}.elementor-widget-heading .elementor-heading-title.elementor-size-xl{font-size:39px}.elementor-widget-heading .elementor-heading-title.elementor-size-xxl{font-size:59px}<\/style><h1 class=\"elementor-heading-title elementor-size-default\">IMPRESSUM<\/h1>\t\t<\/div>\n\t\t\t\t<\/div>\n\t\t\t\t<div class=\"elementor-element elementor-element-1f090f7 elementor-widget elementor-widget-text-editor\" data-id=\"1f090f7\" data-element_type=\"widget\" data-widget_type=\"text-editor.default\">\n\t\t\t\t<div class=\"elementor-widget-container\">\n\t\t\t<style>\/*! elementor - v3.18.0 - 08-12-2023 *\/\n.elementor-widget-text-editor.elementor-drop-cap-view-stacked .elementor-drop-cap{background-color:#69727d;color:#fff}.elementor-widget-text-editor.elementor-drop-cap-view-framed .elementor-drop-cap{color:#69727d;border:3px solid;background-color:transparent}.elementor-widget-text-editor:not(.elementor-drop-cap-view-default) .elementor-drop-cap{margin-top:8px}.elementor-widget-text-editor:not(.elementor-drop-cap-view-default) .elementor-drop-cap-letter{width:1em;height:1em}.elementor-widget-text-editor .elementor-drop-cap{float:left;text-align:center;line-height:1;font-size:50px}.elementor-widget-text-editor .elementor-drop-cap-letter{display:inline-block}<\/style>\t\t\t\t<p>Herausgeber und Inhaltlich Verantwortlicher gem\u00e4\u00df \u00a7 6 MDStV.:<\/p>\n<p>API DE GmbH<br \/>Karl-Marx-Stra\u00dfe 22-24<br \/>12529 Sch\u00f6nefeld OT Gro\u00dfziethen<\/p>\n<p>Telefon +49(0)3379 \u2013 31 062 74<br \/>Fax +49(0)3379 \u2013 32 182 48<br \/>Email: contact@apicz.com<\/p>\n<p>Handelsregister: Cottbus HRB 13355 C<\/p>\n<p>Gesch\u00e4ftsf\u00fchrer: Stephan Schwartz<\/p>\n<p>Markenkommunikation &amp; Webseitenentwicklung:<br \/>stilbrand DESIGNWERKSTATT \u00b7 Berlin<\/p>\n<h2>URHEBERRECHT<\/h2>\n<p>Die durch die Seitenbetreiber erstellten Inhalte und Werke auf diesen Seiten unterliegen dem deutschen Urheberrecht. Beitr\u00e4ge Dritter sind als solche gekennzeichnet. Die Vervielf\u00e4ltigung, Bearbeitung, Verbreitung und jede Art der Verwertung au\u00dferhalb der Grenzen des Urheberrechtes bed\u00fcrfen der schriftlichen Zustimmung des jeweiligen Autors bzw. Erstellers. Downloads und Kopien dieser Seite sind nur f\u00fcr den privaten, nicht kommerziellen Gebrauch gestattet. Die Betreiber der Seiten sind bem\u00fcht, stets die Urheberrechte anderer zu beachten bzw. auf selbst erstellte sowie lizenzfreie Werke zur\u00fcckzugreifen.    <\/p>\n<h2>SCHUTZRECHTSVERLETZUNG<\/h2>\n<p>Falls Sie vermuten, dass von dieser Website aus eines Ihrer Schutzrechte verletzt wird, teilen Sie uns das bitte umgehend per E-Mail mit, damit entsprechende Abhilfe geschaffen werden kann.<\/p>\n<h2>DATENSCHUTZERKL\u00c4RUNG<\/h2>\n<p>Als Betreiber von apide.de nehmen wir den Schutz Ihrer pers\u00f6nlichen Daten sehr ernst und halten uns an die Regeln der Datenschutzgesetze. Die nachfolgende Erkl\u00e4rung gibt Ihnen einen \u00dcberblick dar\u00fcber, welche Art von Daten zu welchem Zweck erhoben werden und in welchem Umfang diese Daten Dritten zug\u00e4nglich gemacht werden. <\/p>\n<p><strong>Datenverarbeitung<\/strong><\/p>\n<p>In den Serverstatistiken (z. B. den Server-Logfiles) werden Daten gespeichert, die Ihr Browser automatisch \u00fcbermittelt. Dies sind: Das sind:<\/p>\n<ul>\n<li>Browsertyp und -version<\/li>\n<li>verwendetes Betriebssystem<\/li>\n<li>Referrer-URL (die zuvor besuchte Seite)<\/li>\n<li>Hostname des zugreifenden Rechners (IP-Adresse)<\/li>\n<li>Uhrzeit der Serveranfrage<\/li>\n<\/ul>\n<p>Es ist f\u00fcr uns nicht m\u00f6glich, diese Daten bestimmten Personen zuzuordnen. Auch eine Zusammenf\u00fchrung dieser Daten mit anderen Datenquellen wird von uns nicht vorgenommen. <\/p>\n<h2>E-MAILS<\/h2>\n<p>Selbstverst\u00e4ndlich erfassen und speichern wir solche Informationen, die Sie auf apide.de eingeben oder uns in sonstiger Weise \u00fcbermitteln. Das betrifft etwa Namen, E-Mail-Adressen und URLs, die Sie in die entsprechenden Kontaktformulare eintragen. Diese Angaben geschehen freiwillig und werden in keiner Weise \u00fcberpr\u00fcft. Daten werden auch erfasst und gespeichert, wenn Sie E-Mails an uns senden.   <\/p>\n<h2>AUSKUNFTSRECHT<\/h2>\n<p>Sollten weitere Fragen zum Thema Datensicherheit bestehen, k\u00f6nnen diese gerne unter contact@apicz.com an uns gestellt werden.<\/p>\n<h2>DATENSCHUTZERKL\u00c4RUNG F\u00dcR DIE NUTZUNG VON GOOGLE ANALYTICS<\/h2>\n<p>Diese Website benutzt Google Analytics, einen Webanalysedienst der Google Inc. (\u201cGoogle\u201d). Google Analytics verwendet sog. \u201cCookies\u201d, Textdateien, die auf Ihrem Computer gespeichert werden und die eine Analyse der Benutzung der Website durch Sie erm\u00f6glichen. Die durch den Cookie erzeugten Informationen \u00fcber Ihre Benutzung dieser Website werden in der Regel an einen Server von Google in den USA \u00fcbertragen und dort gespeichert. Im Falle der Aktivierung der IP-Anonymisierung auf dieser Webseite wird Ihre IP-Adresse von Google jedoch innerhalb von Mitgliedstaaten der Europ\u00e4ischen Union oder in anderen Vertragsstaaten des Abkommens \u00fcber den Europ\u00e4ischen Wirtschaftsraum zuvor gek\u00fcrzt.   <\/p>\n<p>Nur in Ausnahmef\u00e4llen wird die volle IP-Adresse an einen Server von Google in den USA \u00fcbertragen und dort gek\u00fcrzt. Im Auftrag des Betreibers dieser Website wird Google diese Informationen benutzen, um Ihre Nutzung der Website auszuwerten, um Reports \u00fcber die Websiteaktivit\u00e4ten zusammenzustellen und um weitere mit der Websitenutzung und der Internetnutzung verbundene Dienstleistungen gegen\u00fcber dem Websitebetreiber zu erbringen. Die im Rahmen von Google Analytics von Ihrem Browser \u00fcbermittelte IP-Adresse wird nicht mit anderen Daten von Google zusammengef\u00fchrt.  <\/p>\n<p>Sie k\u00f6nnen die Speicherung der Cookies durch eine entsprechende Einstellung Ihrer Browser-Software verhindern; wir weisen Sie jedoch darauf hin, dass Sie in diesem Fall gegebenenfalls nicht s\u00e4mtliche Funktionen dieser Website vollumf\u00e4nglich werden nutzen k\u00f6nnen. Sie k\u00f6nnen dar\u00fcber hinaus die Erfassung der durch das Cookie erzeugten und auf Ihre Nutzung der Website bezogenen Daten (inkl. Ihrer IP-Adresse) an Google sowie die Verarbeitung dieser Daten durch Google verhindern, indem sie das unter dem folgenden Link verf\u00fcgbare Browser-Plugin herunterladen und installieren: http:\/\/tools.google.com\/dlpage\/gaoptout?hl=de. <\/p>\n\t\t\t\t\t\t<\/div>\n\t\t\t\t<\/div>\n\t\t\t\t\t<\/div>\n\t\t\t\t<\/div>\n\t\t\t\t\t\t\t<\/div>\n\t\t","protected":false},"excerpt":{"rendered":"<p>IMPRESSUM Herausgeber und Inhaltlich Verantwortlicher gem\u00e4\u00df \u00a7 6 MDStV.: API DE GmbHKarl-Marx-Stra\u00dfe 22-2412529 Sch\u00f6nefeld OT Gro\u00dfziethen Telefon +49(0)3379 \u2013 31 062 74Fax +49(0)3379 \u2013 32 182 48Email: contact@apicz.com Handelsregister: Cottbus HRB 13355 C Gesch\u00e4ftsf\u00fchrer: Stephan Schwartz Markenkommunikation &amp; Webseitenentwicklung:stilbrand DESIGNWERKSTATT \u00b7 Berlin URHEBERRECHT Die durch die Seitenbetreiber erstellten Inhalte und Werke auf diesen Seiten unterliegen &hellip;<\/p>\n<p class=\"read-more\"> <a class=\"\" href=\"https:\/\/api-mobility.com\/de\/impressum\/\"> <span class=\"screen-reader-text\">IMPRESSUM<\/span> Read More \u00bb<\/a><\/p>\n","protected":false},"author":1,"featured_media":0,"parent":0,"menu_order":0,"comment_status":"closed","ping_status":"closed","template":"","meta":{"inline_featured_image":false,"site-sidebar-layout":"no-sidebar","site-content-layout":"page-builder","ast-site-content-layout":"","site-content-style":"default","site-sidebar-style":"default","ast-global-header-display":"","ast-banner-title-visibility":"","ast-main-header-display":"","ast-hfb-above-header-display":"","ast-hfb-below-header-display":"","ast-hfb-mobile-header-display":"","site-post-title":"disabled","ast-breadcrumbs-content":"","ast-featured-img":"disabled","footer-sml-layout":"","theme-transparent-header-meta":"","adv-header-id-meta":"","stick-header-meta":"","header-above-stick-meta":"","header-main-stick-meta":"","header-below-stick-meta":"","astra-migrate-meta-layouts":"default","ast-page-background-enabled":"default","ast-page-background-meta":{"desktop":{"background-color":"var(--ast-global-color-4)","background-image":"","background-repeat":"repeat","background-position":"center center","background-size":"auto","background-attachment":"scroll","background-type":"","background-media":"","overlay-type":"","overlay-color":"","overlay-gradient":""},"tablet":{"background-color":"","background-image":"","background-repeat":"repeat","background-position":"center center","background-size":"auto","background-attachment":"scroll","background-type":"","background-media":"","overlay-type":"","overlay-color":"","overlay-gradient":""},"mobile":{"background-color":"","background-image":"","background-repeat":"repeat","background-position":"center center","background-size":"auto","background-attachment":"scroll","background-type":"","background-media":"","overlay-type":"","overlay-color":"","overlay-gradient":""}},"ast-content-background-meta":{"desktop":{"background-color":"var(--ast-global-color-5)","background-image":"","background-repeat":"repeat","background-position":"center center","background-size":"auto","background-attachment":"scroll","background-type":"","background-media":"","overlay-type":"","overlay-color":"","overlay-gradient":""},"tablet":{"background-color":"var(--ast-global-color-5)","background-image":"","background-repeat":"repeat","background-position":"center center","background-size":"auto","background-attachment":"scroll","background-type":"","background-media":"","overlay-type":"","overlay-color":"","overlay-gradient":""},"mobile":{"background-color":"var(--ast-global-color-5)","background-image":"","background-repeat":"repeat","background-position":"center center","background-size":"auto","background-attachment":"scroll","background-type":"","background-media":"","overlay-type":"","overlay-color":"","overlay-gradient":""}},"footnotes":""},"yoast_head":"<!-- This site is optimized with the Yoast SEO plugin v21.7 - https:\/\/yoast.com\/wordpress\/plugins\/seo\/ -->\n<title>IMPRESSUM |<\/title>\n<meta name=\"robots\" content=\"index, follow, max-snippet:-1, max-image-preview:large, max-video-preview:-1\" \/>\n<link rel=\"canonical\" href=\"https:\/\/api-mobility.com\/de\/impressum\/\" \/>\n<meta property=\"og:locale\" content=\"de_DE\" \/>\n<meta property=\"og:type\" content=\"article\" \/>\n<meta property=\"og:title\" content=\"IMPRESSUM |\" \/>\n<meta property=\"og:description\" content=\"IMPRESSUM Herausgeber und Inhaltlich Verantwortlicher gem\u00e4\u00df \u00a7 6 MDStV.: API DE GmbHKarl-Marx-Stra\u00dfe 22-2412529 Sch\u00f6nefeld OT Gro\u00dfziethen Telefon +49(0)3379 \u2013 31 062 74Fax +49(0)3379 \u2013 32 182 48Email: contact@apicz.com Handelsregister: Cottbus HRB 13355 C Gesch\u00e4ftsf\u00fchrer: Stephan Schwartz Markenkommunikation &amp; Webseitenentwicklung:stilbrand DESIGNWERKSTATT \u00b7 Berlin URHEBERRECHT Die durch die Seitenbetreiber erstellten Inhalte und Werke auf diesen Seiten unterliegen &hellip; IMPRESSUM Read More \u00bb\" \/>\n<meta property=\"og:url\" content=\"https:\/\/api-mobility.com\/de\/impressum\/\" \/>\n<meta property=\"article:modified_time\" content=\"2023-07-04T14:31:06+00:00\" \/>\n<meta name=\"twitter:card\" content=\"summary_large_image\" \/>\n<meta name=\"twitter:label1\" content=\"Gesch\u00e4tzte Lesezeit\" \/>\n\t<meta name=\"twitter:data1\" content=\"3\u00a0Minuten\" \/>\n<script type=\"application\/ld+json\" class=\"yoast-schema-graph\">{\"@context\":\"https:\/\/schema.org\",\"@graph\":[{\"@type\":\"WebPage\",\"@id\":\"https:\/\/api-mobility.com\/de\/impressum\/\",\"url\":\"https:\/\/api-mobility.com\/de\/impressum\/\",\"name\":\"IMPRESSUM |\",\"isPartOf\":{\"@id\":\"https:\/\/api-mobility.com\/#website\"},\"datePublished\":\"2023-07-04T14:31:05+00:00\",\"dateModified\":\"2023-07-04T14:31:06+00:00\",\"breadcrumb\":{\"@id\":\"https:\/\/api-mobility.com\/de\/impressum\/#breadcrumb\"},\"inLanguage\":\"de\",\"potentialAction\":[{\"@type\":\"ReadAction\",\"target\":[\"https:\/\/api-mobility.com\/de\/impressum\/\"]}]},{\"@type\":\"BreadcrumbList\",\"@id\":\"https:\/\/api-mobility.com\/de\/impressum\/#breadcrumb\",\"itemListElement\":[{\"@type\":\"ListItem\",\"position\":1,\"name\":\"Startseite\",\"item\":\"https:\/\/api-mobility.com\/de\/\"},{\"@type\":\"ListItem\",\"position\":2,\"name\":\"IMPRESSUM\"}]},{\"@type\":\"WebSite\",\"@id\":\"https:\/\/api-mobility.com\/#website\",\"url\":\"https:\/\/api-mobility.com\/\",\"name\":\"API Mobility\",\"description\":\"Conversions Without Limits\",\"publisher\":{\"@id\":\"https:\/\/api-mobility.com\/#organization\"},\"alternateName\":\"API Mobility\",\"potentialAction\":[{\"@type\":\"SearchAction\",\"target\":{\"@type\":\"EntryPoint\",\"urlTemplate\":\"https:\/\/api-mobility.com\/?s={search_term_string}\"},\"query-input\":\"required name=search_term_string\"}],\"inLanguage\":\"de\"},{\"@type\":\"Organization\",\"@id\":\"https:\/\/api-mobility.com\/#organization\",\"name\":\"API\",\"url\":\"https:\/\/api-mobility.com\/\",\"logo\":{\"@type\":\"ImageObject\",\"inLanguage\":\"de\",\"@id\":\"https:\/\/api-mobility.com\/#\/schema\/logo\/image\/\",\"url\":\"https:\/\/api-mobility.com\/wp-content\/uploads\/2020\/10\/api-logo.png\",\"contentUrl\":\"https:\/\/api-mobility.com\/wp-content\/uploads\/2020\/10\/api-logo.png\",\"width\":418,\"height\":610,\"caption\":\"API\"},\"image\":{\"@id\":\"https:\/\/api-mobility.com\/#\/schema\/logo\/image\/\"}}]}<\/script>\n<!-- \/ Yoast SEO plugin. -->","yoast_head_json":{"title":"IMPRESSUM |","robots":{"index":"index","follow":"follow","max-snippet":"max-snippet:-1","max-image-preview":"max-image-preview:large","max-video-preview":"max-video-preview:-1"},"canonical":"https:\/\/api-mobility.com\/de\/impressum\/","og_locale":"de_DE","og_type":"article","og_title":"IMPRESSUM |","og_description":"IMPRESSUM Herausgeber und Inhaltlich Verantwortlicher gem\u00e4\u00df \u00a7 6 MDStV.: API DE GmbHKarl-Marx-Stra\u00dfe 22-2412529 Sch\u00f6nefeld OT Gro\u00dfziethen Telefon +49(0)3379 \u2013 31 062 74Fax +49(0)3379 \u2013 32 182 48Email: contact@apicz.com Handelsregister: Cottbus HRB 13355 C Gesch\u00e4ftsf\u00fchrer: Stephan Schwartz Markenkommunikation &amp; Webseitenentwicklung:stilbrand DESIGNWERKSTATT \u00b7 Berlin URHEBERRECHT Die durch die Seitenbetreiber erstellten Inhalte und Werke auf diesen Seiten unterliegen &hellip; IMPRESSUM Read More \u00bb","og_url":"https:\/\/api-mobility.com\/de\/impressum\/","article_modified_time":"2023-07-04T14:31:06+00:00","twitter_card":"summary_large_image","twitter_misc":{"Gesch\u00e4tzte Lesezeit":"3\u00a0Minuten"},"schema":{"@context":"https:\/\/schema.org","@graph":[{"@type":"WebPage","@id":"https:\/\/api-mobility.com\/de\/impressum\/","url":"https:\/\/api-mobility.com\/de\/impressum\/","name":"IMPRESSUM |","isPartOf":{"@id":"https:\/\/api-mobility.com\/#website"},"datePublished":"2023-07-04T14:31:05+00:00","dateModified":"2023-07-04T14:31:06+00:00","breadcrumb":{"@id":"https:\/\/api-mobility.com\/de\/impressum\/#breadcrumb"},"inLanguage":"de","potentialAction":[{"@type":"ReadAction","target":["https:\/\/api-mobility.com\/de\/impressum\/"]}]},{"@type":"BreadcrumbList","@id":"https:\/\/api-mobility.com\/de\/impressum\/#breadcrumb","itemListElement":[{"@type":"ListItem","position":1,"name":"Startseite","item":"https:\/\/api-mobility.com\/de\/"},{"@type":"ListItem","position":2,"name":"IMPRESSUM"}]},{"@type":"WebSite","@id":"https:\/\/api-mobility.com\/#website","url":"https:\/\/api-mobility.com\/","name":"API Mobility","description":"Conversions Without Limits","publisher":{"@id":"https:\/\/api-mobility.com\/#organization"},"alternateName":"API Mobility","potentialAction":[{"@type":"SearchAction","target":{"@type":"EntryPoint","urlTemplate":"https:\/\/api-mobility.com\/?s={search_term_string}"},"query-input":"required name=search_term_string"}],"inLanguage":"de"},{"@type":"Organization","@id":"https:\/\/api-mobility.com\/#organization","name":"API","url":"https:\/\/api-mobility.com\/","logo":{"@type":"ImageObject","inLanguage":"de","@id":"https:\/\/api-mobility.com\/#\/schema\/logo\/image\/","url":"https:\/\/api-mobility.com\/wp-content\/uploads\/2020\/10\/api-logo.png","contentUrl":"https:\/\/api-mobility.com\/wp-content\/uploads\/2020\/10\/api-logo.png","width":418,"height":610,"caption":"API"},"image":{"@id":"https:\/\/api-mobility.com\/#\/schema\/logo\/image\/"}}]}},"_links":{"self":[{"href":"https:\/\/api-mobility.com\/de\/wp-json\/wp\/v2\/pages\/5801"}],"collection":[{"href":"https:\/\/api-mobility.com\/de\/wp-json\/wp\/v2\/pages"}],"about":[{"href":"https:\/\/api-mobility.com\/de\/wp-json\/wp\/v2\/types\/page"}],"author":[{"embeddable":true,"href":"https:\/\/api-mobility.com\/de\/wp-json\/wp\/v2\/users\/1"}],"replies":[{"embeddable":true,"href":"https:\/\/api-mobility.com\/de\/wp-json\/wp\/v2\/comments?post=5801"}],"version-history":[{"count":1,"href":"https:\/\/api-mobility.com\/de\/wp-json\/wp\/v2\/pages\/5801\/revisions"}],"predecessor-version":[{"id":5802,"href":"https:\/\/api-mobility.com\/de\/wp-json\/wp\/v2\/pages\/5801\/revisions\/5802"}],"wp:attachment":[{"href":"https:\/\/api-mobility.com\/de\/wp-json\/wp\/v2\/media?parent=5801"}],"curies":[{"name":"wp","href":"https:\/\/api.w.org\/{rel}","templated":true}]}}