{"id":5791,"date":"2023-07-04T16:20:43","date_gmt":"2023-07-04T14:20:43","guid":{"rendered":"https:\/\/api-mobility.com\/ueber-api\/"},"modified":"2023-12-20T10:18:54","modified_gmt":"2023-12-20T09:18:54","slug":"ueber-api","status":"publish","type":"page","link":"https:\/\/api-mobility.com\/de\/ueber-api\/","title":{"rendered":"\u00dcBER API"},"content":{"rendered":"\t\t<div data-elementor-type=\"wp-page\" data-elementor-id=\"5791\" class=\"elementor elementor-5791 elementor-5695\">\n\t\t\t\t\t\t\t<div class=\"elementor-element elementor-element-c78f357 e-flex e-con-boxed e-con e-parent\" data-id=\"c78f357\" data-element_type=\"container\" data-settings=\"{&quot;background_background&quot;:&quot;classic&quot;,&quot;container_type&quot;:&quot;flex&quot;,&quot;content_width&quot;:&quot;boxed&quot;}\" data-e-bg-lazyload=\"\" data-core-v316-plus=\"true\">\n\t\t\t\t\t<div class=\"e-con-inner\">\n\t\t\t\t\t<\/div>\n\t\t\t\t<\/div>\n\t\t<div class=\"elementor-element elementor-element-34e0158 e-flex e-con-boxed e-con e-parent\" data-id=\"34e0158\" data-element_type=\"container\" data-settings=\"{&quot;container_type&quot;:&quot;flex&quot;,&quot;content_width&quot;:&quot;boxed&quot;}\" data-core-v316-plus=\"true\">\n\t\t\t\t\t<div class=\"e-con-inner\">\n\t\t\t\t<div class=\"elementor-element elementor-element-029106b elementor-widget elementor-widget-heading\" data-id=\"029106b\" data-element_type=\"widget\" data-widget_type=\"heading.default\">\n\t\t\t\t<div class=\"elementor-widget-container\">\n\t\t\t<style>\/*! elementor - v3.18.0 - 08-12-2023 *\/\n.elementor-heading-title{padding:0;margin:0;line-height:1}.elementor-widget-heading .elementor-heading-title[class*=elementor-size-]>a{color:inherit;font-size:inherit;line-height:inherit}.elementor-widget-heading .elementor-heading-title.elementor-size-small{font-size:15px}.elementor-widget-heading .elementor-heading-title.elementor-size-medium{font-size:19px}.elementor-widget-heading .elementor-heading-title.elementor-size-large{font-size:29px}.elementor-widget-heading .elementor-heading-title.elementor-size-xl{font-size:39px}.elementor-widget-heading .elementor-heading-title.elementor-size-xxl{font-size:59px}<\/style><h1 class=\"elementor-heading-title elementor-size-default\">\u00dcBER API<\/h1>\t\t<\/div>\n\t\t\t\t<\/div>\n\t\t\t\t<div class=\"elementor-element elementor-element-7b7f4e9 elementor-widget elementor-widget-heading\" data-id=\"7b7f4e9\" data-element_type=\"widget\" data-widget_type=\"heading.default\">\n\t\t\t\t<div class=\"elementor-widget-container\">\n\t\t\t<h2 class=\"elementor-heading-title elementor-size-default\">Agil, pr\u00e4zise und innovativ<\/h2>\t\t<\/div>\n\t\t\t\t<\/div>\n\t\t\t\t<div class=\"elementor-element elementor-element-a5f91db elementor-widget elementor-widget-text-editor\" data-id=\"a5f91db\" data-element_type=\"widget\" data-widget_type=\"text-editor.default\">\n\t\t\t\t<div class=\"elementor-widget-container\">\n\t\t\t<style>\/*! elementor - v3.18.0 - 08-12-2023 *\/\n.elementor-widget-text-editor.elementor-drop-cap-view-stacked .elementor-drop-cap{background-color:#69727d;color:#fff}.elementor-widget-text-editor.elementor-drop-cap-view-framed .elementor-drop-cap{color:#69727d;border:3px solid;background-color:transparent}.elementor-widget-text-editor:not(.elementor-drop-cap-view-default) .elementor-drop-cap{margin-top:8px}.elementor-widget-text-editor:not(.elementor-drop-cap-view-default) .elementor-drop-cap-letter{width:1em;height:1em}.elementor-widget-text-editor .elementor-drop-cap{float:left;text-align:center;line-height:1;font-size:50px}.elementor-widget-text-editor .elementor-drop-cap-letter{display:inline-block}<\/style>\t\t\t\t<p>Die F\u00e4higkeit, sich fortzubewegen, ist eine der Voraussetzungen f\u00fcr ein unabh\u00e4ngiges und erf\u00fclltes Leben. Wir sind API und helfen Menschen mit Behinderungen, unabh\u00e4ngig und selbst\u00e4ndig zu werden und zu bleiben.<\/p>\n<p>Uns motiviert die stetige Frage: Wie kann man Gutes noch besser machen? Diese Frage beantworten wir mit \u00fcber 25 Jahren Erfahrung und mit innovativen Ideen f\u00fcr den behindertengerechten Umbau von Autos. Das ist es, was wir unter unserem Slogan <b>\u201cConversion without limits\u201d<\/b> verstehen und leben.  <\/p>\n\t\t\t\t\t\t<\/div>\n\t\t\t\t<\/div>\n\t\t\t\t\t<\/div>\n\t\t\t\t<\/div>\n\t\t<div class=\"elementor-element elementor-element-f17b5d1 e-flex e-con-boxed e-con e-parent\" data-id=\"f17b5d1\" data-element_type=\"container\" data-settings=\"{&quot;container_type&quot;:&quot;flex&quot;,&quot;content_width&quot;:&quot;boxed&quot;}\" data-core-v316-plus=\"true\">\n\t\t\t\t\t<div class=\"e-con-inner\">\n\t\t\t\t<div class=\"elementor-element elementor-element-e971ebc elementor-widget elementor-widget-image\" data-id=\"e971ebc\" data-element_type=\"widget\" data-widget_type=\"image.default\">\n\t\t\t\t<div class=\"elementor-widget-container\">\n\t\t\t<style>\/*! elementor - v3.18.0 - 08-12-2023 *\/\n.elementor-widget-image{text-align:center}.elementor-widget-image a{display:inline-block}.elementor-widget-image a img[src$=\".svg\"]{width:48px}.elementor-widget-image img{vertical-align:middle;display:inline-block}<\/style>\t\t\t\t\t\t\t\t\t\t\t\t<img fetchpriority=\"high\" decoding=\"async\" width=\"1280\" height=\"720\" src=\"https:\/\/api-mobility.com\/wp-content\/uploads\/2020\/11\/api_inklusion_dabeisein.jpg\" class=\"attachment-full size-full wp-image-2254\" alt=\"\" srcset=\"https:\/\/api-mobility.com\/wp-content\/uploads\/2020\/11\/api_inklusion_dabeisein.jpg 1280w, https:\/\/api-mobility.com\/wp-content\/uploads\/2020\/11\/api_inklusion_dabeisein-300x169.jpg 300w, https:\/\/api-mobility.com\/wp-content\/uploads\/2020\/11\/api_inklusion_dabeisein-1024x576.jpg 1024w, https:\/\/api-mobility.com\/wp-content\/uploads\/2020\/11\/api_inklusion_dabeisein-768x432.jpg 768w\" sizes=\"(max-width: 1280px) 100vw, 1280px\" \/>\t\t\t\t\t\t\t\t\t\t\t\t\t\t\t<\/div>\n\t\t\t\t<\/div>\n\t\t\t\t\t<\/div>\n\t\t\t\t<\/div>\n\t\t<div class=\"elementor-element elementor-element-cc98be0 e-flex e-con-boxed e-con e-parent\" data-id=\"cc98be0\" data-element_type=\"container\" data-settings=\"{&quot;container_type&quot;:&quot;flex&quot;,&quot;content_width&quot;:&quot;boxed&quot;}\" data-core-v316-plus=\"true\">\n\t\t\t\t\t<div class=\"e-con-inner\">\n\t\t\t\t<div class=\"elementor-element elementor-element-623a059 elementor-widget elementor-widget-heading\" data-id=\"623a059\" data-element_type=\"widget\" data-widget_type=\"heading.default\">\n\t\t\t\t<div class=\"elementor-widget-container\">\n\t\t\t<h2 class=\"elementor-heading-title elementor-size-default\">api erf\u00fcllt Bed\u00fcrfnisse im behinderten-gerechten Fahrzeugumbau<\/h2>\t\t<\/div>\n\t\t\t\t<\/div>\n\t\t\t\t<div class=\"elementor-element elementor-element-8039f70 elementor-widget elementor-widget-text-editor\" data-id=\"8039f70\" data-element_type=\"widget\" data-widget_type=\"text-editor.default\">\n\t\t\t\t<div class=\"elementor-widget-container\">\n\t\t\t\t\t\t\t<p>Durch den permanenten Austausch mit behinderten Menschen kennen wir deren W\u00fcnsche und t\u00e4gliche Herausforderungen ganz genau. Dieses Wissen nutzen wir in stetiger Abstimmung mit f\u00fchrenden Fahrzeugherstellern beim Entwickeln und Verbessern unserer L\u00f6sungen FlexiRamp und Robot. Beide Qualit\u00e4tsprodukte bef\u00f6rdern Menschen sicher, verl\u00e4sslich und bequem an Ihr Ziel \u2013 und das in L\u00e4ndern auf vier Kontinenten.  <\/p>\n\t\t\t\t\t\t<\/div>\n\t\t\t\t<\/div>\n\t\t\t\t\t<\/div>\n\t\t\t\t<\/div>\n\t\t<div class=\"elementor-element elementor-element-22f3f3c e-flex e-con-boxed e-con e-parent\" data-id=\"22f3f3c\" data-element_type=\"container\" data-settings=\"{&quot;container_type&quot;:&quot;flex&quot;,&quot;content_width&quot;:&quot;boxed&quot;}\" data-core-v316-plus=\"true\">\n\t\t\t\t\t<div class=\"e-con-inner\">\n\t\t\t\t<div class=\"elementor-element elementor-element-a20aae6 elementor-widget elementor-widget-image\" data-id=\"a20aae6\" data-element_type=\"widget\" data-widget_type=\"image.default\">\n\t\t\t\t<div class=\"elementor-widget-container\">\n\t\t\t\t\t\t\t\t\t\t\t\t\t\t\t<img decoding=\"async\" width=\"1200\" height=\"760\" src=\"https:\/\/api-mobility.com\/wp-content\/uploads\/2020\/11\/construction-1.jpg\" class=\"attachment-full size-full wp-image-2301\" alt=\"\" srcset=\"https:\/\/api-mobility.com\/wp-content\/uploads\/2020\/11\/construction-1.jpg 1200w, https:\/\/api-mobility.com\/wp-content\/uploads\/2020\/11\/construction-1-300x190.jpg 300w, https:\/\/api-mobility.com\/wp-content\/uploads\/2020\/11\/construction-1-1024x649.jpg 1024w, https:\/\/api-mobility.com\/wp-content\/uploads\/2020\/11\/construction-1-768x486.jpg 768w\" sizes=\"(max-width: 1200px) 100vw, 1200px\" \/>\t\t\t\t\t\t\t\t\t\t\t\t\t\t\t<\/div>\n\t\t\t\t<\/div>\n\t\t\t\t\t<\/div>\n\t\t\t\t<\/div>\n\t\t<div class=\"elementor-element elementor-element-14d4890 e-flex e-con-boxed e-con e-parent\" data-id=\"14d4890\" data-element_type=\"container\" data-settings=\"{&quot;container_type&quot;:&quot;flex&quot;,&quot;content_width&quot;:&quot;boxed&quot;}\" data-core-v316-plus=\"true\">\n\t\t\t\t\t<div class=\"e-con-inner\">\n\t\t\t\t<div class=\"elementor-element elementor-element-f59849a elementor-widget elementor-widget-heading\" data-id=\"f59849a\" data-element_type=\"widget\" data-widget_type=\"heading.default\">\n\t\t\t\t<div class=\"elementor-widget-container\">\n\t\t\t<h2 class=\"elementor-heading-title elementor-size-default\">Ihr verl\u00e4sslicher Mobility-Partner<\/h2>\t\t<\/div>\n\t\t\t\t<\/div>\n\t\t\t\t<div class=\"elementor-element elementor-element-4f0f035 elementor-widget elementor-widget-text-editor\" data-id=\"4f0f035\" data-element_type=\"widget\" data-widget_type=\"text-editor.default\">\n\t\t\t\t<div class=\"elementor-widget-container\">\n\t\t\t\t\t\t\t<p>Wie sind Teil der international t\u00e4tigen api Group. Unsere Muttergesellschaft api CZ mit der Entwicklungs- und Produktionsabteilung befindet sich in Tschechien. Neben api DE geh\u00f6ren noch Unternehmen in Gro\u00dfbritannien und den Vereinigten Arabischen Emiraten zum Firmenverbund.  <\/p>\n<p>Als Handels- und Serviceunternehmen versorgen wir ein europaweites Netzwerk an Vertragswerkst\u00e4tten mit der Rollstuhlrampe FlexiRamp und der Rollstuhlverladehilfe Robot. Beide L\u00f6sungen sind kompatibel zu vielen Modellen der Fahrzeughersteller Volkswagen, Skoda, Fiat, Ford, Toyota und der franz\u00f6sischen PSA-Gruppe (u.a. Citroen, Peugeot, Opel). <\/p>\n<p>Dar\u00fcber hinaus vertreiben wir auch Produkte von Partnern. Bei der Auswahl unserer Partner legen wir die gleichen Qualit\u00e4tsanspr\u00fcche an, wie an unsere eigenen Produkte. <\/p>\n\t\t\t\t\t\t<\/div>\n\t\t\t\t<\/div>\n\t\t\t\t\t<\/div>\n\t\t\t\t<\/div>\n\t\t\t\t\t\t\t<\/div>\n\t\t","protected":false},"excerpt":{"rendered":"<p>\u00dcBER API Agil, pr\u00e4zise und innovativ Die F\u00e4higkeit, sich fortzubewegen, ist eine der Voraussetzungen f\u00fcr ein unabh\u00e4ngiges und erf\u00fclltes Leben. Wir sind API und helfen Menschen mit Behinderungen, unabh\u00e4ngig und selbst\u00e4ndig zu werden und zu bleiben. Uns motiviert die stetige Frage: Wie kann man Gutes noch besser machen? Diese Frage beantworten wir mit \u00fcber 25 &hellip;<\/p>\n<p class=\"read-more\"> <a class=\"\" href=\"https:\/\/api-mobility.com\/de\/ueber-api\/\"> <span class=\"screen-reader-text\">\u00dcBER API<\/span> Read More \u00bb<\/a><\/p>\n","protected":false},"author":1,"featured_media":0,"parent":0,"menu_order":0,"comment_status":"closed","ping_status":"closed","template":"","meta":{"inline_featured_image":false,"site-sidebar-layout":"no-sidebar","site-content-layout":"page-builder","ast-site-content-layout":"","site-content-style":"default","site-sidebar-style":"default","ast-global-header-display":"","ast-banner-title-visibility":"","ast-main-header-display":"","ast-hfb-above-header-display":"","ast-hfb-below-header-display":"","ast-hfb-mobile-header-display":"","site-post-title":"disabled","ast-breadcrumbs-content":"","ast-featured-img":"disabled","footer-sml-layout":"","theme-transparent-header-meta":"","adv-header-id-meta":"","stick-header-meta":"","header-above-stick-meta":"","header-main-stick-meta":"","header-below-stick-meta":"","astra-migrate-meta-layouts":"default","ast-page-background-enabled":"default","ast-page-background-meta":{"desktop":{"background-color":"var(--ast-global-color-4)","background-image":"","background-repeat":"repeat","background-position":"center center","background-size":"auto","background-attachment":"scroll","background-type":"","background-media":"","overlay-type":"","overlay-color":"","overlay-gradient":""},"tablet":{"background-color":"","background-image":"","background-repeat":"repeat","background-position":"center center","background-size":"auto","background-attachment":"scroll","background-type":"","background-media":"","overlay-type":"","overlay-color":"","overlay-gradient":""},"mobile":{"background-color":"","background-image":"","background-repeat":"repeat","background-position":"center center","background-size":"auto","background-attachment":"scroll","background-type":"","background-media":"","overlay-type":"","overlay-color":"","overlay-gradient":""}},"ast-content-background-meta":{"desktop":{"background-color":"var(--ast-global-color-5)","background-image":"","background-repeat":"repeat","background-position":"center center","background-size":"auto","background-attachment":"scroll","background-type":"","background-media":"","overlay-type":"","overlay-color":"","overlay-gradient":""},"tablet":{"background-color":"var(--ast-global-color-5)","background-image":"","background-repeat":"repeat","background-position":"center center","background-size":"auto","background-attachment":"scroll","background-type":"","background-media":"","overlay-type":"","overlay-color":"","overlay-gradient":""},"mobile":{"background-color":"var(--ast-global-color-5)","background-image":"","background-repeat":"repeat","background-position":"center center","background-size":"auto","background-attachment":"scroll","background-type":"","background-media":"","overlay-type":"","overlay-color":"","overlay-gradient":""}},"footnotes":""},"yoast_head":"<!-- This site is optimized with the Yoast SEO plugin v21.7 - https:\/\/yoast.com\/wordpress\/plugins\/seo\/ -->\n<title>\u00dcBER API |<\/title>\n<meta name=\"robots\" content=\"index, follow, max-snippet:-1, max-image-preview:large, max-video-preview:-1\" \/>\n<link rel=\"canonical\" href=\"https:\/\/api-mobility.com\/de\/ueber-api\/\" \/>\n<meta property=\"og:locale\" content=\"de_DE\" \/>\n<meta property=\"og:type\" content=\"article\" \/>\n<meta property=\"og:title\" content=\"\u00dcBER API |\" \/>\n<meta property=\"og:description\" content=\"\u00dcBER API Agil, pr\u00e4zise und innovativ Die F\u00e4higkeit, sich fortzubewegen, ist eine der Voraussetzungen f\u00fcr ein unabh\u00e4ngiges und erf\u00fclltes Leben. Wir sind API und helfen Menschen mit Behinderungen, unabh\u00e4ngig und selbst\u00e4ndig zu werden und zu bleiben. Uns motiviert die stetige Frage: Wie kann man Gutes noch besser machen? Diese Frage beantworten wir mit \u00fcber 25 &hellip; \u00dcBER API Read More \u00bb\" \/>\n<meta property=\"og:url\" content=\"https:\/\/api-mobility.com\/de\/ueber-api\/\" \/>\n<meta property=\"article:modified_time\" content=\"2023-12-20T09:18:54+00:00\" \/>\n<meta property=\"og:image\" content=\"https:\/\/api-mobility.com\/wp-content\/uploads\/2020\/11\/api_inklusion_dabeisein.jpg\" \/>\n<meta name=\"twitter:card\" content=\"summary_large_image\" \/>\n<meta name=\"twitter:label1\" content=\"Gesch\u00e4tzte Lesezeit\" \/>\n\t<meta name=\"twitter:data1\" content=\"1\u00a0Minute\" \/>\n<script type=\"application\/ld+json\" class=\"yoast-schema-graph\">{\"@context\":\"https:\/\/schema.org\",\"@graph\":[{\"@type\":\"WebPage\",\"@id\":\"https:\/\/api-mobility.com\/de\/ueber-api\/\",\"url\":\"https:\/\/api-mobility.com\/de\/ueber-api\/\",\"name\":\"\u00dcBER API |\",\"isPartOf\":{\"@id\":\"https:\/\/api-mobility.com\/#website\"},\"datePublished\":\"2023-07-04T14:20:43+00:00\",\"dateModified\":\"2023-12-20T09:18:54+00:00\",\"breadcrumb\":{\"@id\":\"https:\/\/api-mobility.com\/de\/ueber-api\/#breadcrumb\"},\"inLanguage\":\"de\",\"potentialAction\":[{\"@type\":\"ReadAction\",\"target\":[\"https:\/\/api-mobility.com\/de\/ueber-api\/\"]}]},{\"@type\":\"BreadcrumbList\",\"@id\":\"https:\/\/api-mobility.com\/de\/ueber-api\/#breadcrumb\",\"itemListElement\":[{\"@type\":\"ListItem\",\"position\":1,\"name\":\"Startseite\",\"item\":\"https:\/\/api-mobility.com\/de\/\"},{\"@type\":\"ListItem\",\"position\":2,\"name\":\"\u00dcBER API\"}]},{\"@type\":\"WebSite\",\"@id\":\"https:\/\/api-mobility.com\/#website\",\"url\":\"https:\/\/api-mobility.com\/\",\"name\":\"API Mobility\",\"description\":\"Conversions Without Limits\",\"publisher\":{\"@id\":\"https:\/\/api-mobility.com\/#organization\"},\"alternateName\":\"API Mobility\",\"potentialAction\":[{\"@type\":\"SearchAction\",\"target\":{\"@type\":\"EntryPoint\",\"urlTemplate\":\"https:\/\/api-mobility.com\/?s={search_term_string}\"},\"query-input\":\"required name=search_term_string\"}],\"inLanguage\":\"de\"},{\"@type\":\"Organization\",\"@id\":\"https:\/\/api-mobility.com\/#organization\",\"name\":\"API\",\"url\":\"https:\/\/api-mobility.com\/\",\"logo\":{\"@type\":\"ImageObject\",\"inLanguage\":\"de\",\"@id\":\"https:\/\/api-mobility.com\/#\/schema\/logo\/image\/\",\"url\":\"https:\/\/api-mobility.com\/wp-content\/uploads\/2020\/10\/api-logo.png\",\"contentUrl\":\"https:\/\/api-mobility.com\/wp-content\/uploads\/2020\/10\/api-logo.png\",\"width\":418,\"height\":610,\"caption\":\"API\"},\"image\":{\"@id\":\"https:\/\/api-mobility.com\/#\/schema\/logo\/image\/\"}}]}<\/script>\n<!-- \/ Yoast SEO plugin. -->","yoast_head_json":{"title":"\u00dcBER API |","robots":{"index":"index","follow":"follow","max-snippet":"max-snippet:-1","max-image-preview":"max-image-preview:large","max-video-preview":"max-video-preview:-1"},"canonical":"https:\/\/api-mobility.com\/de\/ueber-api\/","og_locale":"de_DE","og_type":"article","og_title":"\u00dcBER API |","og_description":"\u00dcBER API Agil, pr\u00e4zise und innovativ Die F\u00e4higkeit, sich fortzubewegen, ist eine der Voraussetzungen f\u00fcr ein unabh\u00e4ngiges und erf\u00fclltes Leben. Wir sind API und helfen Menschen mit Behinderungen, unabh\u00e4ngig und selbst\u00e4ndig zu werden und zu bleiben. Uns motiviert die stetige Frage: Wie kann man Gutes noch besser machen? Diese Frage beantworten wir mit \u00fcber 25 &hellip; \u00dcBER API Read More \u00bb","og_url":"https:\/\/api-mobility.com\/de\/ueber-api\/","article_modified_time":"2023-12-20T09:18:54+00:00","og_image":[{"url":"https:\/\/api-mobility.com\/wp-content\/uploads\/2020\/11\/api_inklusion_dabeisein.jpg"}],"twitter_card":"summary_large_image","twitter_misc":{"Gesch\u00e4tzte Lesezeit":"1\u00a0Minute"},"schema":{"@context":"https:\/\/schema.org","@graph":[{"@type":"WebPage","@id":"https:\/\/api-mobility.com\/de\/ueber-api\/","url":"https:\/\/api-mobility.com\/de\/ueber-api\/","name":"\u00dcBER API |","isPartOf":{"@id":"https:\/\/api-mobility.com\/#website"},"datePublished":"2023-07-04T14:20:43+00:00","dateModified":"2023-12-20T09:18:54+00:00","breadcrumb":{"@id":"https:\/\/api-mobility.com\/de\/ueber-api\/#breadcrumb"},"inLanguage":"de","potentialAction":[{"@type":"ReadAction","target":["https:\/\/api-mobility.com\/de\/ueber-api\/"]}]},{"@type":"BreadcrumbList","@id":"https:\/\/api-mobility.com\/de\/ueber-api\/#breadcrumb","itemListElement":[{"@type":"ListItem","position":1,"name":"Startseite","item":"https:\/\/api-mobility.com\/de\/"},{"@type":"ListItem","position":2,"name":"\u00dcBER API"}]},{"@type":"WebSite","@id":"https:\/\/api-mobility.com\/#website","url":"https:\/\/api-mobility.com\/","name":"API Mobility","description":"Conversions Without Limits","publisher":{"@id":"https:\/\/api-mobility.com\/#organization"},"alternateName":"API Mobility","potentialAction":[{"@type":"SearchAction","target":{"@type":"EntryPoint","urlTemplate":"https:\/\/api-mobility.com\/?s={search_term_string}"},"query-input":"required name=search_term_string"}],"inLanguage":"de"},{"@type":"Organization","@id":"https:\/\/api-mobility.com\/#organization","name":"API","url":"https:\/\/api-mobility.com\/","logo":{"@type":"ImageObject","inLanguage":"de","@id":"https:\/\/api-mobility.com\/#\/schema\/logo\/image\/","url":"https:\/\/api-mobility.com\/wp-content\/uploads\/2020\/10\/api-logo.png","contentUrl":"https:\/\/api-mobility.com\/wp-content\/uploads\/2020\/10\/api-logo.png","width":418,"height":610,"caption":"API"},"image":{"@id":"https:\/\/api-mobility.com\/#\/schema\/logo\/image\/"}}]}},"_links":{"self":[{"href":"https:\/\/api-mobility.com\/de\/wp-json\/wp\/v2\/pages\/5791"}],"collection":[{"href":"https:\/\/api-mobility.com\/de\/wp-json\/wp\/v2\/pages"}],"about":[{"href":"https:\/\/api-mobility.com\/de\/wp-json\/wp\/v2\/types\/page"}],"author":[{"embeddable":true,"href":"https:\/\/api-mobility.com\/de\/wp-json\/wp\/v2\/users\/1"}],"replies":[{"embeddable":true,"href":"https:\/\/api-mobility.com\/de\/wp-json\/wp\/v2\/comments?post=5791"}],"version-history":[{"count":2,"href":"https:\/\/api-mobility.com\/de\/wp-json\/wp\/v2\/pages\/5791\/revisions"}],"predecessor-version":[{"id":6094,"href":"https:\/\/api-mobility.com\/de\/wp-json\/wp\/v2\/pages\/5791\/revisions\/6094"}],"wp:attachment":[{"href":"https:\/\/api-mobility.com\/de\/wp-json\/wp\/v2\/media?parent=5791"}],"curies":[{"name":"wp","href":"https:\/\/api.w.org\/{rel}","templated":true}]}}