{"id":6048,"date":"2023-07-05T12:06:46","date_gmt":"2023-07-05T10:06:46","guid":{"rendered":"https:\/\/api-mobility.com\/sit-partneru-api\/skoda-handy\/"},"modified":"2023-07-05T12:06:47","modified_gmt":"2023-07-05T10:06:47","slug":"skoda-handy","status":"publish","type":"page","link":"https:\/\/api-mobility.com\/cs\/sit-partneru-api\/skoda-handy\/","title":{"rendered":"\u0160KODA Handy"},"content":{"rendered":"\t\t<div data-elementor-type=\"wp-page\" data-elementor-id=\"6048\" class=\"elementor elementor-6048 elementor-6040\">\n\t\t\t\t\t\t\t<div class=\"elementor-element elementor-element-f317bf3 e-flex e-con-boxed e-con e-parent\" data-id=\"f317bf3\" data-element_type=\"container\" data-settings=\"{&quot;container_type&quot;:&quot;flex&quot;,&quot;content_width&quot;:&quot;boxed&quot;}\" data-core-v316-plus=\"true\">\n\t\t\t\t\t<div class=\"e-con-inner\">\n\t\t\t\t<div class=\"elementor-element elementor-element-3088680 elementor-widget elementor-widget-heading\" data-id=\"3088680\" data-element_type=\"widget\" data-widget_type=\"heading.default\">\n\t\t\t\t<div class=\"elementor-widget-container\">\n\t\t\t<style>\/*! elementor - v3.18.0 - 08-12-2023 *\/\n.elementor-heading-title{padding:0;margin:0;line-height:1}.elementor-widget-heading .elementor-heading-title[class*=elementor-size-]>a{color:inherit;font-size:inherit;line-height:inherit}.elementor-widget-heading .elementor-heading-title.elementor-size-small{font-size:15px}.elementor-widget-heading .elementor-heading-title.elementor-size-medium{font-size:19px}.elementor-widget-heading .elementor-heading-title.elementor-size-large{font-size:29px}.elementor-widget-heading .elementor-heading-title.elementor-size-xl{font-size:39px}.elementor-widget-heading .elementor-heading-title.elementor-size-xxl{font-size:59px}<\/style><h1 class=\"elementor-heading-title elementor-size-default\">\u0160KODA Handy <\/h1>\t\t<\/div>\n\t\t\t\t<\/div>\n\t\t\t\t<div class=\"elementor-element elementor-element-10aee03 elementor-widget elementor-widget-heading\" data-id=\"10aee03\" data-element_type=\"widget\" data-widget_type=\"heading.default\">\n\t\t\t\t<div class=\"elementor-widget-container\">\n\t\t\t<h2 class=\"elementor-heading-title elementor-size-default\">API CZ s.r.o. - partner programu \u0160KODA Handy <\/h2>\t\t<\/div>\n\t\t\t\t<\/div>\n\t\t\t\t<div class=\"elementor-element elementor-element-79b828b elementor-widget elementor-widget-text-editor\" data-id=\"79b828b\" data-element_type=\"widget\" data-widget_type=\"text-editor.default\">\n\t\t\t\t<div class=\"elementor-widget-container\">\n\t\t\t<style>\/*! elementor - v3.18.0 - 08-12-2023 *\/\n.elementor-widget-text-editor.elementor-drop-cap-view-stacked .elementor-drop-cap{background-color:#69727d;color:#fff}.elementor-widget-text-editor.elementor-drop-cap-view-framed .elementor-drop-cap{color:#69727d;border:3px solid;background-color:transparent}.elementor-widget-text-editor:not(.elementor-drop-cap-view-default) .elementor-drop-cap{margin-top:8px}.elementor-widget-text-editor:not(.elementor-drop-cap-view-default) .elementor-drop-cap-letter{width:1em;height:1em}.elementor-widget-text-editor .elementor-drop-cap{float:left;text-align:center;line-height:1;font-size:50px}.elementor-widget-text-editor .elementor-drop-cap-letter{display:inline-block}<\/style>\t\t\t\t<p>API CZ nab\u00edz\u00ed ve\u0161ker\u00e9 \u00fapravy pro zv\u00fd\u0161en\u00ed mobility handicapovan\u00fdch osob. Vlastn\u00ed v\u00fdzkum a v\u00fdvoj, des\u00edtky let na trhu, z\u00e1ru\u010dn\u00ed a poz\u00e1ru\u010dn\u00ed servis, individu\u00e1ln\u00ed p\u0159\u00edstup ke ka\u017ed\u00e9mu z\u00e1kazn\u00edkovi a s\u00ed\u0165 obchodn\u00edch zastoupen\u00ed po \u010cesk\u00e9 republice, Evrop\u011b, USA, Austr\u00e1lii, SAE, Rusku, n\u00e1s \u0159ad\u00ed mezi p\u0159edn\u00ed sv\u011btov\u00e9 leadry na trhu.<\/p>\n<p>C\u00edlem programu \u0160KODA Handy je pom\u00e1hat osob\u00e1m se sn\u00ed\u017eenou pohyblivost\u00ed, op\u011bt z\u00edskat mobilitu. Specialist\u00e9 \u0160KODA Handy poskytuj\u00ed poradenstv\u00ed v r\u00e1mci prodejn\u00ed s\u00edt\u011b \u0160KODA AUTO \u010cesk\u00e1 republika a jsou p\u0159ipraveni V\u00e1m pomoci s n\u00e1kupem nov\u00e9ho vozu za zv\u00fdhodn\u011bnou cenu. P\u0159ibl\u00ed\u017e\u00ed V\u00e1m mo\u017enosti financov\u00e1n\u00ed Va\u0161eho vysn\u011bn\u00e9ho auta, p\u0159edstav\u00ed V\u00e1m poji\u0161t\u011bn\u00ed \u0160KODA Handy.  <\/p>\n<p>D\u00edky \u00faprav\u00e1m od API CZ pln\u011b ovl\u00e1dnete sv\u016fj v\u016fz. \u00dapravu automobilu se v\u017edy \u0159e\u0161\u00edme s ka\u017ed\u00fdm klientem individu\u00e1ln\u011b. D\u016fle\u017eit\u00e9 je, aby \u00faprava vozu co nejv\u00edce odpov\u00eddala jeho p\u0159edstav\u00e1m a schopnostem, s ohledem na mo\u017enosti automobilu a legislativn\u00ed po\u017eadavky. <\/p>\n<p>Na t\u00e9to str\u00e1nce naleznete nej\u010dast\u011bj\u0161\u00ed \u00fapravy, nev\u00e1hejte n\u00e1s kdykoli kontaktovat, spole\u010dn\u011b pro V\u00e1s najdeme nejlep\u0161\u00ed \u0159e\u0161en\u00ed.<\/p>\n\t\t\t\t\t\t<\/div>\n\t\t\t\t<\/div>\n\t\t\t\t<div class=\"elementor-element elementor-element-bba86e9 elementor-icon-list--layout-traditional elementor-list-item-link-full_width elementor-widget elementor-widget-icon-list\" data-id=\"bba86e9\" data-element_type=\"widget\" data-widget_type=\"icon-list.default\">\n\t\t\t\t<div class=\"elementor-widget-container\">\n\t\t\t<link rel=\"stylesheet\" href=\"https:\/\/api-mobility.com\/wp-content\/uploads\/elementor\/css\/custom-widget-icon-list.min.css?ver=1711368123\">\t\t<ul class=\"elementor-icon-list-items\">\n\t\t\t\t\t\t\t<li class=\"elementor-icon-list-item\">\n\t\t\t\t\t\t\t\t\t\t\t<span class=\"elementor-icon-list-icon\">\n\t\t\t\t\t\t\t<i aria-hidden=\"true\" class=\"fas fa-plus\"><\/i>\t\t\t\t\t\t<\/span>\n\t\t\t\t\t\t\t\t\t\t<span class=\"elementor-icon-list-text\">Ru\u010dn\u00ed ovl\u00e1d\u00e1n\u00ed ped\u00e1l\u016f <\/span>\n\t\t\t\t\t\t\t\t\t<\/li>\n\t\t\t\t\t\t\t\t<li class=\"elementor-icon-list-item\">\n\t\t\t\t\t\t\t\t\t\t\t<span class=\"elementor-icon-list-icon\">\n\t\t\t\t\t\t\t<i aria-hidden=\"true\" class=\"fas fa-plus\"><\/i>\t\t\t\t\t\t<\/span>\n\t\t\t\t\t\t\t\t\t\t<span class=\"elementor-icon-list-text\">\u00dapravy seda\u010dek <\/span>\n\t\t\t\t\t\t\t\t\t<\/li>\n\t\t\t\t\t\t\t\t<li class=\"elementor-icon-list-item\">\n\t\t\t\t\t\t\t\t\t\t\t<span class=\"elementor-icon-list-icon\">\n\t\t\t\t\t\t\t<i aria-hidden=\"true\" class=\"fas fa-plus\"><\/i>\t\t\t\t\t\t<\/span>\n\t\t\t\t\t\t\t\t\t\t<span class=\"elementor-icon-list-text\">Nakl\u00e1d\u00e1n\u00ed invalidn\u00edho voz\u00edku <\/span>\n\t\t\t\t\t\t\t\t\t<\/li>\n\t\t\t\t\t\t<\/ul>\n\t\t\t\t<\/div>\n\t\t\t\t<\/div>\n\t\t\t\t<div class=\"elementor-element elementor-element-d3cd56a elementor-widget elementor-widget-text-editor\" data-id=\"d3cd56a\" data-element_type=\"widget\" data-widget_type=\"text-editor.default\">\n\t\t\t\t<div class=\"elementor-widget-container\">\n\t\t\t\t\t\t\t<p>Pro jak\u00e9koli informace se na n\u00e1s m\u016f\u017eete obr\u00e1tit i telefonicky, \u010d\u00edslo: +420 381 278 043, nebo prost\u0159ednictv\u00edm e-mailu: <a href=\"mailto:info@apicz.com\"><u>info@apicz.com<\/u><\/a><\/p>\n\t\t\t\t\t\t<\/div>\n\t\t\t\t<\/div>\n\t\t\t\t\t<\/div>\n\t\t\t\t<\/div>\n\t\t<div class=\"elementor-element elementor-element-dc47ac6 e-flex e-con-boxed e-con e-parent\" data-id=\"dc47ac6\" data-element_type=\"container\" data-settings=\"{&quot;background_background&quot;:&quot;classic&quot;,&quot;container_type&quot;:&quot;flex&quot;,&quot;content_width&quot;:&quot;boxed&quot;}\" data-e-bg-lazyload=\"\" data-core-v316-plus=\"true\">\n\t\t\t\t\t<div class=\"e-con-inner\">\n\t\t<div class=\"elementor-element elementor-element-6ad96d8 e-con-full e-flex e-con e-parent\" data-id=\"6ad96d8\" data-element_type=\"container\" data-settings=\"{&quot;content_width&quot;:&quot;full&quot;,&quot;container_type&quot;:&quot;flex&quot;}\" data-core-v316-plus=\"true\">\n\t\t\t\t<div class=\"elementor-element elementor-element-3e7f4d1 elementor-widget elementor-widget-heading\" data-id=\"3e7f4d1\" data-element_type=\"widget\" data-widget_type=\"heading.default\">\n\t\t\t\t<div class=\"elementor-widget-container\">\n\t\t\t<p class=\"elementor-heading-title elementor-size-default\">Pros\u00edm, vypl\u0148te n\u00e1m tento formul\u00e1\u0159, r\u00e1di V\u00e1m p\u0159iprav\u00edme cenovou nab\u00eddku a pom\u016f\u017eeme V\u00e1m vybrat nejlep\u0161\u00ed \u0159e\u0161en\u00ed p\u0159\u00edmo na m\u00edru. <\/p>\t\t<\/div>\n\t\t\t\t<\/div>\n\t\t\t\t<\/div>\n\t\t\t\t<div class=\"elementor-element elementor-element-b91ca7d uael-cf7-check-yes uael-cf7-button-center elementor-widget__width-initial uael-cf7-style-box uael-cf7-input-size-sm uael-cf7-btn-size-sm uael-cf7-highlight-style-default elementor-widget elementor-widget-uael-cf7-styler\" data-id=\"b91ca7d\" data-element_type=\"widget\" data-widget_type=\"uael-cf7-styler.default\">\n\t\t\t\t<div class=\"elementor-widget-container\">\n\t\t\t\t\t\t\t<div class = \"uael-cf7-container\">\n\t\t\t\t\t\t<div class = \"uael-cf7 uael-cf7-style elementor-clickable\">\n\t\t\t\t\t\t\n<div class=\"wpcf7 no-js\" id=\"wpcf7-f5324-o1\" lang=\"cs-CZ\" dir=\"ltr\">\n<div class=\"screen-reader-response\"><p role=\"status\" aria-live=\"polite\" aria-atomic=\"true\"><\/p> <ul><\/ul><\/div>\n<form action=\"\/cs\/wp-json\/wp\/v2\/pages\/6048#wpcf7-f5324-o1\" method=\"post\" class=\"wpcf7-form init\" aria-label=\"Kontaktn\u00ed formul\u00e1\u0159\" novalidate=\"novalidate\" data-status=\"init\">\n<div style=\"display: none;\">\n<input type=\"hidden\" name=\"_wpcf7\" value=\"5324\" \/>\n<input type=\"hidden\" name=\"_wpcf7_version\" value=\"5.8.4\" \/>\n<input type=\"hidden\" name=\"_wpcf7_locale\" value=\"cs_CZ\" \/>\n<input type=\"hidden\" name=\"_wpcf7_unit_tag\" value=\"wpcf7-f5324-o1\" \/>\n<input type=\"hidden\" name=\"_wpcf7_container_post\" value=\"0\" \/>\n<input type=\"hidden\" name=\"_wpcf7_posted_data_hash\" value=\"\" \/>\n<\/div>\n<p><span class=\"wpcf7-form-control-wrap\" data-name=\"vorname\"><input size=\"40\" class=\"wpcf7-form-control wpcf7-text wpcf7-validates-as-required form-field half-field\" id=\"vorname\" aria-required=\"true\" aria-invalid=\"false\" placeholder=\"K\u0159estn\u00ed jm\u00e9no*\" value=\"\" type=\"text\" name=\"vorname\" \/><\/span><span class=\"wpcf7-form-control-wrap\" data-name=\"nachname\"><input size=\"40\" class=\"wpcf7-form-control wpcf7-text wpcf7-validates-as-required form-field half-field\" id=\"nachname\" aria-required=\"true\" aria-invalid=\"false\" placeholder=\"P\u0159\u00edjmen\u00ed*\" value=\"\" type=\"text\" name=\"nachname\" \/><\/span><br \/>\n<span class=\"wpcf7-form-control-wrap\" data-name=\"email\"><input size=\"40\" class=\"wpcf7-form-control wpcf7-email wpcf7-validates-as-required wpcf7-text wpcf7-validates-as-email form-field\" id=\"e-mail\" aria-required=\"true\" aria-invalid=\"false\" placeholder=\"E-mail*\" value=\"\" type=\"email\" name=\"email\" \/><\/span><br \/>\n<span class=\"wpcf7-form-control-wrap\" data-name=\"telefon\"><input size=\"40\" class=\"wpcf7-form-control wpcf7-tel wpcf7-text wpcf7-validates-as-tel form-field\" aria-invalid=\"false\" value=\"Telefon\" type=\"tel\" name=\"telefon\" \/><\/span><br \/>\n<span class=\"wpcf7-form-control-wrap\" data-name=\"nachricht\"><textarea cols=\"40\" rows=\"10\" class=\"wpcf7-form-control wpcf7-textarea wpcf7-validates-as-required form-field nachricht\" aria-required=\"true\" aria-invalid=\"false\" placeholder=\"Va\u0161e zpr\u00e1va pro n\u00e1s*\" name=\"nachricht\"><\/textarea><\/span><br \/>\n<input class=\"wpcf7-form-control wpcf7-submit has-spinner send\" id=\"senden\" type=\"submit\" value=\"Odeslat\" \/>\n<\/p><div class=\"wpcf7-response-output\" aria-hidden=\"true\"><\/div>\n<\/form>\n<\/div>\n\t\t\t\t\t<\/div>\n\t\t\t\t<\/div>\n\t\t\t\t\t\t<\/div>\n\t\t\t\t<\/div>\n\t\t\t\t\t<\/div>\n\t\t\t\t<\/div>\n\t\t\t\t\t\t\t<\/div>\n\t\t","protected":false},"excerpt":{"rendered":"<p>\u0160KODA Handy API CZ s.r.o. &#8211; partner programu \u0160KODA Handy API CZ nab\u00edz\u00ed ve\u0161ker\u00e9 \u00fapravy pro zv\u00fd\u0161en\u00ed mobility handicapovan\u00fdch osob. Vlastn\u00ed v\u00fdzkum a v\u00fdvoj, des\u00edtky let na trhu, z\u00e1ru\u010dn\u00ed a poz\u00e1ru\u010dn\u00ed servis, individu\u00e1ln\u00ed p\u0159\u00edstup ke ka\u017ed\u00e9mu z\u00e1kazn\u00edkovi a s\u00ed\u0165 obchodn\u00edch zastoupen\u00ed po \u010cesk\u00e9 republice, Evrop\u011b, USA, Austr\u00e1lii, SAE, Rusku, n\u00e1s \u0159ad\u00ed mezi p\u0159edn\u00ed sv\u011btov\u00e9 leadry &hellip;<\/p>\n<p class=\"read-more\"> <a class=\"\" href=\"https:\/\/api-mobility.com\/cs\/sit-partneru-api\/skoda-handy\/\"> <span class=\"screen-reader-text\">\u0160KODA Handy<\/span> \u010c\u00edst d\u00e1l \u00bb<\/a><\/p>\n","protected":false},"author":1,"featured_media":0,"parent":5831,"menu_order":0,"comment_status":"closed","ping_status":"closed","template":"","meta":{"inline_featured_image":false,"site-sidebar-layout":"no-sidebar","site-content-layout":"page-builder","ast-site-content-layout":"","site-content-style":"default","site-sidebar-style":"default","ast-global-header-display":"","ast-banner-title-visibility":"","ast-main-header-display":"","ast-hfb-above-header-display":"","ast-hfb-below-header-display":"","ast-hfb-mobile-header-display":"","site-post-title":"disabled","ast-breadcrumbs-content":"","ast-featured-img":"disabled","footer-sml-layout":"","theme-transparent-header-meta":"","adv-header-id-meta":"","stick-header-meta":"","header-above-stick-meta":"","header-main-stick-meta":"","header-below-stick-meta":"","astra-migrate-meta-layouts":"default","ast-page-background-enabled":"default","ast-page-background-meta":{"desktop":{"background-color":"var(--ast-global-color-4)","background-image":"","background-repeat":"repeat","background-position":"center center","background-size":"auto","background-attachment":"scroll","background-type":"","background-media":"","overlay-type":"","overlay-color":"","overlay-gradient":""},"tablet":{"background-color":"","background-image":"","background-repeat":"repeat","background-position":"center center","background-size":"auto","background-attachment":"scroll","background-type":"","background-media":"","overlay-type":"","overlay-color":"","overlay-gradient":""},"mobile":{"background-color":"","background-image":"","background-repeat":"repeat","background-position":"center center","background-size":"auto","background-attachment":"scroll","background-type":"","background-media":"","overlay-type":"","overlay-color":"","overlay-gradient":""}},"ast-content-background-meta":{"desktop":{"background-color":"var(--ast-global-color-5)","background-image":"","background-repeat":"repeat","background-position":"center center","background-size":"auto","background-attachment":"scroll","background-type":"","background-media":"","overlay-type":"","overlay-color":"","overlay-gradient":""},"tablet":{"background-color":"var(--ast-global-color-5)","background-image":"","background-repeat":"repeat","background-position":"center center","background-size":"auto","background-attachment":"scroll","background-type":"","background-media":"","overlay-type":"","overlay-color":"","overlay-gradient":""},"mobile":{"background-color":"var(--ast-global-color-5)","background-image":"","background-repeat":"repeat","background-position":"center center","background-size":"auto","background-attachment":"scroll","background-type":"","background-media":"","overlay-type":"","overlay-color":"","overlay-gradient":""}},"footnotes":""},"yoast_head":"<!-- This site is optimized with the Yoast SEO plugin v21.7 - https:\/\/yoast.com\/wordpress\/plugins\/seo\/ -->\n<title>\u0160KODA Handy |<\/title>\n<meta name=\"robots\" content=\"index, follow, max-snippet:-1, max-image-preview:large, max-video-preview:-1\" \/>\n<link rel=\"canonical\" href=\"https:\/\/api-mobility.com\/cs\/sit-partneru-api\/skoda-handy\/\" \/>\n<meta property=\"og:locale\" content=\"cs_CZ\" \/>\n<meta property=\"og:type\" content=\"article\" \/>\n<meta property=\"og:title\" content=\"\u0160KODA Handy |\" \/>\n<meta property=\"og:description\" content=\"\u0160KODA Handy API CZ s.r.o. &#8211; partner programu \u0160KODA Handy API CZ nab\u00edz\u00ed ve\u0161ker\u00e9 \u00fapravy pro zv\u00fd\u0161en\u00ed mobility handicapovan\u00fdch osob. Vlastn\u00ed v\u00fdzkum a v\u00fdvoj, des\u00edtky let na trhu, z\u00e1ru\u010dn\u00ed a poz\u00e1ru\u010dn\u00ed servis, individu\u00e1ln\u00ed p\u0159\u00edstup ke ka\u017ed\u00e9mu z\u00e1kazn\u00edkovi a s\u00ed\u0165 obchodn\u00edch zastoupen\u00ed po \u010cesk\u00e9 republice, Evrop\u011b, USA, Austr\u00e1lii, SAE, Rusku, n\u00e1s \u0159ad\u00ed mezi p\u0159edn\u00ed sv\u011btov\u00e9 leadry &hellip; \u0160KODA Handy \u010c\u00edst d\u00e1l \u00bb\" \/>\n<meta property=\"og:url\" content=\"https:\/\/api-mobility.com\/cs\/sit-partneru-api\/skoda-handy\/\" \/>\n<meta property=\"article:modified_time\" content=\"2023-07-05T10:06:47+00:00\" \/>\n<meta name=\"twitter:card\" content=\"summary_large_image\" \/>\n<meta name=\"twitter:label1\" content=\"Odhadovan\u00e1 doba \u010dten\u00ed\" \/>\n\t<meta name=\"twitter:data1\" content=\"2 minuty\" \/>\n<script type=\"application\/ld+json\" class=\"yoast-schema-graph\">{\"@context\":\"https:\/\/schema.org\",\"@graph\":[{\"@type\":\"WebPage\",\"@id\":\"https:\/\/api-mobility.com\/cs\/sit-partneru-api\/skoda-handy\/\",\"url\":\"https:\/\/api-mobility.com\/cs\/sit-partneru-api\/skoda-handy\/\",\"name\":\"\u0160KODA Handy |\",\"isPartOf\":{\"@id\":\"https:\/\/api-mobility.com\/#website\"},\"datePublished\":\"2023-07-05T10:06:46+00:00\",\"dateModified\":\"2023-07-05T10:06:47+00:00\",\"breadcrumb\":{\"@id\":\"https:\/\/api-mobility.com\/cs\/sit-partneru-api\/skoda-handy\/#breadcrumb\"},\"inLanguage\":\"cs\",\"potentialAction\":[{\"@type\":\"ReadAction\",\"target\":[\"https:\/\/api-mobility.com\/cs\/sit-partneru-api\/skoda-handy\/\"]}]},{\"@type\":\"BreadcrumbList\",\"@id\":\"https:\/\/api-mobility.com\/cs\/sit-partneru-api\/skoda-handy\/#breadcrumb\",\"itemListElement\":[{\"@type\":\"ListItem\",\"position\":1,\"name\":\"Startseite\",\"item\":\"https:\/\/api-mobility.com\/\"},{\"@type\":\"ListItem\",\"position\":2,\"name\":\"S\u00ed\u0165 partner\u016f API\",\"item\":\"https:\/\/api-mobility.com\/cs\/sit-partneru-api\/\"},{\"@type\":\"ListItem\",\"position\":3,\"name\":\"\u0160KODA Handy\"}]},{\"@type\":\"WebSite\",\"@id\":\"https:\/\/api-mobility.com\/#website\",\"url\":\"https:\/\/api-mobility.com\/\",\"name\":\"API Mobility\",\"description\":\"Conversions Without Limits\",\"publisher\":{\"@id\":\"https:\/\/api-mobility.com\/#organization\"},\"alternateName\":\"API Mobility\",\"potentialAction\":[{\"@type\":\"SearchAction\",\"target\":{\"@type\":\"EntryPoint\",\"urlTemplate\":\"https:\/\/api-mobility.com\/?s={search_term_string}\"},\"query-input\":\"required name=search_term_string\"}],\"inLanguage\":\"cs\"},{\"@type\":\"Organization\",\"@id\":\"https:\/\/api-mobility.com\/#organization\",\"name\":\"API\",\"url\":\"https:\/\/api-mobility.com\/\",\"logo\":{\"@type\":\"ImageObject\",\"inLanguage\":\"cs\",\"@id\":\"https:\/\/api-mobility.com\/#\/schema\/logo\/image\/\",\"url\":\"https:\/\/api-mobility.com\/wp-content\/uploads\/2020\/10\/api-logo.png\",\"contentUrl\":\"https:\/\/api-mobility.com\/wp-content\/uploads\/2020\/10\/api-logo.png\",\"width\":418,\"height\":610,\"caption\":\"API\"},\"image\":{\"@id\":\"https:\/\/api-mobility.com\/#\/schema\/logo\/image\/\"}}]}<\/script>\n<!-- \/ Yoast SEO plugin. -->","yoast_head_json":{"title":"\u0160KODA Handy |","robots":{"index":"index","follow":"follow","max-snippet":"max-snippet:-1","max-image-preview":"max-image-preview:large","max-video-preview":"max-video-preview:-1"},"canonical":"https:\/\/api-mobility.com\/cs\/sit-partneru-api\/skoda-handy\/","og_locale":"cs_CZ","og_type":"article","og_title":"\u0160KODA Handy |","og_description":"\u0160KODA Handy API CZ s.r.o. &#8211; partner programu \u0160KODA Handy API CZ nab\u00edz\u00ed ve\u0161ker\u00e9 \u00fapravy pro zv\u00fd\u0161en\u00ed mobility handicapovan\u00fdch osob. Vlastn\u00ed v\u00fdzkum a v\u00fdvoj, des\u00edtky let na trhu, z\u00e1ru\u010dn\u00ed a poz\u00e1ru\u010dn\u00ed servis, individu\u00e1ln\u00ed p\u0159\u00edstup ke ka\u017ed\u00e9mu z\u00e1kazn\u00edkovi a s\u00ed\u0165 obchodn\u00edch zastoupen\u00ed po \u010cesk\u00e9 republice, Evrop\u011b, USA, Austr\u00e1lii, SAE, Rusku, n\u00e1s \u0159ad\u00ed mezi p\u0159edn\u00ed sv\u011btov\u00e9 leadry &hellip; \u0160KODA Handy \u010c\u00edst d\u00e1l \u00bb","og_url":"https:\/\/api-mobility.com\/cs\/sit-partneru-api\/skoda-handy\/","article_modified_time":"2023-07-05T10:06:47+00:00","twitter_card":"summary_large_image","twitter_misc":{"Odhadovan\u00e1 doba \u010dten\u00ed":"2 minuty"},"schema":{"@context":"https:\/\/schema.org","@graph":[{"@type":"WebPage","@id":"https:\/\/api-mobility.com\/cs\/sit-partneru-api\/skoda-handy\/","url":"https:\/\/api-mobility.com\/cs\/sit-partneru-api\/skoda-handy\/","name":"\u0160KODA Handy |","isPartOf":{"@id":"https:\/\/api-mobility.com\/#website"},"datePublished":"2023-07-05T10:06:46+00:00","dateModified":"2023-07-05T10:06:47+00:00","breadcrumb":{"@id":"https:\/\/api-mobility.com\/cs\/sit-partneru-api\/skoda-handy\/#breadcrumb"},"inLanguage":"cs","potentialAction":[{"@type":"ReadAction","target":["https:\/\/api-mobility.com\/cs\/sit-partneru-api\/skoda-handy\/"]}]},{"@type":"BreadcrumbList","@id":"https:\/\/api-mobility.com\/cs\/sit-partneru-api\/skoda-handy\/#breadcrumb","itemListElement":[{"@type":"ListItem","position":1,"name":"Startseite","item":"https:\/\/api-mobility.com\/"},{"@type":"ListItem","position":2,"name":"S\u00ed\u0165 partner\u016f API","item":"https:\/\/api-mobility.com\/cs\/sit-partneru-api\/"},{"@type":"ListItem","position":3,"name":"\u0160KODA Handy"}]},{"@type":"WebSite","@id":"https:\/\/api-mobility.com\/#website","url":"https:\/\/api-mobility.com\/","name":"API Mobility","description":"Conversions Without Limits","publisher":{"@id":"https:\/\/api-mobility.com\/#organization"},"alternateName":"API Mobility","potentialAction":[{"@type":"SearchAction","target":{"@type":"EntryPoint","urlTemplate":"https:\/\/api-mobility.com\/?s={search_term_string}"},"query-input":"required name=search_term_string"}],"inLanguage":"cs"},{"@type":"Organization","@id":"https:\/\/api-mobility.com\/#organization","name":"API","url":"https:\/\/api-mobility.com\/","logo":{"@type":"ImageObject","inLanguage":"cs","@id":"https:\/\/api-mobility.com\/#\/schema\/logo\/image\/","url":"https:\/\/api-mobility.com\/wp-content\/uploads\/2020\/10\/api-logo.png","contentUrl":"https:\/\/api-mobility.com\/wp-content\/uploads\/2020\/10\/api-logo.png","width":418,"height":610,"caption":"API"},"image":{"@id":"https:\/\/api-mobility.com\/#\/schema\/logo\/image\/"}}]}},"_links":{"self":[{"href":"https:\/\/api-mobility.com\/cs\/wp-json\/wp\/v2\/pages\/6048"}],"collection":[{"href":"https:\/\/api-mobility.com\/cs\/wp-json\/wp\/v2\/pages"}],"about":[{"href":"https:\/\/api-mobility.com\/cs\/wp-json\/wp\/v2\/types\/page"}],"author":[{"embeddable":true,"href":"https:\/\/api-mobility.com\/cs\/wp-json\/wp\/v2\/users\/1"}],"replies":[{"embeddable":true,"href":"https:\/\/api-mobility.com\/cs\/wp-json\/wp\/v2\/comments?post=6048"}],"version-history":[{"count":1,"href":"https:\/\/api-mobility.com\/cs\/wp-json\/wp\/v2\/pages\/6048\/revisions"}],"predecessor-version":[{"id":6049,"href":"https:\/\/api-mobility.com\/cs\/wp-json\/wp\/v2\/pages\/6048\/revisions\/6049"}],"up":[{"embeddable":true,"href":"https:\/\/api-mobility.com\/cs\/wp-json\/wp\/v2\/pages\/5831"}],"wp:attachment":[{"href":"https:\/\/api-mobility.com\/cs\/wp-json\/wp\/v2\/media?parent=6048"}],"curies":[{"name":"wp","href":"https:\/\/api.w.org\/{rel}","templated":true}]}}