{"id":5852,"date":"2023-07-04T17:24:53","date_gmt":"2023-07-04T15:24:53","guid":{"rendered":"https:\/\/api-mobility.com\/otisk\/"},"modified":"2023-07-04T17:24:54","modified_gmt":"2023-07-04T15:24:54","slug":"otisk","status":"publish","type":"page","link":"https:\/\/api-mobility.com\/cs\/otisk\/","title":{"rendered":"Otisk"},"content":{"rendered":"\t\t<div data-elementor-type=\"wp-page\" data-elementor-id=\"5852\" class=\"elementor elementor-5852 elementor-5740\">\n\t\t\t\t\t\t\t<div class=\"elementor-element elementor-element-714ec3e e-flex e-con-boxed e-con e-parent\" data-id=\"714ec3e\" data-element_type=\"container\" data-settings=\"{&quot;container_type&quot;:&quot;flex&quot;,&quot;content_width&quot;:&quot;boxed&quot;}\" data-core-v316-plus=\"true\">\n\t\t\t\t\t<div class=\"e-con-inner\">\n\t\t\t\t<div class=\"elementor-element elementor-element-b36767e elementor-widget elementor-widget-heading\" data-id=\"b36767e\" data-element_type=\"widget\" data-widget_type=\"heading.default\">\n\t\t\t\t<div class=\"elementor-widget-container\">\n\t\t\t<style>\/*! elementor - v3.18.0 - 08-12-2023 *\/\n.elementor-heading-title{padding:0;margin:0;line-height:1}.elementor-widget-heading .elementor-heading-title[class*=elementor-size-]>a{color:inherit;font-size:inherit;line-height:inherit}.elementor-widget-heading .elementor-heading-title.elementor-size-small{font-size:15px}.elementor-widget-heading .elementor-heading-title.elementor-size-medium{font-size:19px}.elementor-widget-heading .elementor-heading-title.elementor-size-large{font-size:29px}.elementor-widget-heading .elementor-heading-title.elementor-size-xl{font-size:39px}.elementor-widget-heading .elementor-heading-title.elementor-size-xxl{font-size:59px}<\/style><h1 class=\"elementor-heading-title elementor-size-default\">Otisk<\/h1>\t\t<\/div>\n\t\t\t\t<\/div>\n\t\t\t\t<div class=\"elementor-element elementor-element-1f090f7 elementor-widget elementor-widget-text-editor\" data-id=\"1f090f7\" data-element_type=\"widget\" data-widget_type=\"text-editor.default\">\n\t\t\t\t<div class=\"elementor-widget-container\">\n\t\t\t<style>\/*! elementor - v3.18.0 - 08-12-2023 *\/\n.elementor-widget-text-editor.elementor-drop-cap-view-stacked .elementor-drop-cap{background-color:#69727d;color:#fff}.elementor-widget-text-editor.elementor-drop-cap-view-framed .elementor-drop-cap{color:#69727d;border:3px solid;background-color:transparent}.elementor-widget-text-editor:not(.elementor-drop-cap-view-default) .elementor-drop-cap{margin-top:8px}.elementor-widget-text-editor:not(.elementor-drop-cap-view-default) .elementor-drop-cap-letter{width:1em;height:1em}.elementor-widget-text-editor .elementor-drop-cap{float:left;text-align:center;line-height:1;font-size:50px}.elementor-widget-text-editor .elementor-drop-cap-letter{display:inline-block}<\/style>\t\t\t\t<p>Vydavatel a odpov\u011bdnost za obsah podle \u00a7 6 MDStV.:<\/p>\n<p>API DE GMBH<br \/>Karl-Marx-Stra\u00dfe 22-24<br \/>12529 Sch\u00f6nefeld OT Gro\u00dfziethen<\/p>\n<p>Telefon +49(0)3379 &#8211; 31 062 74<br \/>Fax +49(0)3379 \u2013 32 182 48<br \/>E-mail: contact@apicz.com<\/p>\n<p>Obchodn\u00ed rejst\u0159\u00edk: Cottbus HRB 13355 C<\/p>\n<p>V\u00fdkonn\u00fd \u0159editel: Stephan Schwartz<\/p>\n<p>Komunikace zna\u010dky a v\u00fdvoj webov\u00fdch str\u00e1nek:<br \/>stilbrand DESIGNWERKSTATT \u00b7 Berlin<\/p>\n<h2>COPYRIGHT<\/h2>\n<p>Obsah a d\u00edla na t\u011bchto str\u00e1nk\u00e1ch vytvo\u0159en\u00e1 provozovateli str\u00e1nek podl\u00e9haj\u00ed n\u011bmeck\u00e9mu autorsk\u00e9mu pr\u00e1vu. P\u0159\u00edsp\u011bvky t\u0159et\u00edch stran jsou takto ozna\u010deny. Kop\u00edrov\u00e1n\u00ed, zpracov\u00e1n\u00ed, \u0161\u00ed\u0159en\u00ed nebo jak\u00e1koli forma komercializace takov\u00e9ho materi\u00e1lu nad r\u00e1mec autorsk\u00e9ho z\u00e1kona vy\u017eaduje p\u0159edchoz\u00ed p\u00edsemn\u00fd souhlas p\u0159\u00edslu\u0161n\u00e9ho autora nebo tv\u016frce. Stahov\u00e1n\u00ed a kop\u00edrov\u00e1n\u00ed t\u011bchto str\u00e1nek je povoleno pouze pro soukrom\u00e9, nekomer\u010dn\u00ed pou\u017eit\u00ed. Provozovatel\u00e9 t\u011bchto str\u00e1nek se v\u017edy sna\u017e\u00ed respektovat autorsk\u00e1 pr\u00e1va jin\u00fdch osob nebo pou\u017e\u00edvat vlastn\u00ed d\u00edla \u010di d\u00edla ve ve\u0159ejn\u00e9m vlastnictv\u00ed.    <\/p>\n<h2>PORU\u0160EN\u00cd VLASTNICK\u00c9HO PR\u00c1VA<\/h2>\n<p>Pokud m\u00e1te podez\u0159en\u00ed, \u017ee na t\u011bchto webov\u00fdch str\u00e1nk\u00e1ch do\u0161lo k poru\u0161en\u00ed n\u011bkter\u00e9ho z va\u0161ich vlastnick\u00fdch pr\u00e1v, neprodlen\u011b n\u00e1s informujte e-mailem, abychom mohli p\u0159ijmout p\u0159\u00edslu\u0161n\u00e1 n\u00e1pravn\u00e1 opat\u0159en\u00ed.<\/p>\n<h2>Z\u00c1SADY OCHRANY OSOBN\u00cdCH \u00daDAJ\u016e<\/h2>\n<p>Jako provozovatel webu apide.de bereme ochranu va\u0161ich osobn\u00edch \u00fadaj\u016f velmi v\u00e1\u017en\u011b a dodr\u017eujeme pravidla z\u00e1kon\u016f o ochran\u011b osobn\u00edch \u00fadaj\u016f. N\u00e1sleduj\u00edc\u00ed prohl\u00e1\u0161en\u00ed v\u00e1m poskytuje p\u0159ehled o tom, jak\u00e9 \u00fadaje jsou shroma\u017e\u010fov\u00e1ny, za jak\u00fdm \u00fa\u010delem a v jak\u00e9m rozsahu jsou tyto \u00fadaje poskytov\u00e1ny t\u0159et\u00edm stran\u00e1m. <\/p>\n<p><strong>ZPRACOV\u00c1N\u00cd DAT<\/strong><\/p>\n<p>Ve statistik\u00e1ch serveru (nap\u0159. v souborech protokolu serveru) se ukl\u00e1daj\u00ed \u00fadaje, kter\u00e9 v\u00e1\u0161 prohl\u00ed\u017ee\u010d automaticky p\u0159en\u00e1\u0161\u00ed. Jedn\u00e1 se o:<\/p>\n<ul>\n<li>Typ a verze prohl\u00ed\u017ee\u010de<\/li>\n<li>\u010cas po\u017eadavku serveru<\/li>\n<li>Odkazuj\u00edc\u00ed adresa URL (d\u0159\u00edve nav\u0161t\u00edven\u00e1 str\u00e1nka)<\/li>\n<li>N\u00e1zev hostitele p\u0159istupuj\u00edc\u00edho po\u010d\u00edta\u010de (IP adresa)<\/li>\n<li>Pou\u017eit\u00fd opera\u010dn\u00ed syst\u00e9m<\/li>\n<\/ul>\n<p>Tyto \u00fadaje nem\u016f\u017eeme p\u0159i\u0159adit ke konkr\u00e9tn\u00edm osob\u00e1m. Tyto \u00fadaje tak\u00e9 nespojujeme s jin\u00fdmi zdroji \u00fadaj\u016f. <\/p>\n<h2>E-maily<\/h2>\n<p>Samoz\u0159ejm\u011b shroma\u017e\u010fujeme a ukl\u00e1d\u00e1me takov\u00e9 informace, kter\u00e9 zad\u00e1te na str\u00e1nk\u00e1ch apide.de nebo n\u00e1m je p\u0159ed\u00e1te jin\u00fdm zp\u016fsobem. Pat\u0159\u00ed sem jm\u00e9na, e-mailov\u00e9 adresy a adresy URL, kter\u00e9 zad\u00e1v\u00e1te do p\u0159\u00edslu\u0161n\u00fdch kontaktn\u00edch formul\u00e1\u0159\u016f. Tyto informace jsou poskytov\u00e1ny dobrovoln\u011b a nejsou nijak ov\u011b\u0159ov\u00e1ny. \u00dadaje jsou tak\u00e9 shroma\u017e\u010fov\u00e1ny a ukl\u00e1d\u00e1ny, kdy\u017e n\u00e1m pos\u00edl\u00e1te e-maily.   <\/p>\n<h2>PR\u00c1VO NA INFORMACE<\/h2>\n<p>V p\u0159\u00edpad\u011b jak\u00fdchkoli dal\u0161\u00edch dotaz\u016f t\u00fdkaj\u00edc\u00edch se zabezpe\u010den\u00ed dat n\u00e1s nev\u00e1hejte kontaktovat na adrese contact@apicz.com.<\/p>\n<h2>Z\u00c1SADY OCHRANY OSOBN\u00cdCH \u00daDAJ\u016e PRO POU\u017d\u00cdV\u00c1N\u00cd SLU\u017dBY GOOGLE ANALYTICS<\/h2>\n<p>Tyto webov\u00e9 str\u00e1nky pou\u017e\u00edvaj\u00ed slu\u017ebu Google Analytics, kterou poskytuje spole\u010dnost Google, Inc (&#8222;Google&#8220;). Slu\u017eba Google Analytics pou\u017e\u00edv\u00e1 &#8222;cookies&#8220;, co\u017e jsou textov\u00e9 soubory um\u00edst\u011bn\u00e9 na va\u0161em po\u010d\u00edta\u010di, kter\u00e9 pom\u00e1haj\u00ed webov\u00e9 str\u00e1nce analyzovat, jak u\u017eivatel\u00e9 str\u00e1nky pou\u017e\u00edvaj\u00ed. Informace vygenerovan\u00e9 souborem cookie o va\u0161em pou\u017e\u00edv\u00e1n\u00ed t\u00e9to webov\u00e9 str\u00e1nky se obvykle p\u0159en\u00e1\u0161ej\u00ed na server spole\u010dnosti Google v USA a tam se ukl\u00e1daj\u00ed. V p\u0159\u00edpad\u011b, \u017ee je na t\u011bchto webov\u00fdch str\u00e1nk\u00e1ch aktivov\u00e1na anonymizace IP, bude v\u0161ak va\u0161e IP adresa v \u010dlensk\u00fdch st\u00e1tech Evropsk\u00e9 unie nebo v jin\u00fdch smluvn\u00edch st\u00e1tech Dohody o Evropsk\u00e9m hospod\u00e1\u0159sk\u00e9m prostoru spole\u010dnost\u00ed Google p\u0159edem zkr\u00e1cena.   <\/p>\n<p>Pouze ve v\u00fdjime\u010dn\u00fdch p\u0159\u00edpadech bude cel\u00e1 IP adresa p\u0159enesena na server spole\u010dnosti Google v USA a tam zkr\u00e1cena. Z pov\u011b\u0159en\u00ed provozovatele t\u011bchto webov\u00fdch str\u00e1nek bude spole\u010dnost Google tyto informace pou\u017e\u00edvat za \u00fa\u010delem vyhodnocov\u00e1n\u00ed va\u0161eho pou\u017e\u00edv\u00e1n\u00ed webov\u00fdch str\u00e1nek, sestavov\u00e1n\u00ed zpr\u00e1v o \u010dinnosti na webov\u00fdch str\u00e1nk\u00e1ch a poskytov\u00e1n\u00ed dal\u0161\u00edch slu\u017eeb souvisej\u00edc\u00edch s \u010dinnost\u00ed na webov\u00fdch str\u00e1nk\u00e1ch a pou\u017e\u00edv\u00e1n\u00edm internetu provozovateli webov\u00fdch str\u00e1nek. IP adresa p\u0159edan\u00e1 va\u0161\u00edm prohl\u00ed\u017ee\u010dem v r\u00e1mci slu\u017eby Google Analytics nebude slou\u010dena s jin\u00fdmi \u00fadaji spole\u010dnosti Google.  <\/p>\n<p>Pou\u017e\u00edv\u00e1n\u00ed soubor\u016f cookie m\u016f\u017eete odm\u00edtnout v\u00fdb\u011brem p\u0159\u00edslu\u0161n\u00e9ho nastaven\u00ed ve sv\u00e9m prohl\u00ed\u017ee\u010di, av\u0161ak upozor\u0148ujeme, \u017ee v takov\u00e9m p\u0159\u00edpad\u011b nebudete moci vyu\u017e\u00edvat v\u0161echny funkce t\u011bchto webov\u00fdch str\u00e1nek. Shroma\u017e\u010fov\u00e1n\u00ed \u00fadaj\u016f generovan\u00fdch souborem cookie a souvisej\u00edc\u00edch s va\u0161\u00edm pou\u017e\u00edv\u00e1n\u00edm webov\u00fdch str\u00e1nek (v\u010detn\u011b va\u0161\u00ed IP adresy) pro spole\u010dnost Google a zpracov\u00e1n\u00ed t\u011bchto \u00fadaj\u016f spole\u010dnost\u00ed Google m\u016f\u017eete zabr\u00e1nit tak\u00e9 sta\u017een\u00edm a instalac\u00ed dopl\u0148ku prohl\u00ed\u017ee\u010de, kter\u00fd je k dispozici na n\u00e1sleduj\u00edc\u00edm odkazu: http:\/\/tools.google.com\/dlpage\/gaoptout?hl=de. <\/p>\n\t\t\t\t\t\t<\/div>\n\t\t\t\t<\/div>\n\t\t\t\t\t<\/div>\n\t\t\t\t<\/div>\n\t\t\t\t\t\t\t<\/div>\n\t\t","protected":false},"excerpt":{"rendered":"<p>Otisk Vydavatel a odpov\u011bdnost za obsah podle \u00a7 6 MDStV.: API DE GMBHKarl-Marx-Stra\u00dfe 22-2412529 Sch\u00f6nefeld OT Gro\u00dfziethen Telefon +49(0)3379 &#8211; 31 062 74Fax +49(0)3379 \u2013 32 182 48E-mail: contact@apicz.com Obchodn\u00ed rejst\u0159\u00edk: Cottbus HRB 13355 C V\u00fdkonn\u00fd \u0159editel: Stephan Schwartz Komunikace zna\u010dky a v\u00fdvoj webov\u00fdch str\u00e1nek:stilbrand DESIGNWERKSTATT \u00b7 Berlin COPYRIGHT Obsah a d\u00edla na t\u011bchto str\u00e1nk\u00e1ch &hellip;<\/p>\n<p class=\"read-more\"> <a class=\"\" href=\"https:\/\/api-mobility.com\/cs\/otisk\/\"> <span class=\"screen-reader-text\">Otisk<\/span> \u010c\u00edst d\u00e1l \u00bb<\/a><\/p>\n","protected":false},"author":1,"featured_media":0,"parent":0,"menu_order":0,"comment_status":"closed","ping_status":"closed","template":"","meta":{"inline_featured_image":false,"site-sidebar-layout":"no-sidebar","site-content-layout":"page-builder","ast-site-content-layout":"","site-content-style":"default","site-sidebar-style":"default","ast-global-header-display":"","ast-banner-title-visibility":"","ast-main-header-display":"","ast-hfb-above-header-display":"","ast-hfb-below-header-display":"","ast-hfb-mobile-header-display":"","site-post-title":"disabled","ast-breadcrumbs-content":"","ast-featured-img":"disabled","footer-sml-layout":"","theme-transparent-header-meta":"","adv-header-id-meta":"","stick-header-meta":"","header-above-stick-meta":"","header-main-stick-meta":"","header-below-stick-meta":"","astra-migrate-meta-layouts":"default","ast-page-background-enabled":"default","ast-page-background-meta":{"desktop":{"background-color":"var(--ast-global-color-4)","background-image":"","background-repeat":"repeat","background-position":"center center","background-size":"auto","background-attachment":"scroll","background-type":"","background-media":"","overlay-type":"","overlay-color":"","overlay-gradient":""},"tablet":{"background-color":"","background-image":"","background-repeat":"repeat","background-position":"center center","background-size":"auto","background-attachment":"scroll","background-type":"","background-media":"","overlay-type":"","overlay-color":"","overlay-gradient":""},"mobile":{"background-color":"","background-image":"","background-repeat":"repeat","background-position":"center center","background-size":"auto","background-attachment":"scroll","background-type":"","background-media":"","overlay-type":"","overlay-color":"","overlay-gradient":""}},"ast-content-background-meta":{"desktop":{"background-color":"var(--ast-global-color-5)","background-image":"","background-repeat":"repeat","background-position":"center center","background-size":"auto","background-attachment":"scroll","background-type":"","background-media":"","overlay-type":"","overlay-color":"","overlay-gradient":""},"tablet":{"background-color":"var(--ast-global-color-5)","background-image":"","background-repeat":"repeat","background-position":"center center","background-size":"auto","background-attachment":"scroll","background-type":"","background-media":"","overlay-type":"","overlay-color":"","overlay-gradient":""},"mobile":{"background-color":"var(--ast-global-color-5)","background-image":"","background-repeat":"repeat","background-position":"center center","background-size":"auto","background-attachment":"scroll","background-type":"","background-media":"","overlay-type":"","overlay-color":"","overlay-gradient":""}},"footnotes":""},"yoast_head":"<!-- This site is optimized with the Yoast SEO plugin v21.7 - https:\/\/yoast.com\/wordpress\/plugins\/seo\/ -->\n<title>Otisk |<\/title>\n<meta name=\"robots\" content=\"index, follow, max-snippet:-1, max-image-preview:large, max-video-preview:-1\" \/>\n<link rel=\"canonical\" href=\"https:\/\/api-mobility.com\/cs\/otisk\/\" \/>\n<meta property=\"og:locale\" content=\"cs_CZ\" \/>\n<meta property=\"og:type\" content=\"article\" \/>\n<meta property=\"og:title\" content=\"Otisk |\" \/>\n<meta property=\"og:description\" content=\"Otisk Vydavatel a odpov\u011bdnost za obsah podle \u00a7 6 MDStV.: API DE GMBHKarl-Marx-Stra\u00dfe 22-2412529 Sch\u00f6nefeld OT Gro\u00dfziethen Telefon +49(0)3379 &#8211; 31 062 74Fax +49(0)3379 \u2013 32 182 48E-mail: contact@apicz.com Obchodn\u00ed rejst\u0159\u00edk: Cottbus HRB 13355 C V\u00fdkonn\u00fd \u0159editel: Stephan Schwartz Komunikace zna\u010dky a v\u00fdvoj webov\u00fdch str\u00e1nek:stilbrand DESIGNWERKSTATT \u00b7 Berlin COPYRIGHT Obsah a d\u00edla na t\u011bchto str\u00e1nk\u00e1ch &hellip; Otisk \u010c\u00edst d\u00e1l \u00bb\" \/>\n<meta property=\"og:url\" content=\"https:\/\/api-mobility.com\/cs\/otisk\/\" \/>\n<meta property=\"article:modified_time\" content=\"2023-07-04T15:24:54+00:00\" \/>\n<meta name=\"twitter:card\" content=\"summary_large_image\" \/>\n<meta name=\"twitter:label1\" content=\"Odhadovan\u00e1 doba \u010dten\u00ed\" \/>\n\t<meta name=\"twitter:data1\" content=\"4 minuty\" \/>\n<script type=\"application\/ld+json\" class=\"yoast-schema-graph\">{\"@context\":\"https:\/\/schema.org\",\"@graph\":[{\"@type\":\"WebPage\",\"@id\":\"https:\/\/api-mobility.com\/cs\/otisk\/\",\"url\":\"https:\/\/api-mobility.com\/cs\/otisk\/\",\"name\":\"Otisk |\",\"isPartOf\":{\"@id\":\"https:\/\/api-mobility.com\/#website\"},\"datePublished\":\"2023-07-04T15:24:53+00:00\",\"dateModified\":\"2023-07-04T15:24:54+00:00\",\"breadcrumb\":{\"@id\":\"https:\/\/api-mobility.com\/cs\/otisk\/#breadcrumb\"},\"inLanguage\":\"cs\",\"potentialAction\":[{\"@type\":\"ReadAction\",\"target\":[\"https:\/\/api-mobility.com\/cs\/otisk\/\"]}]},{\"@type\":\"BreadcrumbList\",\"@id\":\"https:\/\/api-mobility.com\/cs\/otisk\/#breadcrumb\",\"itemListElement\":[{\"@type\":\"ListItem\",\"position\":1,\"name\":\"Startseite\",\"item\":\"https:\/\/api-mobility.com\/\"},{\"@type\":\"ListItem\",\"position\":2,\"name\":\"Otisk\"}]},{\"@type\":\"WebSite\",\"@id\":\"https:\/\/api-mobility.com\/#website\",\"url\":\"https:\/\/api-mobility.com\/\",\"name\":\"API Mobility\",\"description\":\"Conversions Without Limits\",\"publisher\":{\"@id\":\"https:\/\/api-mobility.com\/#organization\"},\"alternateName\":\"API Mobility\",\"potentialAction\":[{\"@type\":\"SearchAction\",\"target\":{\"@type\":\"EntryPoint\",\"urlTemplate\":\"https:\/\/api-mobility.com\/?s={search_term_string}\"},\"query-input\":\"required name=search_term_string\"}],\"inLanguage\":\"cs\"},{\"@type\":\"Organization\",\"@id\":\"https:\/\/api-mobility.com\/#organization\",\"name\":\"API\",\"url\":\"https:\/\/api-mobility.com\/\",\"logo\":{\"@type\":\"ImageObject\",\"inLanguage\":\"cs\",\"@id\":\"https:\/\/api-mobility.com\/#\/schema\/logo\/image\/\",\"url\":\"https:\/\/api-mobility.com\/wp-content\/uploads\/2020\/10\/api-logo.png\",\"contentUrl\":\"https:\/\/api-mobility.com\/wp-content\/uploads\/2020\/10\/api-logo.png\",\"width\":418,\"height\":610,\"caption\":\"API\"},\"image\":{\"@id\":\"https:\/\/api-mobility.com\/#\/schema\/logo\/image\/\"}}]}<\/script>\n<!-- \/ Yoast SEO plugin. -->","yoast_head_json":{"title":"Otisk |","robots":{"index":"index","follow":"follow","max-snippet":"max-snippet:-1","max-image-preview":"max-image-preview:large","max-video-preview":"max-video-preview:-1"},"canonical":"https:\/\/api-mobility.com\/cs\/otisk\/","og_locale":"cs_CZ","og_type":"article","og_title":"Otisk |","og_description":"Otisk Vydavatel a odpov\u011bdnost za obsah podle \u00a7 6 MDStV.: API DE GMBHKarl-Marx-Stra\u00dfe 22-2412529 Sch\u00f6nefeld OT Gro\u00dfziethen Telefon +49(0)3379 &#8211; 31 062 74Fax +49(0)3379 \u2013 32 182 48E-mail: contact@apicz.com Obchodn\u00ed rejst\u0159\u00edk: Cottbus HRB 13355 C V\u00fdkonn\u00fd \u0159editel: Stephan Schwartz Komunikace zna\u010dky a v\u00fdvoj webov\u00fdch str\u00e1nek:stilbrand DESIGNWERKSTATT \u00b7 Berlin COPYRIGHT Obsah a d\u00edla na t\u011bchto str\u00e1nk\u00e1ch &hellip; Otisk \u010c\u00edst d\u00e1l \u00bb","og_url":"https:\/\/api-mobility.com\/cs\/otisk\/","article_modified_time":"2023-07-04T15:24:54+00:00","twitter_card":"summary_large_image","twitter_misc":{"Odhadovan\u00e1 doba \u010dten\u00ed":"4 minuty"},"schema":{"@context":"https:\/\/schema.org","@graph":[{"@type":"WebPage","@id":"https:\/\/api-mobility.com\/cs\/otisk\/","url":"https:\/\/api-mobility.com\/cs\/otisk\/","name":"Otisk |","isPartOf":{"@id":"https:\/\/api-mobility.com\/#website"},"datePublished":"2023-07-04T15:24:53+00:00","dateModified":"2023-07-04T15:24:54+00:00","breadcrumb":{"@id":"https:\/\/api-mobility.com\/cs\/otisk\/#breadcrumb"},"inLanguage":"cs","potentialAction":[{"@type":"ReadAction","target":["https:\/\/api-mobility.com\/cs\/otisk\/"]}]},{"@type":"BreadcrumbList","@id":"https:\/\/api-mobility.com\/cs\/otisk\/#breadcrumb","itemListElement":[{"@type":"ListItem","position":1,"name":"Startseite","item":"https:\/\/api-mobility.com\/"},{"@type":"ListItem","position":2,"name":"Otisk"}]},{"@type":"WebSite","@id":"https:\/\/api-mobility.com\/#website","url":"https:\/\/api-mobility.com\/","name":"API Mobility","description":"Conversions Without Limits","publisher":{"@id":"https:\/\/api-mobility.com\/#organization"},"alternateName":"API Mobility","potentialAction":[{"@type":"SearchAction","target":{"@type":"EntryPoint","urlTemplate":"https:\/\/api-mobility.com\/?s={search_term_string}"},"query-input":"required name=search_term_string"}],"inLanguage":"cs"},{"@type":"Organization","@id":"https:\/\/api-mobility.com\/#organization","name":"API","url":"https:\/\/api-mobility.com\/","logo":{"@type":"ImageObject","inLanguage":"cs","@id":"https:\/\/api-mobility.com\/#\/schema\/logo\/image\/","url":"https:\/\/api-mobility.com\/wp-content\/uploads\/2020\/10\/api-logo.png","contentUrl":"https:\/\/api-mobility.com\/wp-content\/uploads\/2020\/10\/api-logo.png","width":418,"height":610,"caption":"API"},"image":{"@id":"https:\/\/api-mobility.com\/#\/schema\/logo\/image\/"}}]}},"_links":{"self":[{"href":"https:\/\/api-mobility.com\/cs\/wp-json\/wp\/v2\/pages\/5852"}],"collection":[{"href":"https:\/\/api-mobility.com\/cs\/wp-json\/wp\/v2\/pages"}],"about":[{"href":"https:\/\/api-mobility.com\/cs\/wp-json\/wp\/v2\/types\/page"}],"author":[{"embeddable":true,"href":"https:\/\/api-mobility.com\/cs\/wp-json\/wp\/v2\/users\/1"}],"replies":[{"embeddable":true,"href":"https:\/\/api-mobility.com\/cs\/wp-json\/wp\/v2\/comments?post=5852"}],"version-history":[{"count":1,"href":"https:\/\/api-mobility.com\/cs\/wp-json\/wp\/v2\/pages\/5852\/revisions"}],"predecessor-version":[{"id":5853,"href":"https:\/\/api-mobility.com\/cs\/wp-json\/wp\/v2\/pages\/5852\/revisions\/5853"}],"wp:attachment":[{"href":"https:\/\/api-mobility.com\/cs\/wp-json\/wp\/v2\/media?parent=5852"}],"curies":[{"name":"wp","href":"https:\/\/api.w.org\/{rel}","templated":true}]}}