{"id":5850,"date":"2023-07-04T17:22:02","date_gmt":"2023-07-04T15:22:02","guid":{"rendered":"https:\/\/api-mobility.com\/odmitnuti-odpovednosti\/"},"modified":"2023-07-04T17:22:02","modified_gmt":"2023-07-04T15:22:02","slug":"odmitnuti-odpovednosti","status":"publish","type":"page","link":"https:\/\/api-mobility.com\/cs\/odmitnuti-odpovednosti\/","title":{"rendered":"Odm\u00edtnut\u00ed odpov\u011bdnosti"},"content":{"rendered":"\t\t<div data-elementor-type=\"wp-page\" data-elementor-id=\"5850\" class=\"elementor elementor-5850 elementor-5751\">\n\t\t\t\t\t\t\t<div class=\"elementor-element elementor-element-48543b7 e-flex e-con-boxed e-con e-parent\" data-id=\"48543b7\" data-element_type=\"container\" data-settings=\"{&quot;container_type&quot;:&quot;flex&quot;,&quot;content_width&quot;:&quot;boxed&quot;}\" data-core-v316-plus=\"true\">\n\t\t\t\t\t<div class=\"e-con-inner\">\n\t\t\t\t<div class=\"elementor-element elementor-element-a16cfd0 elementor-widget elementor-widget-heading\" data-id=\"a16cfd0\" data-element_type=\"widget\" data-widget_type=\"heading.default\">\n\t\t\t\t<div class=\"elementor-widget-container\">\n\t\t\t<style>\/*! elementor - v3.18.0 - 08-12-2023 *\/\n.elementor-heading-title{padding:0;margin:0;line-height:1}.elementor-widget-heading .elementor-heading-title[class*=elementor-size-]>a{color:inherit;font-size:inherit;line-height:inherit}.elementor-widget-heading .elementor-heading-title.elementor-size-small{font-size:15px}.elementor-widget-heading .elementor-heading-title.elementor-size-medium{font-size:19px}.elementor-widget-heading .elementor-heading-title.elementor-size-large{font-size:29px}.elementor-widget-heading .elementor-heading-title.elementor-size-xl{font-size:39px}.elementor-widget-heading .elementor-heading-title.elementor-size-xxl{font-size:59px}<\/style><h1 class=\"elementor-heading-title elementor-size-default\">Odpov\u011bdnost<\/h1>\t\t<\/div>\n\t\t\t\t<\/div>\n\t\t\t\t<div class=\"elementor-element elementor-element-3680b76 elementor-widget elementor-widget-text-editor\" data-id=\"3680b76\" data-element_type=\"widget\" data-widget_type=\"text-editor.default\">\n\t\t\t\t<div class=\"elementor-widget-container\">\n\t\t\t<style>\/*! elementor - v3.18.0 - 08-12-2023 *\/\n.elementor-widget-text-editor.elementor-drop-cap-view-stacked .elementor-drop-cap{background-color:#69727d;color:#fff}.elementor-widget-text-editor.elementor-drop-cap-view-framed .elementor-drop-cap{color:#69727d;border:3px solid;background-color:transparent}.elementor-widget-text-editor:not(.elementor-drop-cap-view-default) .elementor-drop-cap{margin-top:8px}.elementor-widget-text-editor:not(.elementor-drop-cap-view-default) .elementor-drop-cap-letter{width:1em;height:1em}.elementor-widget-text-editor .elementor-drop-cap{float:left;text-align:center;line-height:1;font-size:50px}.elementor-widget-text-editor .elementor-drop-cap-letter{display:inline-block}<\/style>\t\t\t\t<p><b>Odm\u00edtnut\u00ed odpov\u011bdnosti<\/b><\/p>\n<p>Tyto webov\u00e9 str\u00e1nky byly sestaveny s maxim\u00e1ln\u00ed kontrolou obsahu. P\u0159esto nen\u00ed zaru\u010dena bezchybnost a p\u0159esnost obsa\u017een\u00fdch informac\u00ed. Jak\u00e1koli odpov\u011bdnost za \u0161kody vznikl\u00e9 p\u0159\u00edmo \u010di nep\u0159\u00edmo v d\u016fsledku pou\u017e\u00edv\u00e1n\u00ed t\u011bchto webov\u00fdch str\u00e1nek je vylou\u010dena. Stejn\u011b tak nep\u0159eb\u00edr\u00e1me \u017e\u00e1dnou odpov\u011bdnost za obsah extern\u00edch odkaz\u016f. Za obsah odkazovan\u00fdch str\u00e1nek odpov\u00eddaj\u00ed v\u00fdhradn\u011b jejich provozovatel\u00e9. Vyhrazujeme si pr\u00e1vo na zm\u011bny v pr\u016fb\u011bhu technick\u00e9ho pokroku.     <\/p>\n<p><b>Odpov\u011bdnost za odkazy<\/b><\/p>\n<p>Na\u0161e nab\u00eddka obsahuje odkazy na extern\u00ed webov\u00e9 str\u00e1nky t\u0159et\u00edch stran, na jejich\u017e obsah nem\u00e1me \u017e\u00e1dn\u00fd vliv. Proto za tento extern\u00ed obsah nem\u016f\u017eeme n\u00e9st \u017e\u00e1dnou odpov\u011bdnost. Za obsah odkazovan\u00fdch str\u00e1nek je v\u017edy odpov\u011bdn\u00fd p\u0159\u00edslu\u0161n\u00fd poskytovatel nebo provozovatel str\u00e1nek. Odkazovan\u00e9 str\u00e1nky byly v dob\u011b odkazov\u00e1n\u00ed zkontrolov\u00e1ny z hlediska mo\u017en\u00e9ho poru\u0161en\u00ed pr\u00e1vn\u00edch p\u0159edpis\u016f. Nez\u00e1konn\u00fd obsah nebyl v dob\u011b odkazov\u00e1n\u00ed rozpozn\u00e1n. Trval\u00e1 kontrola obsahu odkazovan\u00fdch str\u00e1nek v\u0161ak nen\u00ed bez konkr\u00e9tn\u00edch d\u016fkaz\u016f o poru\u0161en\u00ed z\u00e1kona \u00fa\u010deln\u00e1. Pokud se o poru\u0161en\u00ed p\u0159edpis\u016f dozv\u00edme, takov\u00e9 odkazy neprodlen\u011b odstran\u00edme.      <\/p>\n\t\t\t\t\t\t<\/div>\n\t\t\t\t<\/div>\n\t\t\t\t\t<\/div>\n\t\t\t\t<\/div>\n\t\t\t\t\t\t\t<\/div>\n\t\t","protected":false},"excerpt":{"rendered":"<p>Odpov\u011bdnost Odm\u00edtnut\u00ed odpov\u011bdnosti Tyto webov\u00e9 str\u00e1nky byly sestaveny s maxim\u00e1ln\u00ed kontrolou obsahu. P\u0159esto nen\u00ed zaru\u010dena bezchybnost a p\u0159esnost obsa\u017een\u00fdch informac\u00ed. Jak\u00e1koli odpov\u011bdnost za \u0161kody vznikl\u00e9 p\u0159\u00edmo \u010di nep\u0159\u00edmo v d\u016fsledku pou\u017e\u00edv\u00e1n\u00ed t\u011bchto webov\u00fdch str\u00e1nek je vylou\u010dena. Stejn\u011b tak nep\u0159eb\u00edr\u00e1me \u017e\u00e1dnou odpov\u011bdnost za obsah extern\u00edch odkaz\u016f. Za obsah odkazovan\u00fdch str\u00e1nek odpov\u00eddaj\u00ed v\u00fdhradn\u011b jejich provozovatel\u00e9. Vyhrazujeme si &hellip;<\/p>\n<p class=\"read-more\"> <a class=\"\" href=\"https:\/\/api-mobility.com\/cs\/odmitnuti-odpovednosti\/\"> <span class=\"screen-reader-text\">Odm\u00edtnut\u00ed odpov\u011bdnosti<\/span> \u010c\u00edst d\u00e1l \u00bb<\/a><\/p>\n","protected":false},"author":1,"featured_media":0,"parent":0,"menu_order":0,"comment_status":"closed","ping_status":"closed","template":"","meta":{"inline_featured_image":false,"site-sidebar-layout":"no-sidebar","site-content-layout":"page-builder","ast-site-content-layout":"","site-content-style":"default","site-sidebar-style":"default","ast-global-header-display":"","ast-banner-title-visibility":"","ast-main-header-display":"","ast-hfb-above-header-display":"","ast-hfb-below-header-display":"","ast-hfb-mobile-header-display":"","site-post-title":"disabled","ast-breadcrumbs-content":"","ast-featured-img":"disabled","footer-sml-layout":"","theme-transparent-header-meta":"","adv-header-id-meta":"","stick-header-meta":"","header-above-stick-meta":"","header-main-stick-meta":"","header-below-stick-meta":"","astra-migrate-meta-layouts":"default","ast-page-background-enabled":"default","ast-page-background-meta":{"desktop":{"background-color":"var(--ast-global-color-4)","background-image":"","background-repeat":"repeat","background-position":"center center","background-size":"auto","background-attachment":"scroll","background-type":"","background-media":"","overlay-type":"","overlay-color":"","overlay-gradient":""},"tablet":{"background-color":"","background-image":"","background-repeat":"repeat","background-position":"center center","background-size":"auto","background-attachment":"scroll","background-type":"","background-media":"","overlay-type":"","overlay-color":"","overlay-gradient":""},"mobile":{"background-color":"","background-image":"","background-repeat":"repeat","background-position":"center center","background-size":"auto","background-attachment":"scroll","background-type":"","background-media":"","overlay-type":"","overlay-color":"","overlay-gradient":""}},"ast-content-background-meta":{"desktop":{"background-color":"var(--ast-global-color-5)","background-image":"","background-repeat":"repeat","background-position":"center center","background-size":"auto","background-attachment":"scroll","background-type":"","background-media":"","overlay-type":"","overlay-color":"","overlay-gradient":""},"tablet":{"background-color":"var(--ast-global-color-5)","background-image":"","background-repeat":"repeat","background-position":"center center","background-size":"auto","background-attachment":"scroll","background-type":"","background-media":"","overlay-type":"","overlay-color":"","overlay-gradient":""},"mobile":{"background-color":"var(--ast-global-color-5)","background-image":"","background-repeat":"repeat","background-position":"center center","background-size":"auto","background-attachment":"scroll","background-type":"","background-media":"","overlay-type":"","overlay-color":"","overlay-gradient":""}},"footnotes":""},"yoast_head":"<!-- This site is optimized with the Yoast SEO plugin v21.7 - https:\/\/yoast.com\/wordpress\/plugins\/seo\/ -->\n<title>Odm\u00edtnut\u00ed odpov\u011bdnosti |<\/title>\n<meta name=\"robots\" content=\"index, follow, max-snippet:-1, max-image-preview:large, max-video-preview:-1\" \/>\n<link rel=\"canonical\" href=\"https:\/\/api-mobility.com\/cs\/odmitnuti-odpovednosti\/\" \/>\n<meta property=\"og:locale\" content=\"cs_CZ\" \/>\n<meta property=\"og:type\" content=\"article\" \/>\n<meta property=\"og:title\" content=\"Odm\u00edtnut\u00ed odpov\u011bdnosti |\" \/>\n<meta property=\"og:description\" content=\"Odpov\u011bdnost Odm\u00edtnut\u00ed odpov\u011bdnosti Tyto webov\u00e9 str\u00e1nky byly sestaveny s maxim\u00e1ln\u00ed kontrolou obsahu. P\u0159esto nen\u00ed zaru\u010dena bezchybnost a p\u0159esnost obsa\u017een\u00fdch informac\u00ed. Jak\u00e1koli odpov\u011bdnost za \u0161kody vznikl\u00e9 p\u0159\u00edmo \u010di nep\u0159\u00edmo v d\u016fsledku pou\u017e\u00edv\u00e1n\u00ed t\u011bchto webov\u00fdch str\u00e1nek je vylou\u010dena. Stejn\u011b tak nep\u0159eb\u00edr\u00e1me \u017e\u00e1dnou odpov\u011bdnost za obsah extern\u00edch odkaz\u016f. Za obsah odkazovan\u00fdch str\u00e1nek odpov\u00eddaj\u00ed v\u00fdhradn\u011b jejich provozovatel\u00e9. Vyhrazujeme si &hellip; Odm\u00edtnut\u00ed odpov\u011bdnosti \u010c\u00edst d\u00e1l \u00bb\" \/>\n<meta property=\"og:url\" content=\"https:\/\/api-mobility.com\/cs\/odmitnuti-odpovednosti\/\" \/>\n<meta name=\"twitter:card\" content=\"summary_large_image\" \/>\n<meta name=\"twitter:label1\" content=\"Odhadovan\u00e1 doba \u010dten\u00ed\" \/>\n\t<meta name=\"twitter:data1\" content=\"1 minuta\" \/>\n<script type=\"application\/ld+json\" class=\"yoast-schema-graph\">{\"@context\":\"https:\/\/schema.org\",\"@graph\":[{\"@type\":\"WebPage\",\"@id\":\"https:\/\/api-mobility.com\/cs\/odmitnuti-odpovednosti\/\",\"url\":\"https:\/\/api-mobility.com\/cs\/odmitnuti-odpovednosti\/\",\"name\":\"Odm\u00edtnut\u00ed odpov\u011bdnosti |\",\"isPartOf\":{\"@id\":\"https:\/\/api-mobility.com\/#website\"},\"datePublished\":\"2023-07-04T15:22:02+00:00\",\"dateModified\":\"2023-07-04T15:22:02+00:00\",\"breadcrumb\":{\"@id\":\"https:\/\/api-mobility.com\/cs\/odmitnuti-odpovednosti\/#breadcrumb\"},\"inLanguage\":\"cs\",\"potentialAction\":[{\"@type\":\"ReadAction\",\"target\":[\"https:\/\/api-mobility.com\/cs\/odmitnuti-odpovednosti\/\"]}]},{\"@type\":\"BreadcrumbList\",\"@id\":\"https:\/\/api-mobility.com\/cs\/odmitnuti-odpovednosti\/#breadcrumb\",\"itemListElement\":[{\"@type\":\"ListItem\",\"position\":1,\"name\":\"Startseite\",\"item\":\"https:\/\/api-mobility.com\/\"},{\"@type\":\"ListItem\",\"position\":2,\"name\":\"Odm\u00edtnut\u00ed odpov\u011bdnosti\"}]},{\"@type\":\"WebSite\",\"@id\":\"https:\/\/api-mobility.com\/#website\",\"url\":\"https:\/\/api-mobility.com\/\",\"name\":\"API Mobility\",\"description\":\"Conversions Without Limits\",\"publisher\":{\"@id\":\"https:\/\/api-mobility.com\/#organization\"},\"alternateName\":\"API Mobility\",\"potentialAction\":[{\"@type\":\"SearchAction\",\"target\":{\"@type\":\"EntryPoint\",\"urlTemplate\":\"https:\/\/api-mobility.com\/?s={search_term_string}\"},\"query-input\":\"required name=search_term_string\"}],\"inLanguage\":\"cs\"},{\"@type\":\"Organization\",\"@id\":\"https:\/\/api-mobility.com\/#organization\",\"name\":\"API\",\"url\":\"https:\/\/api-mobility.com\/\",\"logo\":{\"@type\":\"ImageObject\",\"inLanguage\":\"cs\",\"@id\":\"https:\/\/api-mobility.com\/#\/schema\/logo\/image\/\",\"url\":\"https:\/\/api-mobility.com\/wp-content\/uploads\/2020\/10\/api-logo.png\",\"contentUrl\":\"https:\/\/api-mobility.com\/wp-content\/uploads\/2020\/10\/api-logo.png\",\"width\":418,\"height\":610,\"caption\":\"API\"},\"image\":{\"@id\":\"https:\/\/api-mobility.com\/#\/schema\/logo\/image\/\"}}]}<\/script>\n<!-- \/ Yoast SEO plugin. -->","yoast_head_json":{"title":"Odm\u00edtnut\u00ed odpov\u011bdnosti |","robots":{"index":"index","follow":"follow","max-snippet":"max-snippet:-1","max-image-preview":"max-image-preview:large","max-video-preview":"max-video-preview:-1"},"canonical":"https:\/\/api-mobility.com\/cs\/odmitnuti-odpovednosti\/","og_locale":"cs_CZ","og_type":"article","og_title":"Odm\u00edtnut\u00ed odpov\u011bdnosti |","og_description":"Odpov\u011bdnost Odm\u00edtnut\u00ed odpov\u011bdnosti Tyto webov\u00e9 str\u00e1nky byly sestaveny s maxim\u00e1ln\u00ed kontrolou obsahu. P\u0159esto nen\u00ed zaru\u010dena bezchybnost a p\u0159esnost obsa\u017een\u00fdch informac\u00ed. Jak\u00e1koli odpov\u011bdnost za \u0161kody vznikl\u00e9 p\u0159\u00edmo \u010di nep\u0159\u00edmo v d\u016fsledku pou\u017e\u00edv\u00e1n\u00ed t\u011bchto webov\u00fdch str\u00e1nek je vylou\u010dena. Stejn\u011b tak nep\u0159eb\u00edr\u00e1me \u017e\u00e1dnou odpov\u011bdnost za obsah extern\u00edch odkaz\u016f. Za obsah odkazovan\u00fdch str\u00e1nek odpov\u00eddaj\u00ed v\u00fdhradn\u011b jejich provozovatel\u00e9. Vyhrazujeme si &hellip; Odm\u00edtnut\u00ed odpov\u011bdnosti \u010c\u00edst d\u00e1l \u00bb","og_url":"https:\/\/api-mobility.com\/cs\/odmitnuti-odpovednosti\/","twitter_card":"summary_large_image","twitter_misc":{"Odhadovan\u00e1 doba \u010dten\u00ed":"1 minuta"},"schema":{"@context":"https:\/\/schema.org","@graph":[{"@type":"WebPage","@id":"https:\/\/api-mobility.com\/cs\/odmitnuti-odpovednosti\/","url":"https:\/\/api-mobility.com\/cs\/odmitnuti-odpovednosti\/","name":"Odm\u00edtnut\u00ed odpov\u011bdnosti |","isPartOf":{"@id":"https:\/\/api-mobility.com\/#website"},"datePublished":"2023-07-04T15:22:02+00:00","dateModified":"2023-07-04T15:22:02+00:00","breadcrumb":{"@id":"https:\/\/api-mobility.com\/cs\/odmitnuti-odpovednosti\/#breadcrumb"},"inLanguage":"cs","potentialAction":[{"@type":"ReadAction","target":["https:\/\/api-mobility.com\/cs\/odmitnuti-odpovednosti\/"]}]},{"@type":"BreadcrumbList","@id":"https:\/\/api-mobility.com\/cs\/odmitnuti-odpovednosti\/#breadcrumb","itemListElement":[{"@type":"ListItem","position":1,"name":"Startseite","item":"https:\/\/api-mobility.com\/"},{"@type":"ListItem","position":2,"name":"Odm\u00edtnut\u00ed odpov\u011bdnosti"}]},{"@type":"WebSite","@id":"https:\/\/api-mobility.com\/#website","url":"https:\/\/api-mobility.com\/","name":"API Mobility","description":"Conversions Without Limits","publisher":{"@id":"https:\/\/api-mobility.com\/#organization"},"alternateName":"API Mobility","potentialAction":[{"@type":"SearchAction","target":{"@type":"EntryPoint","urlTemplate":"https:\/\/api-mobility.com\/?s={search_term_string}"},"query-input":"required name=search_term_string"}],"inLanguage":"cs"},{"@type":"Organization","@id":"https:\/\/api-mobility.com\/#organization","name":"API","url":"https:\/\/api-mobility.com\/","logo":{"@type":"ImageObject","inLanguage":"cs","@id":"https:\/\/api-mobility.com\/#\/schema\/logo\/image\/","url":"https:\/\/api-mobility.com\/wp-content\/uploads\/2020\/10\/api-logo.png","contentUrl":"https:\/\/api-mobility.com\/wp-content\/uploads\/2020\/10\/api-logo.png","width":418,"height":610,"caption":"API"},"image":{"@id":"https:\/\/api-mobility.com\/#\/schema\/logo\/image\/"}}]}},"_links":{"self":[{"href":"https:\/\/api-mobility.com\/cs\/wp-json\/wp\/v2\/pages\/5850"}],"collection":[{"href":"https:\/\/api-mobility.com\/cs\/wp-json\/wp\/v2\/pages"}],"about":[{"href":"https:\/\/api-mobility.com\/cs\/wp-json\/wp\/v2\/types\/page"}],"author":[{"embeddable":true,"href":"https:\/\/api-mobility.com\/cs\/wp-json\/wp\/v2\/users\/1"}],"replies":[{"embeddable":true,"href":"https:\/\/api-mobility.com\/cs\/wp-json\/wp\/v2\/comments?post=5850"}],"version-history":[{"count":1,"href":"https:\/\/api-mobility.com\/cs\/wp-json\/wp\/v2\/pages\/5850\/revisions"}],"predecessor-version":[{"id":5851,"href":"https:\/\/api-mobility.com\/cs\/wp-json\/wp\/v2\/pages\/5850\/revisions\/5851"}],"wp:attachment":[{"href":"https:\/\/api-mobility.com\/cs\/wp-json\/wp\/v2\/media?parent=5850"}],"curies":[{"name":"wp","href":"https:\/\/api.w.org\/{rel}","templated":true}]}}