{"id":5844,"date":"2023-07-04T17:16:29","date_gmt":"2023-07-04T15:16:29","guid":{"rendered":"https:\/\/api-mobility.com\/o-firme-api\/instalace-demontaz\/"},"modified":"2023-07-04T17:16:30","modified_gmt":"2023-07-04T15:16:30","slug":"instalace-demontaz","status":"publish","type":"page","link":"https:\/\/api-mobility.com\/cs\/o-firme-api\/instalace-demontaz\/","title":{"rendered":"INSTALACE &amp; DEMONT\u00c1\u017d"},"content":{"rendered":"\t\t<div data-elementor-type=\"wp-page\" data-elementor-id=\"5844\" class=\"elementor elementor-5844 elementor-5721\">\n\t\t\t\t\t\t\t<div class=\"elementor-element elementor-element-75606e1 e-flex e-con-boxed e-con e-parent\" data-id=\"75606e1\" data-element_type=\"container\" data-settings=\"{&quot;container_type&quot;:&quot;flex&quot;,&quot;content_width&quot;:&quot;boxed&quot;}\" data-core-v316-plus=\"true\">\n\t\t\t\t\t<div class=\"e-con-inner\">\n\t\t\t\t<div class=\"elementor-element elementor-element-b000835 elementor-widget elementor-widget-heading\" data-id=\"b000835\" data-element_type=\"widget\" data-widget_type=\"heading.default\">\n\t\t\t\t<div class=\"elementor-widget-container\">\n\t\t\t<style>\/*! elementor - v3.18.0 - 08-12-2023 *\/\n.elementor-heading-title{padding:0;margin:0;line-height:1}.elementor-widget-heading .elementor-heading-title[class*=elementor-size-]>a{color:inherit;font-size:inherit;line-height:inherit}.elementor-widget-heading .elementor-heading-title.elementor-size-small{font-size:15px}.elementor-widget-heading .elementor-heading-title.elementor-size-medium{font-size:19px}.elementor-widget-heading .elementor-heading-title.elementor-size-large{font-size:29px}.elementor-widget-heading .elementor-heading-title.elementor-size-xl{font-size:39px}.elementor-widget-heading .elementor-heading-title.elementor-size-xxl{font-size:59px}<\/style><h1 class=\"elementor-heading-title elementor-size-default\">INSTALACE &amp; DEMONT\u00c1\u017d<\/h1>\t\t<\/div>\n\t\t\t\t<\/div>\n\t\t\t\t<div class=\"elementor-element elementor-element-9d3c789 elementor-widget elementor-widget-text-editor\" data-id=\"9d3c789\" data-element_type=\"widget\" data-widget_type=\"text-editor.default\">\n\t\t\t\t<div class=\"elementor-widget-container\">\n\t\t\t<style>\/*! elementor - v3.18.0 - 08-12-2023 *\/\n.elementor-widget-text-editor.elementor-drop-cap-view-stacked .elementor-drop-cap{background-color:#69727d;color:#fff}.elementor-widget-text-editor.elementor-drop-cap-view-framed .elementor-drop-cap{color:#69727d;border:3px solid;background-color:transparent}.elementor-widget-text-editor:not(.elementor-drop-cap-view-default) .elementor-drop-cap{margin-top:8px}.elementor-widget-text-editor:not(.elementor-drop-cap-view-default) .elementor-drop-cap-letter{width:1em;height:1em}.elementor-widget-text-editor .elementor-drop-cap{float:left;text-align:center;line-height:1;font-size:50px}.elementor-widget-text-editor .elementor-drop-cap-letter{display:inline-block}<\/style>\t\t\t\t<p>API Deutschland sama neprov\u00e1d\u00ed \u017d\u00c1DN\u00c9 p\u0159estrojov\u00e1n\u00ed vozidel \u2013 na rozd\u00edl od na\u0161\u00ed \u010desk\u00e9 mate\u0159sk\u00e9 spole\u010dnosti.<\/p>\n<p>Jsme poskytovatelem slu\u017eeb a specializujeme se na obchod a prodej produkt\u016f v oblasti adaptace bezbari\u00e9rov\u00fdch vozidel. Podporujeme na\u0161e partnery c\u00edlen\u00fdmi konzultacemi a rozs\u00e1hl\u00fdm technick\u00fdm know-how tak, aby slu\u017eby pro kone\u010dn\u00e9 z\u00e1kazn\u00edky byly dokonal\u00e9. <\/p>\n<p>N\u00e1mi dod\u00e1van\u00e9 produkty instaluje \u0159ada na\u0161ich region\u00e1ln\u00edch partner\u016f. Velkou v\u00fdhodou pro na\u0161e kone\u010dn\u00e9 z\u00e1kazn\u00edky je, \u017ee si sv\u00e1 vozidla mohou nechat upravit v d\u00edln\u011b p\u0159\u00edmo v regionu, ve kter\u00e9m \u017eij\u00ed. To u\u0161et\u0159\u00ed n\u00e1ro\u010dnou p\u0159epravu vozidel p\u0159i p\u0159estrojov\u00e1n\u00ed i pozd\u011bj\u0161\u00ed \u00fadr\u017eb\u011b.  <\/p>\n<p>K na\u0161im nejv\u011bt\u0161\u00edm partner\u016fm v tomto sm\u011bru pat\u0159\u00ed Activa Automobil-Service GmbH, Autolift (It\u00e1lie), Auto-Spezial Hesse GmbH nebo MobilTec GmbH a \u010detn\u00e9 dal\u0161\u00ed servisy v N\u011bmecku i cel\u00e9 Evrop\u011b.<\/p>\n\t\t\t\t\t\t<\/div>\n\t\t\t\t<\/div>\n\t\t\t\t<div class=\"elementor-element elementor-element-a1e4cab elementor-align-center elementor-widget elementor-widget-button\" data-id=\"a1e4cab\" data-element_type=\"widget\" data-widget_type=\"button.default\">\n\t\t\t\t<div class=\"elementor-widget-container\">\n\t\t\t\t\t<div class=\"elementor-button-wrapper\">\n\t\t\t<a class=\"elementor-button elementor-button-link elementor-size-sm\" href=\"https:\/\/api-mobility.com\/cs\/obchodni-partneri\/\">\n\t\t\t\t\t\t<span class=\"elementor-button-content-wrapper\">\n\t\t\t\t\t\t<span class=\"elementor-button-text\">Zde najdete vhodn\u00e9ho partnera pro p\u0159estavbu vozidla ve Va\u0161em regionu<\/span>\n\t\t<\/span>\n\t\t\t\t\t<\/a>\n\t\t<\/div>\n\t\t\t\t<\/div>\n\t\t\t\t<\/div>\n\t\t\t\t<div class=\"elementor-element elementor-element-0518f56 elementor-widget elementor-widget-text-editor\" data-id=\"0518f56\" data-element_type=\"widget\" data-widget_type=\"text-editor.default\">\n\t\t\t\t<div class=\"elementor-widget-container\">\n\t\t\t\t\t\t\t<p>Samoz\u0159ejm\u011b p\u0159edev\u0161\u00edm dod\u00e1v\u00e1me na\u0161e vlastn\u00ed produkty FlexiRamp a Robot 11. Na\u0161e paleta nab\u00edzen\u00fdch produkt\u016f zahrnuje ov\u0161em i \u010detn\u00e9 dal\u0161\u00ed v\u00fdrobky ze \u0161irok\u00e9 s\u00edt\u011b partnersk\u00fdch firem. <\/p>\n\t\t\t\t\t\t<\/div>\n\t\t\t\t<\/div>\n\t\t\t\t\t<\/div>\n\t\t\t\t<\/div>\n\t\t\t\t\t\t\t<\/div>\n\t\t","protected":false},"excerpt":{"rendered":"<p>INSTALACE &amp; DEMONT\u00c1\u017d API Deutschland sama neprov\u00e1d\u00ed \u017d\u00c1DN\u00c9 p\u0159estrojov\u00e1n\u00ed vozidel \u2013 na rozd\u00edl od na\u0161\u00ed \u010desk\u00e9 mate\u0159sk\u00e9 spole\u010dnosti. Jsme poskytovatelem slu\u017eeb a specializujeme se na obchod a prodej produkt\u016f v oblasti adaptace bezbari\u00e9rov\u00fdch vozidel. Podporujeme na\u0161e partnery c\u00edlen\u00fdmi konzultacemi a rozs\u00e1hl\u00fdm technick\u00fdm know-how tak, aby slu\u017eby pro kone\u010dn\u00e9 z\u00e1kazn\u00edky byly dokonal\u00e9. N\u00e1mi dod\u00e1van\u00e9 produkty instaluje &hellip;<\/p>\n<p class=\"read-more\"> <a class=\"\" href=\"https:\/\/api-mobility.com\/cs\/o-firme-api\/instalace-demontaz\/\"> <span class=\"screen-reader-text\">INSTALACE &amp; DEMONT\u00c1\u017d<\/span> \u010c\u00edst d\u00e1l \u00bb<\/a><\/p>\n","protected":false},"author":1,"featured_media":0,"parent":5821,"menu_order":0,"comment_status":"closed","ping_status":"closed","template":"","meta":{"inline_featured_image":false,"site-sidebar-layout":"no-sidebar","site-content-layout":"page-builder","ast-site-content-layout":"","site-content-style":"default","site-sidebar-style":"default","ast-global-header-display":"","ast-banner-title-visibility":"","ast-main-header-display":"","ast-hfb-above-header-display":"","ast-hfb-below-header-display":"","ast-hfb-mobile-header-display":"","site-post-title":"disabled","ast-breadcrumbs-content":"","ast-featured-img":"disabled","footer-sml-layout":"","theme-transparent-header-meta":"","adv-header-id-meta":"","stick-header-meta":"","header-above-stick-meta":"","header-main-stick-meta":"","header-below-stick-meta":"","astra-migrate-meta-layouts":"default","ast-page-background-enabled":"default","ast-page-background-meta":{"desktop":{"background-color":"var(--ast-global-color-4)","background-image":"","background-repeat":"repeat","background-position":"center center","background-size":"auto","background-attachment":"scroll","background-type":"","background-media":"","overlay-type":"","overlay-color":"","overlay-gradient":""},"tablet":{"background-color":"","background-image":"","background-repeat":"repeat","background-position":"center center","background-size":"auto","background-attachment":"scroll","background-type":"","background-media":"","overlay-type":"","overlay-color":"","overlay-gradient":""},"mobile":{"background-color":"","background-image":"","background-repeat":"repeat","background-position":"center center","background-size":"auto","background-attachment":"scroll","background-type":"","background-media":"","overlay-type":"","overlay-color":"","overlay-gradient":""}},"ast-content-background-meta":{"desktop":{"background-color":"var(--ast-global-color-5)","background-image":"","background-repeat":"repeat","background-position":"center center","background-size":"auto","background-attachment":"scroll","background-type":"","background-media":"","overlay-type":"","overlay-color":"","overlay-gradient":""},"tablet":{"background-color":"var(--ast-global-color-5)","background-image":"","background-repeat":"repeat","background-position":"center center","background-size":"auto","background-attachment":"scroll","background-type":"","background-media":"","overlay-type":"","overlay-color":"","overlay-gradient":""},"mobile":{"background-color":"var(--ast-global-color-5)","background-image":"","background-repeat":"repeat","background-position":"center center","background-size":"auto","background-attachment":"scroll","background-type":"","background-media":"","overlay-type":"","overlay-color":"","overlay-gradient":""}},"footnotes":""},"yoast_head":"<!-- This site is optimized with the Yoast SEO plugin v21.7 - https:\/\/yoast.com\/wordpress\/plugins\/seo\/ -->\n<title>INSTALACE &amp; DEMONT\u00c1\u017d |<\/title>\n<meta name=\"robots\" content=\"index, follow, max-snippet:-1, max-image-preview:large, max-video-preview:-1\" \/>\n<link rel=\"canonical\" href=\"https:\/\/api-mobility.com\/cs\/o-firme-api\/instalace-demontaz\/\" \/>\n<meta property=\"og:locale\" content=\"cs_CZ\" \/>\n<meta property=\"og:type\" content=\"article\" \/>\n<meta property=\"og:title\" content=\"INSTALACE &amp; DEMONT\u00c1\u017d |\" \/>\n<meta property=\"og:description\" content=\"INSTALACE &amp; DEMONT\u00c1\u017d API Deutschland sama neprov\u00e1d\u00ed \u017d\u00c1DN\u00c9 p\u0159estrojov\u00e1n\u00ed vozidel \u2013 na rozd\u00edl od na\u0161\u00ed \u010desk\u00e9 mate\u0159sk\u00e9 spole\u010dnosti. Jsme poskytovatelem slu\u017eeb a specializujeme se na obchod a prodej produkt\u016f v oblasti adaptace bezbari\u00e9rov\u00fdch vozidel. Podporujeme na\u0161e partnery c\u00edlen\u00fdmi konzultacemi a rozs\u00e1hl\u00fdm technick\u00fdm know-how tak, aby slu\u017eby pro kone\u010dn\u00e9 z\u00e1kazn\u00edky byly dokonal\u00e9. N\u00e1mi dod\u00e1van\u00e9 produkty instaluje &hellip; INSTALACE &amp; DEMONT\u00c1\u017d \u010c\u00edst d\u00e1l \u00bb\" \/>\n<meta property=\"og:url\" content=\"https:\/\/api-mobility.com\/cs\/o-firme-api\/instalace-demontaz\/\" \/>\n<meta property=\"article:modified_time\" content=\"2023-07-04T15:16:30+00:00\" \/>\n<meta name=\"twitter:card\" content=\"summary_large_image\" \/>\n<meta name=\"twitter:label1\" content=\"Odhadovan\u00e1 doba \u010dten\u00ed\" \/>\n\t<meta name=\"twitter:data1\" content=\"1 minuta\" \/>\n<script type=\"application\/ld+json\" class=\"yoast-schema-graph\">{\"@context\":\"https:\/\/schema.org\",\"@graph\":[{\"@type\":\"WebPage\",\"@id\":\"https:\/\/api-mobility.com\/cs\/o-firme-api\/instalace-demontaz\/\",\"url\":\"https:\/\/api-mobility.com\/cs\/o-firme-api\/instalace-demontaz\/\",\"name\":\"INSTALACE &amp; DEMONT\u00c1\u017d |\",\"isPartOf\":{\"@id\":\"https:\/\/api-mobility.com\/#website\"},\"datePublished\":\"2023-07-04T15:16:29+00:00\",\"dateModified\":\"2023-07-04T15:16:30+00:00\",\"breadcrumb\":{\"@id\":\"https:\/\/api-mobility.com\/cs\/o-firme-api\/instalace-demontaz\/#breadcrumb\"},\"inLanguage\":\"cs\",\"potentialAction\":[{\"@type\":\"ReadAction\",\"target\":[\"https:\/\/api-mobility.com\/cs\/o-firme-api\/instalace-demontaz\/\"]}]},{\"@type\":\"BreadcrumbList\",\"@id\":\"https:\/\/api-mobility.com\/cs\/o-firme-api\/instalace-demontaz\/#breadcrumb\",\"itemListElement\":[{\"@type\":\"ListItem\",\"position\":1,\"name\":\"Startseite\",\"item\":\"https:\/\/api-mobility.com\/\"},{\"@type\":\"ListItem\",\"position\":2,\"name\":\"O firm\u011b API\",\"item\":\"https:\/\/api-mobility.com\/about-api\/\"},{\"@type\":\"ListItem\",\"position\":3,\"name\":\"INSTALACE &amp; DEMONT\u00c1\u017d\"}]},{\"@type\":\"WebSite\",\"@id\":\"https:\/\/api-mobility.com\/#website\",\"url\":\"https:\/\/api-mobility.com\/\",\"name\":\"API Mobility\",\"description\":\"Conversions Without Limits\",\"publisher\":{\"@id\":\"https:\/\/api-mobility.com\/#organization\"},\"alternateName\":\"API Mobility\",\"potentialAction\":[{\"@type\":\"SearchAction\",\"target\":{\"@type\":\"EntryPoint\",\"urlTemplate\":\"https:\/\/api-mobility.com\/?s={search_term_string}\"},\"query-input\":\"required name=search_term_string\"}],\"inLanguage\":\"cs\"},{\"@type\":\"Organization\",\"@id\":\"https:\/\/api-mobility.com\/#organization\",\"name\":\"API\",\"url\":\"https:\/\/api-mobility.com\/\",\"logo\":{\"@type\":\"ImageObject\",\"inLanguage\":\"cs\",\"@id\":\"https:\/\/api-mobility.com\/#\/schema\/logo\/image\/\",\"url\":\"https:\/\/api-mobility.com\/wp-content\/uploads\/2020\/10\/api-logo.png\",\"contentUrl\":\"https:\/\/api-mobility.com\/wp-content\/uploads\/2020\/10\/api-logo.png\",\"width\":418,\"height\":610,\"caption\":\"API\"},\"image\":{\"@id\":\"https:\/\/api-mobility.com\/#\/schema\/logo\/image\/\"}}]}<\/script>\n<!-- \/ Yoast SEO plugin. -->","yoast_head_json":{"title":"INSTALACE &amp; DEMONT\u00c1\u017d |","robots":{"index":"index","follow":"follow","max-snippet":"max-snippet:-1","max-image-preview":"max-image-preview:large","max-video-preview":"max-video-preview:-1"},"canonical":"https:\/\/api-mobility.com\/cs\/o-firme-api\/instalace-demontaz\/","og_locale":"cs_CZ","og_type":"article","og_title":"INSTALACE &amp; DEMONT\u00c1\u017d |","og_description":"INSTALACE &amp; DEMONT\u00c1\u017d API Deutschland sama neprov\u00e1d\u00ed \u017d\u00c1DN\u00c9 p\u0159estrojov\u00e1n\u00ed vozidel \u2013 na rozd\u00edl od na\u0161\u00ed \u010desk\u00e9 mate\u0159sk\u00e9 spole\u010dnosti. Jsme poskytovatelem slu\u017eeb a specializujeme se na obchod a prodej produkt\u016f v oblasti adaptace bezbari\u00e9rov\u00fdch vozidel. Podporujeme na\u0161e partnery c\u00edlen\u00fdmi konzultacemi a rozs\u00e1hl\u00fdm technick\u00fdm know-how tak, aby slu\u017eby pro kone\u010dn\u00e9 z\u00e1kazn\u00edky byly dokonal\u00e9. N\u00e1mi dod\u00e1van\u00e9 produkty instaluje &hellip; INSTALACE &amp; DEMONT\u00c1\u017d \u010c\u00edst d\u00e1l \u00bb","og_url":"https:\/\/api-mobility.com\/cs\/o-firme-api\/instalace-demontaz\/","article_modified_time":"2023-07-04T15:16:30+00:00","twitter_card":"summary_large_image","twitter_misc":{"Odhadovan\u00e1 doba \u010dten\u00ed":"1 minuta"},"schema":{"@context":"https:\/\/schema.org","@graph":[{"@type":"WebPage","@id":"https:\/\/api-mobility.com\/cs\/o-firme-api\/instalace-demontaz\/","url":"https:\/\/api-mobility.com\/cs\/o-firme-api\/instalace-demontaz\/","name":"INSTALACE &amp; DEMONT\u00c1\u017d |","isPartOf":{"@id":"https:\/\/api-mobility.com\/#website"},"datePublished":"2023-07-04T15:16:29+00:00","dateModified":"2023-07-04T15:16:30+00:00","breadcrumb":{"@id":"https:\/\/api-mobility.com\/cs\/o-firme-api\/instalace-demontaz\/#breadcrumb"},"inLanguage":"cs","potentialAction":[{"@type":"ReadAction","target":["https:\/\/api-mobility.com\/cs\/o-firme-api\/instalace-demontaz\/"]}]},{"@type":"BreadcrumbList","@id":"https:\/\/api-mobility.com\/cs\/o-firme-api\/instalace-demontaz\/#breadcrumb","itemListElement":[{"@type":"ListItem","position":1,"name":"Startseite","item":"https:\/\/api-mobility.com\/"},{"@type":"ListItem","position":2,"name":"O firm\u011b API","item":"https:\/\/api-mobility.com\/about-api\/"},{"@type":"ListItem","position":3,"name":"INSTALACE &amp; DEMONT\u00c1\u017d"}]},{"@type":"WebSite","@id":"https:\/\/api-mobility.com\/#website","url":"https:\/\/api-mobility.com\/","name":"API Mobility","description":"Conversions Without Limits","publisher":{"@id":"https:\/\/api-mobility.com\/#organization"},"alternateName":"API Mobility","potentialAction":[{"@type":"SearchAction","target":{"@type":"EntryPoint","urlTemplate":"https:\/\/api-mobility.com\/?s={search_term_string}"},"query-input":"required name=search_term_string"}],"inLanguage":"cs"},{"@type":"Organization","@id":"https:\/\/api-mobility.com\/#organization","name":"API","url":"https:\/\/api-mobility.com\/","logo":{"@type":"ImageObject","inLanguage":"cs","@id":"https:\/\/api-mobility.com\/#\/schema\/logo\/image\/","url":"https:\/\/api-mobility.com\/wp-content\/uploads\/2020\/10\/api-logo.png","contentUrl":"https:\/\/api-mobility.com\/wp-content\/uploads\/2020\/10\/api-logo.png","width":418,"height":610,"caption":"API"},"image":{"@id":"https:\/\/api-mobility.com\/#\/schema\/logo\/image\/"}}]}},"_links":{"self":[{"href":"https:\/\/api-mobility.com\/cs\/wp-json\/wp\/v2\/pages\/5844"}],"collection":[{"href":"https:\/\/api-mobility.com\/cs\/wp-json\/wp\/v2\/pages"}],"about":[{"href":"https:\/\/api-mobility.com\/cs\/wp-json\/wp\/v2\/types\/page"}],"author":[{"embeddable":true,"href":"https:\/\/api-mobility.com\/cs\/wp-json\/wp\/v2\/users\/1"}],"replies":[{"embeddable":true,"href":"https:\/\/api-mobility.com\/cs\/wp-json\/wp\/v2\/comments?post=5844"}],"version-history":[{"count":1,"href":"https:\/\/api-mobility.com\/cs\/wp-json\/wp\/v2\/pages\/5844\/revisions"}],"predecessor-version":[{"id":5845,"href":"https:\/\/api-mobility.com\/cs\/wp-json\/wp\/v2\/pages\/5844\/revisions\/5845"}],"up":[{"embeddable":true,"href":"https:\/\/api-mobility.com\/cs\/wp-json\/wp\/v2\/pages\/5821"}],"wp:attachment":[{"href":"https:\/\/api-mobility.com\/cs\/wp-json\/wp\/v2\/media?parent=5844"}],"curies":[{"name":"wp","href":"https:\/\/api.w.org\/{rel}","templated":true}]}}