{"id":5833,"date":"2023-07-04T17:11:18","date_gmt":"2023-07-04T15:11:18","guid":{"rendered":"https:\/\/api-mobility.com\/sit-partneru-api\/autolift\/"},"modified":"2023-07-04T17:11:22","modified_gmt":"2023-07-04T15:11:22","slug":"autolift","status":"publish","type":"page","link":"https:\/\/api-mobility.com\/cs\/sit-partneru-api\/autolift\/","title":{"rendered":"Autolift"},"content":{"rendered":"\t\t<div data-elementor-type=\"wp-page\" data-elementor-id=\"5833\" class=\"elementor elementor-5833 elementor-5664\">\n\t\t\t\t\t\t\t<div class=\"elementor-element elementor-element-fa93216 e-flex e-con-boxed e-con e-parent\" data-id=\"fa93216\" data-element_type=\"container\" data-settings=\"{&quot;background_background&quot;:&quot;classic&quot;,&quot;container_type&quot;:&quot;flex&quot;,&quot;content_width&quot;:&quot;boxed&quot;}\" data-e-bg-lazyload=\"\" data-core-v316-plus=\"true\">\n\t\t\t\t\t<div class=\"e-con-inner\">\n\t\t\t\t\t<\/div>\n\t\t\t\t<\/div>\n\t\t<div class=\"elementor-element elementor-element-671b50b e-flex e-con-boxed e-con e-parent\" data-id=\"671b50b\" data-element_type=\"container\" data-settings=\"{&quot;container_type&quot;:&quot;flex&quot;,&quot;content_width&quot;:&quot;boxed&quot;}\" data-core-v316-plus=\"true\">\n\t\t\t\t\t<div class=\"e-con-inner\">\n\t\t\t\t<div class=\"elementor-element elementor-element-b449f63 elementor-widget elementor-widget-heading\" data-id=\"b449f63\" data-element_type=\"widget\" data-widget_type=\"heading.default\">\n\t\t\t\t<div class=\"elementor-widget-container\">\n\t\t\t<style>\/*! elementor - v3.18.0 - 08-12-2023 *\/\n.elementor-heading-title{padding:0;margin:0;line-height:1}.elementor-widget-heading .elementor-heading-title[class*=elementor-size-]>a{color:inherit;font-size:inherit;line-height:inherit}.elementor-widget-heading .elementor-heading-title.elementor-size-small{font-size:15px}.elementor-widget-heading .elementor-heading-title.elementor-size-medium{font-size:19px}.elementor-widget-heading .elementor-heading-title.elementor-size-large{font-size:29px}.elementor-widget-heading .elementor-heading-title.elementor-size-xl{font-size:39px}.elementor-widget-heading .elementor-heading-title.elementor-size-xxl{font-size:59px}<\/style><h1 class=\"elementor-heading-title elementor-size-default\">Autolift<\/h1>\t\t<\/div>\n\t\t\t\t<\/div>\n\t\t\t\t<div class=\"elementor-element elementor-element-1af10f9 elementor-widget elementor-widget-heading\" data-id=\"1af10f9\" data-element_type=\"widget\" data-widget_type=\"heading.default\">\n\t\t\t\t<div class=\"elementor-widget-container\">\n\t\t\t<h2 class=\"elementor-heading-title elementor-size-default\">Mobilita z It\u00e1lie<\/h2>\t\t<\/div>\n\t\t\t\t<\/div>\n\t\t\t\t<div class=\"elementor-element elementor-element-1c17396 elementor-widget elementor-widget-text-editor\" data-id=\"1c17396\" data-element_type=\"widget\" data-widget_type=\"text-editor.default\">\n\t\t\t\t<div class=\"elementor-widget-container\">\n\t\t\t<style>\/*! elementor - v3.18.0 - 08-12-2023 *\/\n.elementor-widget-text-editor.elementor-drop-cap-view-stacked .elementor-drop-cap{background-color:#69727d;color:#fff}.elementor-widget-text-editor.elementor-drop-cap-view-framed .elementor-drop-cap{color:#69727d;border:3px solid;background-color:transparent}.elementor-widget-text-editor:not(.elementor-drop-cap-view-default) .elementor-drop-cap{margin-top:8px}.elementor-widget-text-editor:not(.elementor-drop-cap-view-default) .elementor-drop-cap-letter{width:1em;height:1em}.elementor-widget-text-editor .elementor-drop-cap{float:left;text-align:center;line-height:1;font-size:50px}.elementor-widget-text-editor .elementor-drop-cap-letter{display:inline-block}<\/style>\t\t\t\t<p>Autolift S.r.l. je italsk\u00fd v\u00fdrobce produkt\u016f pro p\u0159epravu osob s omezen\u00edm pohybu v osobn\u00edch vozech, vozidlech z\u00e1chrann\u00e9 slu\u017eby a autobusech. Nab\u00edzen\u00e9 portf\u00f3lio zahrnuje krom\u011b jin\u00e9ho dvouramenn\u00e9, podpodlahov\u00e9 a kazetov\u00e9 zved\u00e1ky, sch\u016fdky a hlin\u00edkov\u00e9 n\u00e1jezdov\u00e9 rampy. To v\u0161e umo\u017e\u0148uje osob\u00e1m s omezenou mo\u017enost\u00ed pohybu vstup do automobil\u016f, vlak\u016f, lod\u00ed, letadel a baz\u00e9n\u016f.  <\/p>\n<p>Vyu\u017eijte v\u00fdhod zku\u0161enost\u00ed a bohat\u00e9ho know-how, kter\u00e9 n\u00e1m jako certifikovan\u00e9mu smluvn\u00edmu prodejci p\u0159inesla spolupr\u00e1ce s firmou Autolift. Ochotn\u011b V\u00e1m porad\u00edme. <\/p>\n<p>Zvl\u00e1\u0161t\u011b dobr\u00e9 zku\u0161enosti m\u00e1me s r\u016fzn\u00fdmi zved\u00e1ky voz\u00edk\u016f pro zdravotn\u011b posti\u017een\u00e9, kazetov\u00fdm zved\u00e1kem Multilink F6 Evo a hlin\u00edkov\u00fdm zved\u00e1kem Piuma Bai. Naposledy jmenovan\u00e9 produkty bychom V\u00e1m r\u00e1di p\u0159edstavili trochu bl\u00ed\u017ee. <\/p>\n\t\t\t\t\t\t<\/div>\n\t\t\t\t<\/div>\n\t\t\t\t<div class=\"elementor-element elementor-element-96b0a52 elementor-align-center elementor-widget elementor-widget-button\" data-id=\"96b0a52\" data-element_type=\"widget\" data-widget_type=\"button.default\">\n\t\t\t\t<div class=\"elementor-widget-container\">\n\t\t\t\t\t<div class=\"elementor-button-wrapper\">\n\t\t\t<a class=\"elementor-button elementor-button-link elementor-size-sm\" href=\"https:\/\/api-mobility.com\/cs\/o-firme-api\/\">\n\t\t\t\t\t\t<span class=\"elementor-button-content-wrapper\">\n\t\t\t\t\t\t<span class=\"elementor-button-text\">V\u00edce o API<\/span>\n\t\t<\/span>\n\t\t\t\t\t<\/a>\n\t\t<\/div>\n\t\t\t\t<\/div>\n\t\t\t\t<\/div>\n\t\t\t\t\t<\/div>\n\t\t\t\t<\/div>\n\t\t<div class=\"elementor-element elementor-element-ea8fada e-grid e-con-boxed e-con e-parent\" data-id=\"ea8fada\" data-element_type=\"container\" data-settings=\"{&quot;container_type&quot;:&quot;grid&quot;,&quot;grid_columns_grid&quot;:{&quot;unit&quot;:&quot;fr&quot;,&quot;size&quot;:2,&quot;sizes&quot;:[]},&quot;grid_rows_grid&quot;:{&quot;unit&quot;:&quot;fr&quot;,&quot;size&quot;:1,&quot;sizes&quot;:[]},&quot;content_width&quot;:&quot;boxed&quot;,&quot;grid_outline&quot;:&quot;yes&quot;,&quot;grid_columns_grid_tablet&quot;:{&quot;unit&quot;:&quot;fr&quot;,&quot;size&quot;:&quot;&quot;,&quot;sizes&quot;:[]},&quot;grid_columns_grid_mobile&quot;:{&quot;unit&quot;:&quot;fr&quot;,&quot;size&quot;:1,&quot;sizes&quot;:[]},&quot;grid_rows_grid_tablet&quot;:{&quot;unit&quot;:&quot;fr&quot;,&quot;size&quot;:&quot;&quot;,&quot;sizes&quot;:[]},&quot;grid_rows_grid_mobile&quot;:{&quot;unit&quot;:&quot;fr&quot;,&quot;size&quot;:&quot;&quot;,&quot;sizes&quot;:[]},&quot;grid_auto_flow&quot;:&quot;row&quot;,&quot;grid_auto_flow_tablet&quot;:&quot;row&quot;,&quot;grid_auto_flow_mobile&quot;:&quot;row&quot;}\" data-core-v316-plus=\"true\">\n\t\t\t\t\t<div class=\"e-con-inner\">\n\t\t\t\t<div class=\"elementor-element elementor-element-6475e5e elementor-widget elementor-widget-uael-infobox\" data-id=\"6475e5e\" data-element_type=\"widget\" data-widget_type=\"uael-infobox.default\">\n\t\t\t\t<div class=\"elementor-widget-container\">\n\t\t\t\n<div class=\"uael-module-content uael-infobox uael-imgicon-style-normal  uael-infobox-center  infobox-has-icon uael-infobox-icon-above-title  uael-infobox-link-type-module\">\n\t<div class=\"uael-infobox-left-right-wrap\">\n\t\t\t\t\t<a href=\"https:\/\/www.autoliftsrl.com\/en\/wheelchair-lifts-vans-cars-f6\/\" target=\"_blank\" class=\"uael-infobox-module-link\"><\/a>  \n\t\t\t\t\t\t\t<div class=\"uael-infobox-content\">\n\t\t\t\t\t\t\t<div class=\"uael-module-content uael-imgicon-wrap \">\t\t\t\t\t\t\t\t\t\t\t\n\t\t\t\t\t\t\t\t\t\t\t\t\t\t<\/div>\n\t\t\t\t\t\t\t<div class='uael-infobox-title-wrap'><h3 class=\"uael-infobox-title elementor-inline-editing\" data-elementor-setting-key=\"infobox_title\" data-elementor-inline-editing-toolbar=\"basic\" >Kazetov\u00fd zved\u00e1k Multilink F6 Evo<\/h3><\/div>\t\t\t\t\t\t\t\t\t<div class=\"uael-infobox-text-wrap\">\n\t\t\t\t<div class=\"uael-infobox-text elementor-inline-editing\" data-elementor-setting-key=\"infobox_description\" data-elementor-inline-editing-toolbar=\"advanced\">\n\t\t\t\t\tPodpodlahov\u00fd syst\u00e9m m\u00e1 nosnost 300 kilogram\u016f. Pro instalaci nen\u00ed zapot\u0159eb\u00ed \u017e\u00e1dn\u00e1 modifikace vozidla, palivov\u00e9 n\u00e1dr\u017ee nebo v\u00fdfukov\u00e9ho syst\u00e9mu. Flexibiln\u00ed zved\u00e1k je ur\u010den pro mont\u00e1\u017e ze strany do model\u016f Volkswagen, Mercedes-Benz, Toyota, Ford a mnoha dal\u0161\u00edch zna\u010dek. Na p\u0159\u00e1n\u00ed se dod\u00e1v\u00e1 i s r\u00e1diov\u00fdm d\u00e1lkov\u00fdm ovl\u00e1d\u00e1n\u00edm.   \t\t\t\t<\/div>\n\t\t\t\t\t\n\t\t\t\t\t\t\t<\/div>\n\t\t<\/div>\n\t\t\t<\/div>\n<\/div>\n\t\t<\/div>\n\t\t\t\t<\/div>\n\t\t\t\t<div class=\"elementor-element elementor-element-79dbcb2 elementor-widget elementor-widget-uael-infobox\" data-id=\"79dbcb2\" data-element_type=\"widget\" data-widget_type=\"uael-infobox.default\">\n\t\t\t\t<div class=\"elementor-widget-container\">\n\t\t\t\n<div class=\"uael-module-content uael-infobox uael-imgicon-style-normal  uael-infobox-center  infobox-has-icon uael-infobox-icon-above-title  uael-infobox-link-type-module\">\n\t<div class=\"uael-infobox-left-right-wrap\">\n\t\t\t\t\t<a href=\"https:\/\/www.autoliftsrl.com\/en\/wheelchair-lifts-vans-cars-bai\/\" target=\"_blank\" class=\"uael-infobox-module-link\"><\/a>  \n\t\t\t\t\t\t\t<div class=\"uael-infobox-content\">\n\t\t\t\t\t\t\t<div class=\"uael-module-content uael-imgicon-wrap \">\t\t\t\t\t\t\t\t\t\t\t\n\t\t\t\t\t\t\t\t\t\t\t\t\t\t<\/div>\n\t\t\t\t\t\t\t<div class='uael-infobox-title-wrap'><h3 class=\"uael-infobox-title elementor-inline-editing\" data-elementor-setting-key=\"infobox_title\" data-elementor-inline-editing-toolbar=\"basic\" >Hlin\u00edkov\u00fd zved\u00e1k Piuma BAI<\/h3><\/div>\t\t\t\t\t\t\t\t\t<div class=\"uael-infobox-text-wrap\">\n\t\t\t\t<div class=\"uael-infobox-text elementor-inline-editing\" data-elementor-setting-key=\"infobox_description\" data-elementor-inline-editing-toolbar=\"advanced\">\n\t\t\t\t\tZvedac\u00ed plo\u0161iny \u0159ady BAI jsou vybaveny dvouramennou a horizont\u00e1ln\u00ed hlin\u00edkovou plo\u0161inou, kter\u00e1 je uv\u00e1d\u011bna do pohybu elektrohydraulicky. Tyto zved\u00e1ky lze namontovat dozadu nebo po stran\u011b. Jsou odoln\u00e9 v\u016f\u010di korozi, dod\u00e1vaj\u00ed se v r\u016fzn\u00fdch velikostech a d\u00edky n\u00edzk\u00e9 hmotnosti nezvy\u0161uj\u00ed p\u0159\u00edli\u0161 spot\u0159ebu paliva.  \t\t\t\t<\/div>\n\t\t\t\t\t\n\t\t\t\t\t\t\t<\/div>\n\t\t<\/div>\n\t\t\t<\/div>\n<\/div>\n\t\t<\/div>\n\t\t\t\t<\/div>\n\t\t\t\t\t<\/div>\n\t\t\t\t<\/div>\n\t\t<div class=\"elementor-element elementor-element-9074112 e-flex e-con-boxed elementor-invisible e-con e-parent\" data-id=\"9074112\" data-element_type=\"container\" data-settings=\"{&quot;background_background&quot;:&quot;classic&quot;,&quot;animation&quot;:&quot;zoomIn&quot;,&quot;container_type&quot;:&quot;flex&quot;,&quot;content_width&quot;:&quot;boxed&quot;}\" data-core-v316-plus=\"true\">\n\t\t\t\t\t<div class=\"e-con-inner\">\n\t\t\t\t<div class=\"elementor-element elementor-element-1209ccf elementor-widget elementor-widget-heading\" data-id=\"1209ccf\" data-element_type=\"widget\" data-widget_type=\"heading.default\">\n\t\t\t\t<div class=\"elementor-widget-container\">\n\t\t\t<h2 class=\"elementor-heading-title elementor-size-default\">Spolupracujeme s mnoha dal\u0161\u00edmi zaj\u00edmav\u00fdmi partnery.<\/h2>\t\t<\/div>\n\t\t\t\t<\/div>\n\t\t\t\t<div class=\"elementor-element elementor-element-d4a578a elementor-widget elementor-widget-heading\" data-id=\"d4a578a\" data-element_type=\"widget\" data-widget_type=\"heading.default\">\n\t\t\t\t<div class=\"elementor-widget-container\">\n\t\t\t<p class=\"elementor-heading-title elementor-size-default\">Zjist\u011bte si v\u00edce informac\u00ed o mo\u017enostech jak upravit vozidlo pro pot\u0159eby osob se zdravotn\u00edm omezen\u00edm!<\/p>\t\t<\/div>\n\t\t\t\t<\/div>\n\t\t\t\t<div class=\"elementor-element elementor-element-3c0981f elementor-align-center elementor-widget elementor-widget-button\" data-id=\"3c0981f\" data-element_type=\"widget\" data-widget_type=\"button.default\">\n\t\t\t\t<div class=\"elementor-widget-container\">\n\t\t\t\t\t<div class=\"elementor-button-wrapper\">\n\t\t\t<a class=\"elementor-button elementor-button-link elementor-size-sm\" href=\"https:\/\/api-mobility.com\/cs\/sit-partneru-api\/\">\n\t\t\t\t\t\t<span class=\"elementor-button-content-wrapper\">\n\t\t\t\t\t\t<span class=\"elementor-button-text\">Na\u0161i partne\u0159i<\/span>\n\t\t<\/span>\n\t\t\t\t\t<\/a>\n\t\t<\/div>\n\t\t\t\t<\/div>\n\t\t\t\t<\/div>\n\t\t\t\t\t<\/div>\n\t\t\t\t<\/div>\n\t\t\t\t\t\t\t<\/div>\n\t\t","protected":false},"excerpt":{"rendered":"<p>Autolift Mobilita z It\u00e1lie Autolift S.r.l. je italsk\u00fd v\u00fdrobce produkt\u016f pro p\u0159epravu osob s omezen\u00edm pohybu v osobn\u00edch vozech, vozidlech z\u00e1chrann\u00e9 slu\u017eby a autobusech. Nab\u00edzen\u00e9 portf\u00f3lio zahrnuje krom\u011b jin\u00e9ho dvouramenn\u00e9, podpodlahov\u00e9 a kazetov\u00e9 zved\u00e1ky, sch\u016fdky a hlin\u00edkov\u00e9 n\u00e1jezdov\u00e9 rampy. To v\u0161e umo\u017e\u0148uje osob\u00e1m s omezenou mo\u017enost\u00ed pohybu vstup do automobil\u016f, vlak\u016f, lod\u00ed, letadel a baz\u00e9n\u016f. &hellip;<\/p>\n<p class=\"read-more\"> <a class=\"\" href=\"https:\/\/api-mobility.com\/cs\/sit-partneru-api\/autolift\/\"> <span class=\"screen-reader-text\">Autolift<\/span> \u010c\u00edst d\u00e1l \u00bb<\/a><\/p>\n","protected":false},"author":1,"featured_media":0,"parent":5831,"menu_order":0,"comment_status":"closed","ping_status":"closed","template":"","meta":{"inline_featured_image":false,"site-sidebar-layout":"no-sidebar","site-content-layout":"page-builder","ast-site-content-layout":"","site-content-style":"default","site-sidebar-style":"default","ast-global-header-display":"","ast-banner-title-visibility":"","ast-main-header-display":"","ast-hfb-above-header-display":"","ast-hfb-below-header-display":"","ast-hfb-mobile-header-display":"","site-post-title":"disabled","ast-breadcrumbs-content":"","ast-featured-img":"disabled","footer-sml-layout":"","theme-transparent-header-meta":"","adv-header-id-meta":"","stick-header-meta":"","header-above-stick-meta":"","header-main-stick-meta":"","header-below-stick-meta":"","astra-migrate-meta-layouts":"default","ast-page-background-enabled":"default","ast-page-background-meta":{"desktop":{"background-color":"var(--ast-global-color-4)","background-image":"","background-repeat":"repeat","background-position":"center center","background-size":"auto","background-attachment":"scroll","background-type":"","background-media":"","overlay-type":"","overlay-color":"","overlay-gradient":""},"tablet":{"background-color":"","background-image":"","background-repeat":"repeat","background-position":"center center","background-size":"auto","background-attachment":"scroll","background-type":"","background-media":"","overlay-type":"","overlay-color":"","overlay-gradient":""},"mobile":{"background-color":"","background-image":"","background-repeat":"repeat","background-position":"center center","background-size":"auto","background-attachment":"scroll","background-type":"","background-media":"","overlay-type":"","overlay-color":"","overlay-gradient":""}},"ast-content-background-meta":{"desktop":{"background-color":"var(--ast-global-color-5)","background-image":"","background-repeat":"repeat","background-position":"center center","background-size":"auto","background-attachment":"scroll","background-type":"","background-media":"","overlay-type":"","overlay-color":"","overlay-gradient":""},"tablet":{"background-color":"var(--ast-global-color-5)","background-image":"","background-repeat":"repeat","background-position":"center center","background-size":"auto","background-attachment":"scroll","background-type":"","background-media":"","overlay-type":"","overlay-color":"","overlay-gradient":""},"mobile":{"background-color":"var(--ast-global-color-5)","background-image":"","background-repeat":"repeat","background-position":"center center","background-size":"auto","background-attachment":"scroll","background-type":"","background-media":"","overlay-type":"","overlay-color":"","overlay-gradient":""}},"footnotes":""},"yoast_head":"<!-- This site is optimized with the Yoast SEO plugin v21.7 - https:\/\/yoast.com\/wordpress\/plugins\/seo\/ -->\n<title>Autolift |<\/title>\n<meta name=\"robots\" content=\"index, follow, max-snippet:-1, max-image-preview:large, max-video-preview:-1\" \/>\n<link rel=\"canonical\" href=\"https:\/\/api-mobility.com\/cs\/sit-partneru-api\/autolift\/\" \/>\n<meta property=\"og:locale\" content=\"cs_CZ\" \/>\n<meta property=\"og:type\" content=\"article\" \/>\n<meta property=\"og:title\" content=\"Autolift |\" \/>\n<meta property=\"og:description\" content=\"Autolift Mobilita z It\u00e1lie Autolift S.r.l. je italsk\u00fd v\u00fdrobce produkt\u016f pro p\u0159epravu osob s omezen\u00edm pohybu v osobn\u00edch vozech, vozidlech z\u00e1chrann\u00e9 slu\u017eby a autobusech. Nab\u00edzen\u00e9 portf\u00f3lio zahrnuje krom\u011b jin\u00e9ho dvouramenn\u00e9, podpodlahov\u00e9 a kazetov\u00e9 zved\u00e1ky, sch\u016fdky a hlin\u00edkov\u00e9 n\u00e1jezdov\u00e9 rampy. To v\u0161e umo\u017e\u0148uje osob\u00e1m s omezenou mo\u017enost\u00ed pohybu vstup do automobil\u016f, vlak\u016f, lod\u00ed, letadel a baz\u00e9n\u016f. &hellip; Autolift \u010c\u00edst d\u00e1l \u00bb\" \/>\n<meta property=\"og:url\" content=\"https:\/\/api-mobility.com\/cs\/sit-partneru-api\/autolift\/\" \/>\n<meta property=\"article:modified_time\" content=\"2023-07-04T15:11:22+00:00\" \/>\n<meta name=\"twitter:card\" content=\"summary_large_image\" \/>\n<meta name=\"twitter:label1\" content=\"Odhadovan\u00e1 doba \u010dten\u00ed\" \/>\n\t<meta name=\"twitter:data1\" content=\"2 minuty\" \/>\n<script type=\"application\/ld+json\" class=\"yoast-schema-graph\">{\"@context\":\"https:\/\/schema.org\",\"@graph\":[{\"@type\":\"WebPage\",\"@id\":\"https:\/\/api-mobility.com\/cs\/sit-partneru-api\/autolift\/\",\"url\":\"https:\/\/api-mobility.com\/cs\/sit-partneru-api\/autolift\/\",\"name\":\"Autolift |\",\"isPartOf\":{\"@id\":\"https:\/\/api-mobility.com\/#website\"},\"datePublished\":\"2023-07-04T15:11:18+00:00\",\"dateModified\":\"2023-07-04T15:11:22+00:00\",\"breadcrumb\":{\"@id\":\"https:\/\/api-mobility.com\/cs\/sit-partneru-api\/autolift\/#breadcrumb\"},\"inLanguage\":\"cs\",\"potentialAction\":[{\"@type\":\"ReadAction\",\"target\":[\"https:\/\/api-mobility.com\/cs\/sit-partneru-api\/autolift\/\"]}]},{\"@type\":\"BreadcrumbList\",\"@id\":\"https:\/\/api-mobility.com\/cs\/sit-partneru-api\/autolift\/#breadcrumb\",\"itemListElement\":[{\"@type\":\"ListItem\",\"position\":1,\"name\":\"Startseite\",\"item\":\"https:\/\/api-mobility.com\/\"},{\"@type\":\"ListItem\",\"position\":2,\"name\":\"S\u00ed\u0165 partner\u016f API\",\"item\":\"https:\/\/api-mobility.com\/cs\/sit-partneru-api\/\"},{\"@type\":\"ListItem\",\"position\":3,\"name\":\"Autolift\"}]},{\"@type\":\"WebSite\",\"@id\":\"https:\/\/api-mobility.com\/#website\",\"url\":\"https:\/\/api-mobility.com\/\",\"name\":\"API Mobility\",\"description\":\"Conversions Without Limits\",\"publisher\":{\"@id\":\"https:\/\/api-mobility.com\/#organization\"},\"alternateName\":\"API Mobility\",\"potentialAction\":[{\"@type\":\"SearchAction\",\"target\":{\"@type\":\"EntryPoint\",\"urlTemplate\":\"https:\/\/api-mobility.com\/?s={search_term_string}\"},\"query-input\":\"required name=search_term_string\"}],\"inLanguage\":\"cs\"},{\"@type\":\"Organization\",\"@id\":\"https:\/\/api-mobility.com\/#organization\",\"name\":\"API\",\"url\":\"https:\/\/api-mobility.com\/\",\"logo\":{\"@type\":\"ImageObject\",\"inLanguage\":\"cs\",\"@id\":\"https:\/\/api-mobility.com\/#\/schema\/logo\/image\/\",\"url\":\"https:\/\/api-mobility.com\/wp-content\/uploads\/2020\/10\/api-logo.png\",\"contentUrl\":\"https:\/\/api-mobility.com\/wp-content\/uploads\/2020\/10\/api-logo.png\",\"width\":418,\"height\":610,\"caption\":\"API\"},\"image\":{\"@id\":\"https:\/\/api-mobility.com\/#\/schema\/logo\/image\/\"}}]}<\/script>\n<!-- \/ Yoast SEO plugin. -->","yoast_head_json":{"title":"Autolift |","robots":{"index":"index","follow":"follow","max-snippet":"max-snippet:-1","max-image-preview":"max-image-preview:large","max-video-preview":"max-video-preview:-1"},"canonical":"https:\/\/api-mobility.com\/cs\/sit-partneru-api\/autolift\/","og_locale":"cs_CZ","og_type":"article","og_title":"Autolift |","og_description":"Autolift Mobilita z It\u00e1lie Autolift S.r.l. je italsk\u00fd v\u00fdrobce produkt\u016f pro p\u0159epravu osob s omezen\u00edm pohybu v osobn\u00edch vozech, vozidlech z\u00e1chrann\u00e9 slu\u017eby a autobusech. Nab\u00edzen\u00e9 portf\u00f3lio zahrnuje krom\u011b jin\u00e9ho dvouramenn\u00e9, podpodlahov\u00e9 a kazetov\u00e9 zved\u00e1ky, sch\u016fdky a hlin\u00edkov\u00e9 n\u00e1jezdov\u00e9 rampy. To v\u0161e umo\u017e\u0148uje osob\u00e1m s omezenou mo\u017enost\u00ed pohybu vstup do automobil\u016f, vlak\u016f, lod\u00ed, letadel a baz\u00e9n\u016f. &hellip; Autolift \u010c\u00edst d\u00e1l \u00bb","og_url":"https:\/\/api-mobility.com\/cs\/sit-partneru-api\/autolift\/","article_modified_time":"2023-07-04T15:11:22+00:00","twitter_card":"summary_large_image","twitter_misc":{"Odhadovan\u00e1 doba \u010dten\u00ed":"2 minuty"},"schema":{"@context":"https:\/\/schema.org","@graph":[{"@type":"WebPage","@id":"https:\/\/api-mobility.com\/cs\/sit-partneru-api\/autolift\/","url":"https:\/\/api-mobility.com\/cs\/sit-partneru-api\/autolift\/","name":"Autolift |","isPartOf":{"@id":"https:\/\/api-mobility.com\/#website"},"datePublished":"2023-07-04T15:11:18+00:00","dateModified":"2023-07-04T15:11:22+00:00","breadcrumb":{"@id":"https:\/\/api-mobility.com\/cs\/sit-partneru-api\/autolift\/#breadcrumb"},"inLanguage":"cs","potentialAction":[{"@type":"ReadAction","target":["https:\/\/api-mobility.com\/cs\/sit-partneru-api\/autolift\/"]}]},{"@type":"BreadcrumbList","@id":"https:\/\/api-mobility.com\/cs\/sit-partneru-api\/autolift\/#breadcrumb","itemListElement":[{"@type":"ListItem","position":1,"name":"Startseite","item":"https:\/\/api-mobility.com\/"},{"@type":"ListItem","position":2,"name":"S\u00ed\u0165 partner\u016f API","item":"https:\/\/api-mobility.com\/cs\/sit-partneru-api\/"},{"@type":"ListItem","position":3,"name":"Autolift"}]},{"@type":"WebSite","@id":"https:\/\/api-mobility.com\/#website","url":"https:\/\/api-mobility.com\/","name":"API Mobility","description":"Conversions Without Limits","publisher":{"@id":"https:\/\/api-mobility.com\/#organization"},"alternateName":"API Mobility","potentialAction":[{"@type":"SearchAction","target":{"@type":"EntryPoint","urlTemplate":"https:\/\/api-mobility.com\/?s={search_term_string}"},"query-input":"required name=search_term_string"}],"inLanguage":"cs"},{"@type":"Organization","@id":"https:\/\/api-mobility.com\/#organization","name":"API","url":"https:\/\/api-mobility.com\/","logo":{"@type":"ImageObject","inLanguage":"cs","@id":"https:\/\/api-mobility.com\/#\/schema\/logo\/image\/","url":"https:\/\/api-mobility.com\/wp-content\/uploads\/2020\/10\/api-logo.png","contentUrl":"https:\/\/api-mobility.com\/wp-content\/uploads\/2020\/10\/api-logo.png","width":418,"height":610,"caption":"API"},"image":{"@id":"https:\/\/api-mobility.com\/#\/schema\/logo\/image\/"}}]}},"_links":{"self":[{"href":"https:\/\/api-mobility.com\/cs\/wp-json\/wp\/v2\/pages\/5833"}],"collection":[{"href":"https:\/\/api-mobility.com\/cs\/wp-json\/wp\/v2\/pages"}],"about":[{"href":"https:\/\/api-mobility.com\/cs\/wp-json\/wp\/v2\/types\/page"}],"author":[{"embeddable":true,"href":"https:\/\/api-mobility.com\/cs\/wp-json\/wp\/v2\/users\/1"}],"replies":[{"embeddable":true,"href":"https:\/\/api-mobility.com\/cs\/wp-json\/wp\/v2\/comments?post=5833"}],"version-history":[{"count":3,"href":"https:\/\/api-mobility.com\/cs\/wp-json\/wp\/v2\/pages\/5833\/revisions"}],"predecessor-version":[{"id":5836,"href":"https:\/\/api-mobility.com\/cs\/wp-json\/wp\/v2\/pages\/5833\/revisions\/5836"}],"up":[{"embeddable":true,"href":"https:\/\/api-mobility.com\/cs\/wp-json\/wp\/v2\/pages\/5831"}],"wp:attachment":[{"href":"https:\/\/api-mobility.com\/cs\/wp-json\/wp\/v2\/media?parent=5833"}],"curies":[{"name":"wp","href":"https:\/\/api.w.org\/{rel}","templated":true}]}}