{"id":5821,"date":"2023-07-04T16:53:20","date_gmt":"2023-07-04T14:53:20","guid":{"rendered":"https:\/\/api-mobility.com\/o-firme-api\/"},"modified":"2023-07-04T16:53:21","modified_gmt":"2023-07-04T14:53:21","slug":"o-firme-api","status":"publish","type":"page","link":"https:\/\/api-mobility.com\/cs\/o-firme-api\/","title":{"rendered":"O firm\u011b API"},"content":{"rendered":"\t\t<div data-elementor-type=\"wp-page\" data-elementor-id=\"5821\" class=\"elementor elementor-5821 elementor-5695\">\n\t\t\t\t\t\t\t<div class=\"elementor-element elementor-element-c78f357 e-flex e-con-boxed e-con e-parent\" data-id=\"c78f357\" data-element_type=\"container\" data-settings=\"{&quot;background_background&quot;:&quot;classic&quot;,&quot;container_type&quot;:&quot;flex&quot;,&quot;content_width&quot;:&quot;boxed&quot;}\" data-e-bg-lazyload=\"\" data-core-v316-plus=\"true\">\n\t\t\t\t\t<div class=\"e-con-inner\">\n\t\t\t\t\t<\/div>\n\t\t\t\t<\/div>\n\t\t<div class=\"elementor-element elementor-element-34e0158 e-flex e-con-boxed e-con e-parent\" data-id=\"34e0158\" data-element_type=\"container\" data-settings=\"{&quot;container_type&quot;:&quot;flex&quot;,&quot;content_width&quot;:&quot;boxed&quot;}\" data-core-v316-plus=\"true\">\n\t\t\t\t\t<div class=\"e-con-inner\">\n\t\t\t\t<div class=\"elementor-element elementor-element-029106b elementor-widget elementor-widget-heading\" data-id=\"029106b\" data-element_type=\"widget\" data-widget_type=\"heading.default\">\n\t\t\t\t<div class=\"elementor-widget-container\">\n\t\t\t<style>\/*! elementor - v3.18.0 - 08-12-2023 *\/\n.elementor-heading-title{padding:0;margin:0;line-height:1}.elementor-widget-heading .elementor-heading-title[class*=elementor-size-]>a{color:inherit;font-size:inherit;line-height:inherit}.elementor-widget-heading .elementor-heading-title.elementor-size-small{font-size:15px}.elementor-widget-heading .elementor-heading-title.elementor-size-medium{font-size:19px}.elementor-widget-heading .elementor-heading-title.elementor-size-large{font-size:29px}.elementor-widget-heading .elementor-heading-title.elementor-size-xl{font-size:39px}.elementor-widget-heading .elementor-heading-title.elementor-size-xxl{font-size:59px}<\/style><h1 class=\"elementor-heading-title elementor-size-default\">O firm\u011b API<\/h1>\t\t<\/div>\n\t\t\t\t<\/div>\n\t\t\t\t<div class=\"elementor-element elementor-element-7b7f4e9 elementor-widget elementor-widget-heading\" data-id=\"7b7f4e9\" data-element_type=\"widget\" data-widget_type=\"heading.default\">\n\t\t\t\t<div class=\"elementor-widget-container\">\n\t\t\t<h2 class=\"elementor-heading-title elementor-size-default\">Pru\u017en\u00e1, precizn\u00ed a inovativn\u00ed<\/h2>\t\t<\/div>\n\t\t\t\t<\/div>\n\t\t\t\t<div class=\"elementor-element elementor-element-a5f91db elementor-widget elementor-widget-text-editor\" data-id=\"a5f91db\" data-element_type=\"widget\" data-widget_type=\"text-editor.default\">\n\t\t\t\t<div class=\"elementor-widget-container\">\n\t\t\t<style>\/*! elementor - v3.18.0 - 08-12-2023 *\/\n.elementor-widget-text-editor.elementor-drop-cap-view-stacked .elementor-drop-cap{background-color:#69727d;color:#fff}.elementor-widget-text-editor.elementor-drop-cap-view-framed .elementor-drop-cap{color:#69727d;border:3px solid;background-color:transparent}.elementor-widget-text-editor:not(.elementor-drop-cap-view-default) .elementor-drop-cap{margin-top:8px}.elementor-widget-text-editor:not(.elementor-drop-cap-view-default) .elementor-drop-cap-letter{width:1em;height:1em}.elementor-widget-text-editor .elementor-drop-cap{float:left;text-align:center;line-height:1;font-size:50px}.elementor-widget-text-editor .elementor-drop-cap-letter{display:inline-block}<\/style>\t\t\t\t<p>Pro samostatn\u00fd a napln\u011bn\u00fd \u017eivot je d\u016fle\u017eit\u00e9 b\u00fdt mobiln\u00ed. Jsme API Deutschland a pom\u00e1h\u00e1me lidem s handicapem z\u00edskat a uchovat sebev\u011bdom\u00ed a nez\u00e1vislost. <\/p>\n<p>Na\u0161\u00ed motivac\u00ed je prost\u00e1 ot\u00e1zka: Jak je mo\u017en\u00e9 je\u0161t\u011b zlep\u0161it n\u011bco dobr\u00e9ho? Odpov\u011bd\u00ed na tuto ot\u00e1zku je v\u00edce ne\u017e 25 let na\u0161ich zku\u0161enost\u00ed a inovativn\u00edch n\u00e1pad\u016f v oblasti p\u0159estavby vozidel ur\u010den\u00fdch pro pot\u0159eby osob se zdravotn\u00edm omezen\u00edm. N\u00e1\u0161 postoj vyjad\u0159uje i na\u0161e motto <b>\u201cConversion without limits\u201d.<\/b>  <\/p>\n\t\t\t\t\t\t<\/div>\n\t\t\t\t<\/div>\n\t\t\t\t\t<\/div>\n\t\t\t\t<\/div>\n\t\t<div class=\"elementor-element elementor-element-f17b5d1 e-flex e-con-boxed e-con e-parent\" data-id=\"f17b5d1\" data-element_type=\"container\" data-settings=\"{&quot;container_type&quot;:&quot;flex&quot;,&quot;content_width&quot;:&quot;boxed&quot;}\" data-core-v316-plus=\"true\">\n\t\t\t\t\t<div class=\"e-con-inner\">\n\t\t\t\t<div class=\"elementor-element elementor-element-e971ebc elementor-widget elementor-widget-image\" data-id=\"e971ebc\" data-element_type=\"widget\" data-widget_type=\"image.default\">\n\t\t\t\t<div class=\"elementor-widget-container\">\n\t\t\t<style>\/*! elementor - v3.18.0 - 08-12-2023 *\/\n.elementor-widget-image{text-align:center}.elementor-widget-image a{display:inline-block}.elementor-widget-image a img[src$=\".svg\"]{width:48px}.elementor-widget-image img{vertical-align:middle;display:inline-block}<\/style>\t\t\t\t\t\t\t\t\t\t\t\t<img fetchpriority=\"high\" decoding=\"async\" width=\"1280\" height=\"720\" src=\"https:\/\/api-mobility.com\/wp-content\/uploads\/2020\/11\/api_inklusion_dabeisein.jpg\" class=\"attachment-full size-full wp-image-2256\" alt=\"\" srcset=\"https:\/\/api-mobility.com\/wp-content\/uploads\/2020\/11\/api_inklusion_dabeisein.jpg 1280w, https:\/\/api-mobility.com\/wp-content\/uploads\/2020\/11\/api_inklusion_dabeisein-300x169.jpg 300w, https:\/\/api-mobility.com\/wp-content\/uploads\/2020\/11\/api_inklusion_dabeisein-1024x576.jpg 1024w, https:\/\/api-mobility.com\/wp-content\/uploads\/2020\/11\/api_inklusion_dabeisein-768x432.jpg 768w\" sizes=\"(max-width: 1280px) 100vw, 1280px\" \/>\t\t\t\t\t\t\t\t\t\t\t\t\t\t\t<\/div>\n\t\t\t\t<\/div>\n\t\t\t\t\t<\/div>\n\t\t\t\t<\/div>\n\t\t<div class=\"elementor-element elementor-element-cc98be0 e-flex e-con-boxed e-con e-parent\" data-id=\"cc98be0\" data-element_type=\"container\" data-settings=\"{&quot;container_type&quot;:&quot;flex&quot;,&quot;content_width&quot;:&quot;boxed&quot;}\" data-core-v316-plus=\"true\">\n\t\t\t\t\t<div class=\"e-con-inner\">\n\t\t\t\t<div class=\"elementor-element elementor-element-623a059 elementor-widget elementor-widget-heading\" data-id=\"623a059\" data-element_type=\"widget\" data-widget_type=\"heading.default\">\n\t\t\t\t<div class=\"elementor-widget-container\">\n\t\t\t<h2 class=\"elementor-heading-title elementor-size-default\">Produkty API spl\u0148uj\u00ed v\u0161echny po\u017eadavky kladen\u00e9 na bezbari\u00e9rov\u00e1 vozidla<\/h2>\t\t<\/div>\n\t\t\t\t<\/div>\n\t\t\t\t<div class=\"elementor-element elementor-element-8039f70 elementor-widget elementor-widget-text-editor\" data-id=\"8039f70\" data-element_type=\"widget\" data-widget_type=\"text-editor.default\">\n\t\t\t\t<div class=\"elementor-widget-container\">\n\t\t\t\t\t\t\t<p>Jsme v neust\u00e1l\u00e9m kontaktu s osobami se zdravotn\u00edm omezen\u00edm a p\u0159esn\u011b zn\u00e1me jejich p\u0159\u00e1n\u00ed i probl\u00e9my, kter\u00fdm jsou v ka\u017edodenn\u00edm \u017eivot\u011b vystavov\u00e1ni. Tyto znalosti vyu\u017e\u00edv\u00e1me ve spolupr\u00e1ci s p\u0159edn\u00edmi v\u00fdrobci vozidel pro v\u00fdvoj a zlep\u0161ov\u00e1n\u00ed na\u0161ich \u0159e\u0161en\u00ed FlexiRamp a Robot. Oba tyto kvalitn\u00ed produkty pom\u00e1haj\u00ed voz\u00ed\u010dk\u00e1\u0159\u016fm bezpe\u010dn\u011b, spolehliv\u011b a pohodln\u011b dos\u00e1hnout c\u00edle jejich cesty \u2013 v zem\u00edch na \u010dty\u0159ech kontinentech.  <\/p>\n\t\t\t\t\t\t<\/div>\n\t\t\t\t<\/div>\n\t\t\t\t\t<\/div>\n\t\t\t\t<\/div>\n\t\t<div class=\"elementor-element elementor-element-22f3f3c e-flex e-con-boxed e-con e-parent\" data-id=\"22f3f3c\" data-element_type=\"container\" data-settings=\"{&quot;container_type&quot;:&quot;flex&quot;,&quot;content_width&quot;:&quot;boxed&quot;}\" data-core-v316-plus=\"true\">\n\t\t\t\t\t<div class=\"e-con-inner\">\n\t\t\t\t<div class=\"elementor-element elementor-element-a20aae6 elementor-widget elementor-widget-image\" data-id=\"a20aae6\" data-element_type=\"widget\" data-widget_type=\"image.default\">\n\t\t\t\t<div class=\"elementor-widget-container\">\n\t\t\t\t\t\t\t\t\t\t\t\t\t\t\t<img decoding=\"async\" width=\"1200\" height=\"760\" src=\"https:\/\/api-mobility.com\/wp-content\/uploads\/2020\/11\/construction-1.jpg\" class=\"attachment-full size-full wp-image-2300\" alt=\"\" srcset=\"https:\/\/api-mobility.com\/wp-content\/uploads\/2020\/11\/construction-1.jpg 1200w, https:\/\/api-mobility.com\/wp-content\/uploads\/2020\/11\/construction-1-300x190.jpg 300w, https:\/\/api-mobility.com\/wp-content\/uploads\/2020\/11\/construction-1-1024x649.jpg 1024w, https:\/\/api-mobility.com\/wp-content\/uploads\/2020\/11\/construction-1-768x486.jpg 768w\" sizes=\"(max-width: 1200px) 100vw, 1200px\" \/>\t\t\t\t\t\t\t\t\t\t\t\t\t\t\t<\/div>\n\t\t\t\t<\/div>\n\t\t\t\t\t<\/div>\n\t\t\t\t<\/div>\n\t\t<div class=\"elementor-element elementor-element-14d4890 e-flex e-con-boxed e-con e-parent\" data-id=\"14d4890\" data-element_type=\"container\" data-settings=\"{&quot;container_type&quot;:&quot;flex&quot;,&quot;content_width&quot;:&quot;boxed&quot;}\" data-core-v316-plus=\"true\">\n\t\t\t\t\t<div class=\"e-con-inner\">\n\t\t\t\t<div class=\"elementor-element elementor-element-f59849a elementor-widget elementor-widget-heading\" data-id=\"f59849a\" data-element_type=\"widget\" data-widget_type=\"heading.default\">\n\t\t\t\t<div class=\"elementor-widget-container\">\n\t\t\t<h2 class=\"elementor-heading-title elementor-size-default\">V\u00e1\u0161 spolehliv\u00fd partner v oblasti mobility<\/h2>\t\t<\/div>\n\t\t\t\t<\/div>\n\t\t\t\t<div class=\"elementor-element elementor-element-4f0f035 elementor-widget elementor-widget-text-editor\" data-id=\"4f0f035\" data-element_type=\"widget\" data-widget_type=\"text-editor.default\">\n\t\t\t\t<div class=\"elementor-widget-container\">\n\t\t\t\t\t\t\t<p>Jsme sou\u010d\u00e1st\u00ed mezin\u00e1rodn\u00edho koncernu API. Na\u0161e mate\u0159sk\u00e1 spole\u010dnost API s v\u00fdvojov\u00fdm a v\u00fdrobn\u00edm odd\u011blen\u00edm s\u00eddl\u00ed v \u010cesk\u00e9 republice. Krom\u011b API DE pat\u0159\u00ed ke koncernu i dal\u0161\u00ed firmy ve Velk\u00e9 Brit\u00e1nii a Spojen\u00fdch arabsk\u00fdch emir\u00e1tech.  <\/p>\n<p>Jako obchodn\u00ed a servisn\u00ed firma dod\u00e1v\u00e1me autorizovan\u00fdm provozovn\u00e1m v evropsk\u00e9 s\u00edti na\u0161i rampu pro voz\u00ed\u010dk\u00e1\u0159e FlexiRamp a pom\u016fcku pro manipulaci s invalidn\u00edmi voz\u00edky Robot. Ob\u011b \u0159e\u0161en\u00ed jsou kompatibiln\u00ed s mnoha modely v\u00fdrobc\u016f vozidel Volkswagen, \u0160koda, Fiat, Ford, Toyota a francouzsk\u00e9 skupiny PSA (mj. Citro\u00ebn, Peugeot, Opel). <\/p>\n<p>Nav\u00edc dod\u00e1v\u00e1me i produkty na\u0161ich partner\u016f. P\u0159i v\u00fdb\u011bru na\u0161ich partner\u016f se \u0159\u00edd\u00edme stejn\u00fdmi n\u00e1roky, jak\u00e9 uplat\u0148ujeme u na\u0161ich vlastn\u00edch produkt\u016f. <\/p>\n\t\t\t\t\t\t<\/div>\n\t\t\t\t<\/div>\n\t\t\t\t\t<\/div>\n\t\t\t\t<\/div>\n\t\t\t\t\t\t\t<\/div>\n\t\t","protected":false},"excerpt":{"rendered":"<p>O firm\u011b API Pru\u017en\u00e1, precizn\u00ed a inovativn\u00ed Pro samostatn\u00fd a napln\u011bn\u00fd \u017eivot je d\u016fle\u017eit\u00e9 b\u00fdt mobiln\u00ed. Jsme API Deutschland a pom\u00e1h\u00e1me lidem s handicapem z\u00edskat a uchovat sebev\u011bdom\u00ed a nez\u00e1vislost. Na\u0161\u00ed motivac\u00ed je prost\u00e1 ot\u00e1zka: Jak je mo\u017en\u00e9 je\u0161t\u011b zlep\u0161it n\u011bco dobr\u00e9ho? Odpov\u011bd\u00ed na tuto ot\u00e1zku je v\u00edce ne\u017e 25 let na\u0161ich zku\u0161enost\u00ed a inovativn\u00edch &hellip;<\/p>\n<p class=\"read-more\"> <a class=\"\" href=\"https:\/\/api-mobility.com\/cs\/o-firme-api\/\"> <span class=\"screen-reader-text\">O firm\u011b API<\/span> \u010c\u00edst d\u00e1l \u00bb<\/a><\/p>\n","protected":false},"author":1,"featured_media":0,"parent":0,"menu_order":0,"comment_status":"closed","ping_status":"closed","template":"","meta":{"inline_featured_image":false,"site-sidebar-layout":"no-sidebar","site-content-layout":"page-builder","ast-site-content-layout":"","site-content-style":"default","site-sidebar-style":"default","ast-global-header-display":"","ast-banner-title-visibility":"","ast-main-header-display":"","ast-hfb-above-header-display":"","ast-hfb-below-header-display":"","ast-hfb-mobile-header-display":"","site-post-title":"disabled","ast-breadcrumbs-content":"","ast-featured-img":"disabled","footer-sml-layout":"","theme-transparent-header-meta":"","adv-header-id-meta":"","stick-header-meta":"","header-above-stick-meta":"","header-main-stick-meta":"","header-below-stick-meta":"","astra-migrate-meta-layouts":"default","ast-page-background-enabled":"default","ast-page-background-meta":{"desktop":{"background-color":"var(--ast-global-color-4)","background-image":"","background-repeat":"repeat","background-position":"center center","background-size":"auto","background-attachment":"scroll","background-type":"","background-media":"","overlay-type":"","overlay-color":"","overlay-gradient":""},"tablet":{"background-color":"","background-image":"","background-repeat":"repeat","background-position":"center center","background-size":"auto","background-attachment":"scroll","background-type":"","background-media":"","overlay-type":"","overlay-color":"","overlay-gradient":""},"mobile":{"background-color":"","background-image":"","background-repeat":"repeat","background-position":"center center","background-size":"auto","background-attachment":"scroll","background-type":"","background-media":"","overlay-type":"","overlay-color":"","overlay-gradient":""}},"ast-content-background-meta":{"desktop":{"background-color":"var(--ast-global-color-5)","background-image":"","background-repeat":"repeat","background-position":"center center","background-size":"auto","background-attachment":"scroll","background-type":"","background-media":"","overlay-type":"","overlay-color":"","overlay-gradient":""},"tablet":{"background-color":"var(--ast-global-color-5)","background-image":"","background-repeat":"repeat","background-position":"center center","background-size":"auto","background-attachment":"scroll","background-type":"","background-media":"","overlay-type":"","overlay-color":"","overlay-gradient":""},"mobile":{"background-color":"var(--ast-global-color-5)","background-image":"","background-repeat":"repeat","background-position":"center center","background-size":"auto","background-attachment":"scroll","background-type":"","background-media":"","overlay-type":"","overlay-color":"","overlay-gradient":""}},"footnotes":""},"yoast_head":"<!-- This site is optimized with the Yoast SEO plugin v21.7 - https:\/\/yoast.com\/wordpress\/plugins\/seo\/ -->\n<title>O firm\u011b API |<\/title>\n<meta name=\"robots\" content=\"index, follow, max-snippet:-1, max-image-preview:large, max-video-preview:-1\" \/>\n<link rel=\"canonical\" href=\"https:\/\/api-mobility.com\/about-api\/\" \/>\n<meta property=\"og:locale\" content=\"cs_CZ\" \/>\n<meta property=\"og:type\" content=\"article\" \/>\n<meta property=\"og:title\" content=\"O firm\u011b API |\" \/>\n<meta property=\"og:description\" content=\"O firm\u011b API Pru\u017en\u00e1, precizn\u00ed a inovativn\u00ed Pro samostatn\u00fd a napln\u011bn\u00fd \u017eivot je d\u016fle\u017eit\u00e9 b\u00fdt mobiln\u00ed. Jsme API Deutschland a pom\u00e1h\u00e1me lidem s handicapem z\u00edskat a uchovat sebev\u011bdom\u00ed a nez\u00e1vislost. Na\u0161\u00ed motivac\u00ed je prost\u00e1 ot\u00e1zka: Jak je mo\u017en\u00e9 je\u0161t\u011b zlep\u0161it n\u011bco dobr\u00e9ho? Odpov\u011bd\u00ed na tuto ot\u00e1zku je v\u00edce ne\u017e 25 let na\u0161ich zku\u0161enost\u00ed a inovativn\u00edch &hellip; O firm\u011b API \u010c\u00edst d\u00e1l \u00bb\" \/>\n<meta property=\"og:url\" content=\"https:\/\/api-mobility.com\/about-api\/\" \/>\n<meta property=\"article:modified_time\" content=\"2023-07-04T14:53:21+00:00\" \/>\n<meta property=\"og:image\" content=\"https:\/\/api-mobility.com\/wp-content\/uploads\/2020\/11\/api_inklusion_dabeisein.jpg\" \/>\n<meta name=\"twitter:card\" content=\"summary_large_image\" \/>\n<meta name=\"twitter:label1\" content=\"Odhadovan\u00e1 doba \u010dten\u00ed\" \/>\n\t<meta name=\"twitter:data1\" content=\"2 minuty\" \/>\n<script type=\"application\/ld+json\" class=\"yoast-schema-graph\">{\"@context\":\"https:\/\/schema.org\",\"@graph\":[{\"@type\":\"WebPage\",\"@id\":\"https:\/\/api-mobility.com\/about-api\/\",\"url\":\"https:\/\/api-mobility.com\/about-api\/\",\"name\":\"O firm\u011b API |\",\"isPartOf\":{\"@id\":\"https:\/\/api-mobility.com\/#website\"},\"datePublished\":\"2023-07-04T14:53:20+00:00\",\"dateModified\":\"2023-07-04T14:53:21+00:00\",\"breadcrumb\":{\"@id\":\"https:\/\/api-mobility.com\/about-api\/#breadcrumb\"},\"inLanguage\":\"cs\",\"potentialAction\":[{\"@type\":\"ReadAction\",\"target\":[\"https:\/\/api-mobility.com\/about-api\/\"]}]},{\"@type\":\"BreadcrumbList\",\"@id\":\"https:\/\/api-mobility.com\/about-api\/#breadcrumb\",\"itemListElement\":[{\"@type\":\"ListItem\",\"position\":1,\"name\":\"Startseite\",\"item\":\"https:\/\/api-mobility.com\/\"},{\"@type\":\"ListItem\",\"position\":2,\"name\":\"O firm\u011b API\"}]},{\"@type\":\"WebSite\",\"@id\":\"https:\/\/api-mobility.com\/#website\",\"url\":\"https:\/\/api-mobility.com\/\",\"name\":\"API Mobility\",\"description\":\"Conversions Without Limits\",\"publisher\":{\"@id\":\"https:\/\/api-mobility.com\/#organization\"},\"alternateName\":\"API Mobility\",\"potentialAction\":[{\"@type\":\"SearchAction\",\"target\":{\"@type\":\"EntryPoint\",\"urlTemplate\":\"https:\/\/api-mobility.com\/?s={search_term_string}\"},\"query-input\":\"required name=search_term_string\"}],\"inLanguage\":\"cs\"},{\"@type\":\"Organization\",\"@id\":\"https:\/\/api-mobility.com\/#organization\",\"name\":\"API\",\"url\":\"https:\/\/api-mobility.com\/\",\"logo\":{\"@type\":\"ImageObject\",\"inLanguage\":\"cs\",\"@id\":\"https:\/\/api-mobility.com\/#\/schema\/logo\/image\/\",\"url\":\"https:\/\/api-mobility.com\/wp-content\/uploads\/2020\/10\/api-logo.png\",\"contentUrl\":\"https:\/\/api-mobility.com\/wp-content\/uploads\/2020\/10\/api-logo.png\",\"width\":418,\"height\":610,\"caption\":\"API\"},\"image\":{\"@id\":\"https:\/\/api-mobility.com\/#\/schema\/logo\/image\/\"}}]}<\/script>\n<!-- \/ Yoast SEO plugin. -->","yoast_head_json":{"title":"O firm\u011b API |","robots":{"index":"index","follow":"follow","max-snippet":"max-snippet:-1","max-image-preview":"max-image-preview:large","max-video-preview":"max-video-preview:-1"},"canonical":"https:\/\/api-mobility.com\/about-api\/","og_locale":"cs_CZ","og_type":"article","og_title":"O firm\u011b API |","og_description":"O firm\u011b API Pru\u017en\u00e1, precizn\u00ed a inovativn\u00ed Pro samostatn\u00fd a napln\u011bn\u00fd \u017eivot je d\u016fle\u017eit\u00e9 b\u00fdt mobiln\u00ed. Jsme API Deutschland a pom\u00e1h\u00e1me lidem s handicapem z\u00edskat a uchovat sebev\u011bdom\u00ed a nez\u00e1vislost. Na\u0161\u00ed motivac\u00ed je prost\u00e1 ot\u00e1zka: Jak je mo\u017en\u00e9 je\u0161t\u011b zlep\u0161it n\u011bco dobr\u00e9ho? Odpov\u011bd\u00ed na tuto ot\u00e1zku je v\u00edce ne\u017e 25 let na\u0161ich zku\u0161enost\u00ed a inovativn\u00edch &hellip; O firm\u011b API \u010c\u00edst d\u00e1l \u00bb","og_url":"https:\/\/api-mobility.com\/about-api\/","article_modified_time":"2023-07-04T14:53:21+00:00","og_image":[{"url":"https:\/\/api-mobility.com\/wp-content\/uploads\/2020\/11\/api_inklusion_dabeisein.jpg"}],"twitter_card":"summary_large_image","twitter_misc":{"Odhadovan\u00e1 doba \u010dten\u00ed":"2 minuty"},"schema":{"@context":"https:\/\/schema.org","@graph":[{"@type":"WebPage","@id":"https:\/\/api-mobility.com\/about-api\/","url":"https:\/\/api-mobility.com\/about-api\/","name":"O firm\u011b API |","isPartOf":{"@id":"https:\/\/api-mobility.com\/#website"},"datePublished":"2023-07-04T14:53:20+00:00","dateModified":"2023-07-04T14:53:21+00:00","breadcrumb":{"@id":"https:\/\/api-mobility.com\/about-api\/#breadcrumb"},"inLanguage":"cs","potentialAction":[{"@type":"ReadAction","target":["https:\/\/api-mobility.com\/about-api\/"]}]},{"@type":"BreadcrumbList","@id":"https:\/\/api-mobility.com\/about-api\/#breadcrumb","itemListElement":[{"@type":"ListItem","position":1,"name":"Startseite","item":"https:\/\/api-mobility.com\/"},{"@type":"ListItem","position":2,"name":"O firm\u011b API"}]},{"@type":"WebSite","@id":"https:\/\/api-mobility.com\/#website","url":"https:\/\/api-mobility.com\/","name":"API Mobility","description":"Conversions Without Limits","publisher":{"@id":"https:\/\/api-mobility.com\/#organization"},"alternateName":"API Mobility","potentialAction":[{"@type":"SearchAction","target":{"@type":"EntryPoint","urlTemplate":"https:\/\/api-mobility.com\/?s={search_term_string}"},"query-input":"required name=search_term_string"}],"inLanguage":"cs"},{"@type":"Organization","@id":"https:\/\/api-mobility.com\/#organization","name":"API","url":"https:\/\/api-mobility.com\/","logo":{"@type":"ImageObject","inLanguage":"cs","@id":"https:\/\/api-mobility.com\/#\/schema\/logo\/image\/","url":"https:\/\/api-mobility.com\/wp-content\/uploads\/2020\/10\/api-logo.png","contentUrl":"https:\/\/api-mobility.com\/wp-content\/uploads\/2020\/10\/api-logo.png","width":418,"height":610,"caption":"API"},"image":{"@id":"https:\/\/api-mobility.com\/#\/schema\/logo\/image\/"}}]}},"_links":{"self":[{"href":"https:\/\/api-mobility.com\/cs\/wp-json\/wp\/v2\/pages\/5821"}],"collection":[{"href":"https:\/\/api-mobility.com\/cs\/wp-json\/wp\/v2\/pages"}],"about":[{"href":"https:\/\/api-mobility.com\/cs\/wp-json\/wp\/v2\/types\/page"}],"author":[{"embeddable":true,"href":"https:\/\/api-mobility.com\/cs\/wp-json\/wp\/v2\/users\/1"}],"replies":[{"embeddable":true,"href":"https:\/\/api-mobility.com\/cs\/wp-json\/wp\/v2\/comments?post=5821"}],"version-history":[{"count":1,"href":"https:\/\/api-mobility.com\/cs\/wp-json\/wp\/v2\/pages\/5821\/revisions"}],"predecessor-version":[{"id":5822,"href":"https:\/\/api-mobility.com\/cs\/wp-json\/wp\/v2\/pages\/5821\/revisions\/5822"}],"wp:attachment":[{"href":"https:\/\/api-mobility.com\/cs\/wp-json\/wp\/v2\/media?parent=5821"}],"curies":[{"name":"wp","href":"https:\/\/api.w.org\/{rel}","templated":true}]}}